{"id":2360,"date":"2026-02-02T17:39:38","date_gmt":"2026-02-02T16:39:38","guid":{"rendered":"https:\/\/campingcabestan.com\/privacybeleid\/"},"modified":"2026-02-03T14:14:03","modified_gmt":"2026-02-03T13:14:03","slug":"privacybeleid","status":"publish","type":"page","link":"https:\/\/campingcabestan.com\/nl\/privacybeleid\/","title":{"rendered":"Privacybeleid"},"content":{"rendered":"\n<div class=\"wp-block-group alignfull hero-lab has-global-padding is-layout-constrained wp-container-core-group-is-layout-01743b57 wp-block-group-is-layout-constrained has-background\" style=\"padding-top:15rem;padding-bottom:15rem;background-image:url(&apos;https:\/\/campingcabestan.com\/wp-content\/uploads\/2026\/01\/mer.webp&apos;);background-position:50% 70%;background-size:cover;\"><div class=\"aligncenter wp-block-site-logo\"><a href=\"https:\/\/campingcabestan.com\/nl\/\" class=\"custom-logo-link\" rel=\"home\"><img decoding=\"async\" width=\"250\" height=\"174\" src=\"https:\/\/campingcabestan.com\/wp-content\/uploads\/2026\/01\/logo.png\" class=\"custom-logo\" alt=\"Logo de Cabestan Camping &amp; Locations\" \/><\/a><\/div>\n\n\n<h1 class=\"wp-block-heading has-text-align-center is-style-default has-white-color has-text-color has-link-color has-xxxxxl-font-size wp-elements-504546ba879665b21972921711708913\">privacybeleid<\/h1>\n\n\n\n<p class=\"has-text-align-center is-style-top-title has-white-color has-text-color has-link-color has-xxxxxl-font-size wp-elements-9742460d443e0e4d7f9b45cf79ac2cbd is-style-top-title--1\" style=\"font-style:normal;font-weight:400\">camping Cabestan<\/p>\n<\/div>\n<div style=\"padding-left:var(--wp--preset--spacing--s);padding-top:var(--wp--preset--spacing--s);padding-bottom:var(--wp--preset--spacing--s);\" class=\"alignfull wp-elements-84d4f65cc985c7a61634468535819da2 wp-block-wpseopress-breadcrumbs has-text-color has-primary-color\"><nav  aria-label=\"breadcrumb\"><ol class=\"breadcrumb\" itemscope itemtype=\"https:\/\/schema.org\/BreadcrumbList\"><li class=\"breadcrumb-item active\" aria-current=\"page\" itemprop=\"itemListElement\" itemscope itemtype=\"https:\/\/schema.org\/ListItem\"><span itemprop=\"name\">Camping Br\u00e9tignolles-sur-Mer<\/span><meta itemprop=\"position\" content=\"1\"><\/li><\/ol><\/nav><\/div>\n<div style=\"height:var(--wp--preset--spacing--xxxxxl)\" aria-hidden=\"true\" class=\"wp-block-spacer\"><\/div>\n\n<p>Raadpleeg hieronder het privacybeleid van onze camping in Cabestan.<\/p>\n\n<div style=\"height:var(--wp--preset--spacing--xl)\" aria-hidden=\"true\" class=\"wp-block-spacer\"><\/div>\n\n<h2 class=\"wp-block-heading\"><strong>Collecte de l\u2019information<\/strong><\/h2>\n\n<p>Nous recueillons des informations lorsque vous naviguez sur le site, lorsque vous passez une commande et lorsque vous remplissez l\u2019un des formulaires.<\/p>\n\n<p>En outre, nous recevons et enregistrons automatiquement des informations \u00e0 partir de votre ordinateur et navigateur, comme :<\/p>\n\n<p>IP-adres<\/p>\n\n<p>Type hardware en gebruikte browser<\/p>\n\n<p>Pagina(&#8216;s) die u bekijkt<\/p>\n\n<div style=\"height:32px\" aria-hidden=\"true\" class=\"wp-block-spacer\"><\/div>\n\n<h2 class=\"wp-block-heading\"><strong>Utilisation des informations<\/strong><\/h2>\n\n<p>Alle informatie die we van u verzamelen kan worden gebruikt voor :<\/p>\n\n<p>Personnaliser votre exp\u00e9rience et r\u00e9pondre \u00e0 vos besoins individuels<\/p>\n\n<p>Fournir un contenu publicitaire personnalis\u00e9<\/p>\n\n<p>Am\u00e9liorer notre site Web<\/p>\n\n<p>Am\u00e9liorer le service client et vos besoins de prise en charge<\/p>\n\n<p>Vous contacter par email<\/p>\n\n<p>Administrer un concours, une promotion, ou une enqu\u00eate<\/p>\n\n<div style=\"height:32px\" aria-hidden=\"true\" class=\"wp-block-spacer\"><\/div>\n\n<h2 class=\"wp-block-heading\"><strong>Divulgation \u00e0 des tiers<\/strong><\/h2>\n\n<p>Wij verkopen, verhandelen of geven uw persoonlijk identificeerbare informatie niet door aan derden. Dit geldt niet voor vertrouwde derden die ons helpen bij het beheren van onze website, zolang deze partijen ermee instemmen deze informatie vertrouwelijk te behandelen. <\/p>\n\n<p>Les informations non-priv\u00e9es, cependant, peuvent \u00eatre fournies \u00e0 d\u2019autres parties pour le marketing, la publicit\u00e9, ou d\u2019autres utilisations.<\/p>\n\n<div style=\"height:32px\" aria-hidden=\"true\" class=\"wp-block-spacer\"><\/div>\n\n<h2 class=\"wp-block-heading\"><strong>Bescherming van informatie<\/strong><\/h2>\n\n<p>Nous mettons en \u0153uvre une vari\u00e9t\u00e9 de mesures de s\u00e9curit\u00e9 pour pr\u00e9server la s\u00e9curit\u00e9 de vos informations personnelles :<\/p>\n\n<p>Protocole SSL<\/p>\n\n<p>Gestion des acc\u00e8s par login\/mot de passe<\/p>\n\n<p>Logiciels de surveillance r\u00e9seau<\/p>\n\n<p>Sauvegardes informatiques multiples<\/p>\n\n<p>Pare-feu<\/p>\n\n<p>We beschermen je informatie ook offline. Alleen werknemers die een specifieke taak moeten uitvoeren (bijvoorbeeld facturering of klantenservice) hebben toegang tot persoonlijk identificeerbare informatie. De computers en servers die worden gebruikt om persoonlijk identificeerbare informatie op te slaan, staan in een beveiligde omgeving.  <\/p>\n\n<div style=\"height:32px\" aria-hidden=\"true\" class=\"wp-block-spacer\"><\/div>\n\n<h2 class=\"wp-block-heading\"><strong>Cookies<\/strong><\/h2>\n\n<p>Cookies zijn tekstbestanden, vaak gecodeerd, die in uw browser worden opgeslagen. Ze worden aangemaakt wanneer de browser van een gebruiker een bepaalde website laadt: de site stuurt informatie naar de browser, die vervolgens een tekstbestand aanmaakt. Telkens wanneer de gebruiker terugkeert naar dezelfde site, haalt de browser dit bestand op en stuurt het naar de server van de website.  <\/p>\n\n<p>Er zijn twee soorten cookies, die niet hetzelfde doel dienen: technische cookies en advertentiecookies:<\/p>\n\n<p>Cookies zijn tekstbestanden, vaak gecodeerd, die in uw browser worden opgeslagen. Ze worden aangemaakt wanneer de browser van een gebruiker een bepaalde website laadt: de site stuurt informatie naar de browser, die vervolgens een tekstbestand aanmaakt. Telkens wanneer de gebruiker terugkeert naar dezelfde site, haalt de browser dit bestand op en stuurt het naar de server van de website.  <\/p>\n\n<p>Er zijn twee soorten cookies, die niet hetzelfde doel dienen: technische cookies en advertentiecookies:<\/p>\n\n<p>We gebruiken technische cookies en advertentiecookies.<\/p>\n\n<p>We gebruiken Google Analytics, een statistisch hulpmiddel voor publieksanalyse dat een cookie genereert om het aantal bezoeken, het aantal bekeken pagina&#8217;s en de bezoekersactiviteit te meten. Uw IP-adres wordt ook verzameld om te bepalen vanuit welke stad u verbinding maakt. <\/p>\n\n<p>We willen u eraan herinneren dat u technische en advertentiecookies kunt weigeren door uw browser te configureren. Meer informatie over het gebruik van cookies vindt u op de website van de CNIL: http: <a href=\"http:\/\/www.cnil.fr\/vos-droits\/vos-traces\/les-cookies\/\" target=\"_blank\" rel=\"noreferrer noopener\">\/\/www.cnil.fr\/vos-droits\/vos-traces\/les-cookies\/<\/a> <\/p>\n\n<p>Een dergelijke weigering kan echter verhinderen dat de website naar behoren functioneert.<\/p>\n\n<div style=\"height:32px\" aria-hidden=\"true\" class=\"wp-block-spacer\"><\/div>\n\n<h2 class=\"wp-block-heading\"><strong>Afmelden<\/strong><\/h2>\n\n<p>Wij gebruiken het door u opgegeven e-mailadres om u informatie en updates te sturen met betrekking tot uw bestelling, incidentele nieuwsberichten, productinformatie, nieuwe producten, enz. Als u zich op enig moment wilt afmelden en geen e-mails meer wilt ontvangen, kunt u dit aanvragen door het volgende formulier in te vullen <strong><a href=\"https:\/\/www.campingclosdubourg.com\/contact-acces\/\">dit formulier<\/a><\/strong>. <\/p>\n\n<div style=\"height:32px\" aria-hidden=\"true\" class=\"wp-block-spacer\"><\/div>\n\n<h2 class=\"wp-block-heading\"><strong>Droit d\u2019acc\u00e8s, de modification et de suppression de vos donn\u00e9es<\/strong><\/h2>\n\n<p>Als u op enig moment toegang wilt tot uw persoonlijke gegevens, of als u deze wilt wijzigen of verwijderen, kunt u hiertoe een verzoek indienen via dit formulier.<\/p>\n\n<p>Wij bieden u het recht om bezwaar te maken tegen uw persoonlijke gegevens en deze in te trekken. Het recht om bezwaar te maken houdt in dat internetgebruikers kunnen weigeren dat hun persoonlijke gegevens worden gebruikt voor bepaalde doeleinden die worden genoemd op het moment dat de gegevens worden verzameld. <\/p>\n\n<p>Neem contact met ons op om deze rechten uit te oefenen:<\/p>\n\n<p>Camping La Pin\u00e8de<\/p>\n\n<p>24 Rte de Saint-Gilles, 85470 Bretignolles-sur-Mer<\/p>\n\n<p><a href=\"tel:+33251901592\" data-type=\"tel\" data-id=\"tel:+33251901592\">02.51.90.15.92<\/a><\/p>\n\n<p><a href=\"mailto:info@campingcabestan.com\">info@campingcabestan.com<\/a><\/p>\n\n<div style=\"height:32px\" aria-hidden=\"true\" class=\"wp-block-spacer\"><\/div>\n\n<h2 class=\"wp-block-heading\"><strong>Bewaren van gegevens<\/strong><\/h2>\n\n<p>De persoonlijke gegevens van onze webgebruikers worden maximaal 36 maanden bewaard.<\/p>\n\n<div style=\"height:32px\" aria-hidden=\"true\" class=\"wp-block-spacer\"><\/div>\n\n<h2 class=\"wp-block-heading\"><strong>Toestemming<\/strong><\/h2>\n\n<p>Door onze site te gebruiken, gaat u akkoord met ons privacybeleid.<\/p>\n\n<div style=\"height:50px\" aria-hidden=\"true\" class=\"wp-block-spacer\"><\/div>\n","protected":false},"excerpt":{"rendered":"<p>privacybeleid camping Cabestan Raadpleeg hieronder het privacybeleid van onze camping in Cabestan. Collecte de l\u2019information Nous recueillons des informations lorsque vous naviguez sur le site, lorsque vous passez une commande et lorsque vous remplissez l\u2019un des formulaires. En outre, nous recevons et enregistrons automatiquement des informations \u00e0 partir de votre ordinateur et navigateur, comme : [&hellip;]<\/p>\n","protected":false},"featured_media":0,"parent":0,"menu_order":0,"comment_status":"closed","ping_status":"closed","template":"page-full-width","meta":{"_acf_changed":false,"_seopress_robots_primary_cat":"","_seopress_titles_title":"Privacybeleid | Camping Cabestan in Br\u00e9tignolles-sur-Mer","_seopress_titles_desc":"Privacybeleid van de 3-sterren camping Cabestan in Br\u00e9tignolles-sur-Mer in de Vend\u00e9e.","_seopress_robots_index":"","footnotes":""},"class_list":["post-2360","page","type-page","status-publish","hentry"],"acf":[],"_links":{"self":[{"href":"https:\/\/campingcabestan.com\/nl\/wp-json\/wp\/v2\/pages\/2360","targetHints":{"allow":["GET"]}}],"collection":[{"href":"https:\/\/campingcabestan.com\/nl\/wp-json\/wp\/v2\/pages"}],"about":[{"href":"https:\/\/campingcabestan.com\/nl\/wp-json\/wp\/v2\/types\/page"}],"author":[{"embeddable":true,"href":"https:\/\/campingcabestan.com\/nl\/wp-json\/wp\/v2\/users\/1"}],"replies":[{"embeddable":true,"href":"https:\/\/campingcabestan.com\/nl\/wp-json\/wp\/v2\/comments?post=2360"}],"version-history":[{"count":1,"href":"https:\/\/campingcabestan.com\/nl\/wp-json\/wp\/v2\/pages\/2360\/revisions"}],"predecessor-version":[{"id":2361,"href":"https:\/\/campingcabestan.com\/nl\/wp-json\/wp\/v2\/pages\/2360\/revisions\/2361"}],"wp:attachment":[{"href":"https:\/\/campingcabestan.com\/nl\/wp-json\/wp\/v2\/media?parent=2360"}],"curies":[{"name":"wp","href":"https:\/\/api.w.org\/{rel}","templated":true}]}}