{"id":1946,"date":"2026-01-13T16:05:02","date_gmt":"2026-01-13T15:05:02","guid":{"rendered":"https:\/\/campingcabestan.com\/amusement\/"},"modified":"2026-02-03T14:07:05","modified_gmt":"2026-02-03T13:07:05","slug":"amusement","status":"publish","type":"page","link":"https:\/\/campingcabestan.com\/nl\/amusement\/","title":{"rendered":"Amusement"},"content":{"rendered":"\n<div class=\"wp-block-group alignfull hero-lab has-global-padding is-layout-constrained wp-container-core-group-is-layout-01743b57 wp-block-group-is-layout-constrained has-background\" style=\"padding-top:15rem;padding-bottom:15rem;background-image:url(&apos;https:\/\/campingcabestan.com\/wp-content\/uploads\/2026\/01\/concert-outdoor.webp&apos;);background-position:48% 72%;background-size:cover;\"><div class=\"aligncenter wp-block-site-logo\"><a href=\"https:\/\/campingcabestan.com\/nl\/\" class=\"custom-logo-link\" rel=\"home\"><img decoding=\"async\" width=\"250\" height=\"174\" src=\"https:\/\/campingcabestan.com\/wp-content\/uploads\/2026\/01\/logo.png\" class=\"custom-logo\" alt=\"Logo de Cabestan Camping &amp; Locations\" \/><\/a><\/div>\n\n\n<h1 class=\"wp-block-heading has-text-align-center is-style-default has-white-color has-text-color has-link-color has-xxxxxl-font-size wp-elements-d3d24075b89fe4b39074fbf029aed015\">Camping met animaties in Br\u00e9tignolles-sur-Mer<\/h1>\n\n\n\n<p class=\"has-text-align-center is-style-top-title has-white-color has-text-color has-link-color has-xxxxxl-font-size wp-elements-eb3898a35c0e88aee4d69533c2f3ae71 is-style-top-title--1\" style=\"font-style:normal;font-weight:400\">in de Vend\u00e9e<\/p>\n<\/div>\n<div style=\"padding-left:var(--wp--preset--spacing--s);padding-top:var(--wp--preset--spacing--s);padding-bottom:var(--wp--preset--spacing--s);\" class=\"alignfull wp-elements-84d4f65cc985c7a61634468535819da2 wp-block-wpseopress-breadcrumbs has-text-color has-primary-color\"><nav  aria-label=\"breadcrumb\"><ol class=\"breadcrumb\" itemscope itemtype=\"https:\/\/schema.org\/BreadcrumbList\"><li class=\"breadcrumb-item active\" aria-current=\"page\" itemprop=\"itemListElement\" itemscope itemtype=\"https:\/\/schema.org\/ListItem\"><span itemprop=\"name\">Camping Br\u00e9tignolles-sur-Mer<\/span><meta itemprop=\"position\" content=\"1\"><\/li><\/ol><\/nav><\/div>\n<div style=\"height:var(--wp--preset--spacing--xxxxxl)\" aria-hidden=\"true\" class=\"wp-block-spacer\"><\/div>\n\n<div class=\"wp-block-columns alignwide are-vertically-aligned-center hrz-responsive-col hrz-reponsive-order is-layout-flex wp-container-core-columns-is-layout-3f562962 wp-block-columns-is-layout-flex\" style=\"margin-top:0;margin-bottom:0;padding-top:0;padding-right:var(--wp--preset--spacing--xxl);padding-bottom:0;padding-left:var(--wp--preset--spacing--xxl)\">\n<div class=\"wp-block-column is-vertically-aligned-center is-layout-flow wp-block-column-is-layout-flow\">\n<figure class=\"wp-block-image size-full\"><img alt=\"\" decoding=\"async\" width=\"600\" height=\"600\" src=\"https:\/\/campingcabestan.com\/wp-content\/uploads\/2026\/01\/sejour-anime-au-camping.webp\" alt=\"\" class=\"wp-image-524\" style=\"aspect-ratio:3\/4;object-fit:cover\" srcset=\"https:\/\/campingcabestan.com\/wp-content\/uploads\/2026\/01\/sejour-anime-au-camping.webp 600w, https:\/\/campingcabestan.com\/wp-content\/uploads\/2026\/01\/sejour-anime-au-camping-300x300.webp 300w, https:\/\/campingcabestan.com\/wp-content\/uploads\/2026\/01\/sejour-anime-au-camping-150x150.webp 150w, https:\/\/campingcabestan.com\/wp-content\/uploads\/2026\/01\/sejour-anime-au-camping-400x400.webp 400w, https:\/\/campingcabestan.com\/wp-content\/uploads\/2026\/01\/sejour-anime-au-camping-200x200.webp 200w, https:\/\/campingcabestan.com\/wp-content\/uploads\/2026\/01\/sejour-anime-au-camping-100x100.webp 100w\" sizes=\"(max-width: 600px) 100vw, 600px\" \/><\/figure>\n<\/div>\n\n\n\n<div class=\"wp-block-column is-vertically-aligned-center is-layout-flow wp-block-column-is-layout-flow\" style=\"padding-top:0;padding-right:0;padding-bottom:0;padding-left:0\">\n<p class=\"is-style-top-title is-style-top-title--2\">Amusement<\/p>\n\n\n\n<h2 class=\"wp-block-heading\" style=\"margin-bottom:var(--wp--preset--spacing--xxl)\">voor alle<\/h2>\n\n\n\n<p>Dompel je onder in een <strong>wervelwind van entertainment<\/strong> tijdens je verblijf op onze <a href=\"https:\/\/campingcabestan.com\/\">familiecamping in Br\u00e9tignolles-sur-Mer<\/a>.<\/p>\n\n\n\n<p>Voor oudere kinderen en gezinnen biedt onze camping een gevarieerd <strong>animatieprogramma<\/strong> voor volwassenen en gezinnen, voor elk wat wils. Met <strong>sporttoernooien<\/strong>, <strong>shows<\/strong>, <strong>avondconcerten <\/strong>en <strong>thema-activiteiten<\/strong> belooft elke dag onvergetelijke momenten met familie en vrienden. <\/p>\n\n\n\n<p>Laat je meeslepen door <strong>de feestelijke, gezellige sfeer<\/strong> die heerst op onze familiecamping! Hier is elke dag een nieuwe gelegenheid om momenten van gezelligheid en goed humeur te delen. Of je nu <strong>van dansen<\/strong>, <strong>muziek <\/strong>of <strong>spelletjes<\/strong> houdt, je vindt zeker iets van je gading in ons <strong>animatieprogramma<\/strong>.  <\/p>\n<\/div>\n<\/div>\n\n<div style=\"height:var(--wp--preset--spacing--xxxxxl)\" aria-hidden=\"true\" class=\"wp-block-spacer\"><\/div>\n\n<div class=\"wp-block-group alignfull hrz-galerie-1 anim_element_bottom has-global-padding is-layout-constrained wp-block-group-is-layout-constrained\">\n<div class=\"wp-block-cover alignfull is-light hrz-galerie-1-cover\" style=\"padding-top:var(--wp--preset--spacing--xxxxxl);padding-right:var(--wp--preset--spacing--xxxxxl);padding-bottom:var(--wp--preset--spacing--xxxxxl);padding-left:var(--wp--preset--spacing--xxxxxl)\"><img alt=\"Groupe de musique jouant en plein air au cr\u00e9puscule.\" decoding=\"async\" width=\"1200\" height=\"900\" class=\"wp-block-cover__image-background wp-image-539 size-full\" alt=\"\" src=\"https:\/\/campingcabestan.com\/wp-content\/uploads\/2026\/01\/animation-concert-camping-cabestan.webp\" data-object-fit=\"cover\" srcset=\"https:\/\/campingcabestan.com\/wp-content\/uploads\/2026\/01\/animation-concert-camping-cabestan.webp 1200w, https:\/\/campingcabestan.com\/wp-content\/uploads\/2026\/01\/animation-concert-camping-cabestan-300x225.webp 300w, https:\/\/campingcabestan.com\/wp-content\/uploads\/2026\/01\/animation-concert-camping-cabestan-1024x768.webp 1024w, https:\/\/campingcabestan.com\/wp-content\/uploads\/2026\/01\/animation-concert-camping-cabestan-768x576.webp 768w, https:\/\/campingcabestan.com\/wp-content\/uploads\/2026\/01\/animation-concert-camping-cabestan-720x540.webp 720w, https:\/\/campingcabestan.com\/wp-content\/uploads\/2026\/01\/animation-concert-camping-cabestan-320x240.webp 320w, https:\/\/campingcabestan.com\/wp-content\/uploads\/2026\/01\/animation-concert-camping-cabestan-160x120.webp 160w\" sizes=\"(max-width: 1200px) 100vw, 1200px\" \/><span aria-hidden=\"true\" class=\"wp-block-cover__background has-real-black-background-color has-background-dim-20 has-background-dim\"><\/span><div class=\"wp-block-cover__inner-container has-global-padding is-layout-constrained wp-container-core-cover-is-layout-143ab919 wp-block-cover-is-layout-constrained\">\n<p class=\"has-text-align-center is-style-top-title has-real-white-color has-text-color has-link-color has-xxxxl-font-size wp-elements-e6697dc220b75e8165c43ee5ebd00025 is-style-top-title--3\">Uw avondentertainment<\/p>\n\n\n\n<h2 class=\"wp-block-heading has-text-align-center has-real-white-color has-text-color has-link-color wp-elements-03e086ff61920c6e143c2354a1ef994b\" style=\"margin-bottom:var(--wp--preset--spacing--xxl)\">in Bretignolles-sur-Mer<\/h2>\n\n\n\n<p class=\"has-text-align-center has-real-white-color has-text-color has-link-color wp-elements-3bb20ce0872bfce8e0104a496de4eef4\">Als de avond valt, licht onze camping met animaties in de Vend\u00e9e op om u <strong>even feestelijke als gezellige avonden<\/strong> te bieden. <strong>Concerten<\/strong>, <strong>voorstellingen<\/strong>, <strong>gezelschapsspelletjes<\/strong>&#8230; laat u meeslepen door de magie van onze <strong>nachtelijke animaties<\/strong>!<\/p>\n\n\n\n<p class=\"has-text-align-center has-real-white-color has-text-color has-link-color wp-elements-f13f8f053af98915122663bd286149b6\">Onze <strong>thema-avonden<\/strong> beloven onvergetelijke momenten van entertainment en samen delen, waar jong en oud plezier kunnen maken en samen kunnen ontspannen. Of je nu van <strong>muziek<\/strong>, <strong>dansen <\/strong>of <strong>spelletjes<\/strong> houdt, je vindt zeker wat je zoekt in onze selectie van nachtelijke activiteiten. <\/p>\n<\/div><\/div>\n<\/div>\n\n<div style=\"height:var(--wp--preset--spacing--xxxxxl)\" aria-hidden=\"true\" class=\"wp-block-spacer\"><\/div>\n\n<div class=\"wp-block-columns alignwide are-vertically-aligned-center hrz-responsive-col hrz-reponsive-order is-style-hrz-reponsive-order is-layout-flex wp-container-core-columns-is-layout-3f562962 wp-block-columns-is-layout-flex\" style=\"margin-top:0;margin-bottom:0;padding-top:0;padding-right:var(--wp--preset--spacing--xxl);padding-bottom:0;padding-left:var(--wp--preset--spacing--xxl)\">\n<div class=\"wp-block-column is-vertically-aligned-center is-layout-flow wp-block-column-is-layout-flow\" style=\"padding-top:0;padding-right:0;padding-bottom:0;padding-left:0\">\n<p class=\"is-style-top-title is-style-top-title--4\">Sportfaciliteiten<\/p>\n\n\n\n<h2 class=\"wp-block-heading\" style=\"margin-bottom:var(--wp--preset--spacing--xxl)\">voor jong en oud<\/h2>\n\n\n\n<p>Liefhebbers van <strong>sensatie<\/strong> en <strong>sportieve uitdagingen<\/strong> vinden genoeg te doen op onze camping. Van de kinderspeeltuin tot de <strong>multisportvelden<\/strong> en aquagymlessen, er is altijd wel iets te doen en plezier te beleven. <\/p>\n\n\n\n<p>Dankzij onze moderne, goed uitgeruste <strong>sportfaciliteiten<\/strong> kun je genieten van een breed scala aan buitenactiviteiten, ongeacht je niveau. Of je nu van <strong>voetbal<\/strong>, <strong>volleybal<\/strong>, <strong>basketbal <\/strong>of <strong>zwemmen<\/strong> houdt, op onze camping vind je zeker iets om je mee te vermaken. <\/p>\n<\/div>\n\n\n\n<div class=\"wp-block-column is-vertically-aligned-center is-layout-flow wp-block-column-is-layout-flow\">\n<figure class=\"wp-block-image size-full\"><img alt=\"Personnes jouent au ping-pong en plein air.\" decoding=\"async\" width=\"960\" height=\"720\" src=\"https:\/\/campingcabestan.com\/wp-content\/uploads\/2026\/01\/8d19e240-bf30-454a-aba7-f94daf9e41a6.webp\" alt=\"\" class=\"wp-image-675\" style=\"aspect-ratio:3\/4;object-fit:cover\" srcset=\"https:\/\/campingcabestan.com\/wp-content\/uploads\/2026\/01\/8d19e240-bf30-454a-aba7-f94daf9e41a6.webp 960w, https:\/\/campingcabestan.com\/wp-content\/uploads\/2026\/01\/8d19e240-bf30-454a-aba7-f94daf9e41a6-300x225.webp 300w, https:\/\/campingcabestan.com\/wp-content\/uploads\/2026\/01\/8d19e240-bf30-454a-aba7-f94daf9e41a6-768x576.webp 768w, https:\/\/campingcabestan.com\/wp-content\/uploads\/2026\/01\/8d19e240-bf30-454a-aba7-f94daf9e41a6-720x540.webp 720w, https:\/\/campingcabestan.com\/wp-content\/uploads\/2026\/01\/8d19e240-bf30-454a-aba7-f94daf9e41a6-320x240.webp 320w, https:\/\/campingcabestan.com\/wp-content\/uploads\/2026\/01\/8d19e240-bf30-454a-aba7-f94daf9e41a6-160x120.webp 160w\" sizes=\"(max-width: 960px) 100vw, 960px\" \/><\/figure>\n<\/div>\n<\/div>\n\n<div style=\"height:var(--wp--preset--spacing--xxxxxl)\" aria-hidden=\"true\" class=\"wp-block-spacer\"><\/div>\n\n<p><\/p>\n","protected":false},"excerpt":{"rendered":"<p>Camping met animaties in Br\u00e9tignolles-sur-Mer in de Vend\u00e9e Amusement voor alle Dompel je onder in een wervelwind van entertainment tijdens je verblijf op onze familiecamping in Br\u00e9tignolles-sur-Mer. Voor oudere kinderen en gezinnen biedt onze camping een gevarieerd animatieprogramma voor volwassenen en gezinnen, voor elk wat wils. Met sporttoernooien, shows, avondconcerten en thema-activiteiten belooft elke dag [&hellip;]<\/p>\n","protected":false},"featured_media":0,"parent":0,"menu_order":0,"comment_status":"closed","ping_status":"closed","template":"page-full-width","meta":{"_acf_changed":false,"_seopress_robots_primary_cat":"","_seopress_titles_title":"Camping met animaties Br\u00e9tignolles-sur-Mer | Animaties voor het hele gezin","_seopress_titles_desc":"Geniet van een onvergetelijke vakantie in Br\u00e9tignolles-sur-Mer op Camping Le Cabestan. Ontspanning, plezier en activiteiten voor jong en oud in de Vend\u00e9e. ","_seopress_robots_index":"","footnotes":""},"class_list":["post-1946","page","type-page","status-publish","hentry"],"acf":[],"_links":{"self":[{"href":"https:\/\/campingcabestan.com\/nl\/wp-json\/wp\/v2\/pages\/1946","targetHints":{"allow":["GET"]}}],"collection":[{"href":"https:\/\/campingcabestan.com\/nl\/wp-json\/wp\/v2\/pages"}],"about":[{"href":"https:\/\/campingcabestan.com\/nl\/wp-json\/wp\/v2\/types\/page"}],"author":[{"embeddable":true,"href":"https:\/\/campingcabestan.com\/nl\/wp-json\/wp\/v2\/users\/1"}],"replies":[{"embeddable":true,"href":"https:\/\/campingcabestan.com\/nl\/wp-json\/wp\/v2\/comments?post=1946"}],"version-history":[{"count":1,"href":"https:\/\/campingcabestan.com\/nl\/wp-json\/wp\/v2\/pages\/1946\/revisions"}],"predecessor-version":[{"id":1948,"href":"https:\/\/campingcabestan.com\/nl\/wp-json\/wp\/v2\/pages\/1946\/revisions\/1948"}],"wp:attachment":[{"href":"https:\/\/campingcabestan.com\/nl\/wp-json\/wp\/v2\/media?parent=1946"}],"curies":[{"name":"wp","href":"https:\/\/api.w.org\/{rel}","templated":true}]}}