{"id":1934,"date":"2026-01-13T16:05:03","date_gmt":"2026-01-13T15:05:03","guid":{"rendered":"https:\/\/campingcabestan.com\/juridische-informatie\/"},"modified":"2026-02-03T14:14:48","modified_gmt":"2026-02-03T13:14:48","slug":"juridische-informatie","status":"publish","type":"page","link":"https:\/\/campingcabestan.com\/nl\/juridische-informatie\/","title":{"rendered":"Juridische informatie"},"content":{"rendered":"\n<div class=\"wp-block-group alignfull hero-lab has-global-padding is-layout-constrained wp-container-core-group-is-layout-01743b57 wp-block-group-is-layout-constrained has-background\" style=\"padding-top:15rem;padding-bottom:15rem;background-image:url(&apos;https:\/\/campingcabestan.com\/wp-content\/uploads\/2026\/01\/mer.webp&apos;);background-position:50% 70%;background-size:cover;\"><div class=\"aligncenter wp-block-site-logo\"><a href=\"https:\/\/campingcabestan.com\/nl\/\" class=\"custom-logo-link\" rel=\"home\"><img decoding=\"async\" width=\"250\" height=\"174\" src=\"https:\/\/campingcabestan.com\/wp-content\/uploads\/2026\/01\/logo.png\" class=\"custom-logo\" alt=\"Logo de Cabestan Camping &amp; Locations\" \/><\/a><\/div>\n\n\n<h1 class=\"wp-block-heading has-text-align-center is-style-default has-white-color has-text-color has-link-color has-xxxxxl-font-size wp-elements-1d881dd12edd6eb30b90360fd59feafb\">Juridische informatie<\/h1>\n\n\n\n<p class=\"has-text-align-center is-style-top-title has-white-color has-text-color has-link-color has-xxxxxl-font-size wp-elements-9742460d443e0e4d7f9b45cf79ac2cbd is-style-top-title--1\" style=\"font-style:normal;font-weight:400\">camping Cabestan<\/p>\n<\/div>\n<div style=\"padding-left:var(--wp--preset--spacing--s);padding-top:var(--wp--preset--spacing--s);padding-bottom:var(--wp--preset--spacing--s);\" class=\"alignfull wp-elements-84d4f65cc985c7a61634468535819da2 wp-block-wpseopress-breadcrumbs has-text-color has-primary-color\"><nav  aria-label=\"breadcrumb\"><ol class=\"breadcrumb\" itemscope itemtype=\"https:\/\/schema.org\/BreadcrumbList\"><li class=\"breadcrumb-item active\" aria-current=\"page\" itemprop=\"itemListElement\" itemscope itemtype=\"https:\/\/schema.org\/ListItem\"><span itemprop=\"name\">Camping Br\u00e9tignolles-sur-Mer<\/span><meta itemprop=\"position\" content=\"1\"><\/li><\/ol><\/nav><\/div>\n<div style=\"height:var(--wp--preset--spacing--xxxxxl)\" aria-hidden=\"true\" class=\"wp-block-spacer\"><\/div>\n\n<h2 class=\"wp-block-heading has-primary-color has-text-color has-link-color wp-elements-33cb0e1b8c2f3fb86e8a67963756fd5a\" style=\"line-height:1\">Identiteit<\/h2>\n\n<p>Naam website: Camping Cabestan<br\/>Adres: https:\/\/campingcabestan.com\/<br\/>Eigenaar: <br\/>Publicatiemanager: LES SABLES DE RIEZ Camping Cabestan<br\/>Ontwerp en productie: Horizon Marketing<br\/>Animatie: Camping Cabestan<br\/>Hosting: <strong>Infomaniak<\/strong><\/p>\n\n<div style=\"height:30px\" aria-hidden=\"true\" class=\"wp-block-spacer\"><\/div>\n\n<h2 class=\"wp-block-heading has-primary-color has-text-color has-link-color wp-elements-1e2459fb8166cd4ae6d96c00c62cbb38\" style=\"line-height:1\">Rechtspersoon<\/h2>\n\n<p>LES SABLES DE RIEZ &#8211; Datum van registratie: 24\/04\/2024 &#8211; R.C.S. de La Roche sur Yon dd 29\/02\/2024 &#8211; Vereenvoudigde naamloze vennootschap (Soci\u00e9t\u00e9 \u00e0 associ\u00e9 unique) &#8211; Maatschappelijk kapitaal: 1.006.000,00 euro<\/p>\n\n<div style=\"height:30px\" aria-hidden=\"true\" class=\"wp-block-spacer\"><\/div>\n\n<h2 class=\"wp-block-heading has-primary-color has-text-color has-link-color wp-elements-6256dc6b5b23672d101f7db6d3648d18\" style=\"line-height:1\">Gebruiksvoorwaarden<\/h2>\n\n<p>Het gebruik van deze site impliceert de volledige aanvaarding van de algemene gebruiksvoorwaarden die hieronder worden beschreven. Deze gebruiksvoorwaarden kunnen te allen tijde worden gewijzigd of aangevuld. <\/p>\n\n<div style=\"height:30px\" aria-hidden=\"true\" class=\"wp-block-spacer\"><\/div>\n\n<h2 class=\"wp-block-heading has-primary-color has-text-color has-link-color wp-elements-82b691e83004292d59a2c3de5fab69c0\" style=\"line-height:1\">Informatie<\/h2>\n\n<p>De informatie en documenten op deze site worden uitsluitend ter informatie verstrekt, zijn niet uitputtend en vallen niet onder de verantwoordelijkheid van de eigenaar van de site.<\/p>\n\n<p>De eigenaar van de site kan niet aansprakelijk worden gesteld voor rechtstreekse of onrechtstreekse schade die voortvloeit uit de toegang tot de site.<\/p>\n\n<div style=\"height:30px\" aria-hidden=\"true\" class=\"wp-block-spacer\"><\/div>\n\n<p><\/p>\n\n<h2 class=\"wp-block-heading has-primary-color has-text-color has-link-color wp-elements-e50ce1997c4e86bd6221b087a8478399\" style=\"line-height:1\">Interactiviteit<\/h2>\n\n<p>Gebruikers van de site kunnen inhoud insturen, die op de site zal verschijnen in speciale gebieden (met name via het contactformulier). De ingezonden inhoud blijft de verantwoordelijkheid van de auteurs, die de volledige wettelijke aansprakelijkheid op zich nemen. <\/p>\n\n<p>De eigenaar van de site behoudt zich echter het recht voor om zonder kennisgeving of rechtvaardiging inhoud te verwijderen die door gebruikers is geplaatst en die niet voldoet aan het ethisch handvest van de site of aan de huidige wetgeving.<\/p>\n\n<p><\/p>\n\n<div style=\"height:30px\" aria-hidden=\"true\" class=\"wp-block-spacer\"><\/div>\n\n<h2 class=\"wp-block-heading has-primary-color has-text-color has-link-color wp-elements-ab3767b521dd236d7f50d4d7c5b2fad3\" style=\"line-height:1\">Intellectueel eigendom<\/h2>\n\n<p>Tenzij anders vermeld, blijven alle elementen die toegankelijk zijn op de site (teksten, afbeeldingen, grafieken, logo&#8217;s, pictogrammen, geluiden, software, enz.) het exclusieve eigendom van hun auteurs, met betrekking tot intellectuele eigendomsrechten of gebruiksrechten.<\/p>\n\n<p>Elke reproductie, representatie, wijziging, publicatie, aanpassing van alle of een deel van de elementen van de site, ongeacht het gebruikte middel of proces, is verboden, tenzij met de voorafgaande schriftelijke toestemming van de auteur.<\/p>\n\n<p>Elk ongeoorloofd gebruik van de site of een van de elementen op de site wordt beschouwd als een inbreuk en kan strafrechtelijk worden vervolgd.<\/p>\n\n<p>De merken en logo&#8217;s die op de site worden weergegeven, zijn geregistreerd door de bedrijven die er eigenaar van zijn.<\/p>\n\n<p><\/p>\n\n<div style=\"height:30px\" aria-hidden=\"true\" class=\"wp-block-spacer\"><\/div>\n\n<h2 class=\"wp-block-heading has-primary-color has-text-color has-link-color wp-elements-d5ec0d571f0e0fa6ef85be7b995a6e81\" style=\"line-height:1\">Links<\/h2>\n\n<p><strong>Uitgaande links<\/strong><\/p>\n\n<p>De eigenaar van de site wijst alle verantwoordelijkheid af en is niet gebonden door het verwijzen, via hyperlinks, naar bronnen van derden die aanwezig zijn op het internetnetwerk, zowel wat betreft hun inhoud als hun relevantie.<\/p>\n\n<p><strong>Inkomende links<\/strong><\/p>\n\n<p>De eigenaar van de site staat hyperlinks toe naar elke pagina op deze site, op voorwaarde dat deze een nieuw venster openen en op ondubbelzinnige wijze worden gepresenteerd om te voorkomen dat :<\/p>\n\n<ul class=\"wp-block-list\">\n<li>elk risico op verwarring tussen de citerende site en de site-eigenaar<\/li>\n\n\n\n<li>evenals elke presentatie die tendentieus of in strijd met de geldende wetgeving is.<\/li>\n<\/ul>\n\n<p>De eigenaar van de site behoudt zich het recht voor om de verwijdering van een link te vragen als hij van mening is dat de bronsite niet voldoet aan deze regels.<\/p>\n\n<p><\/p>\n\n<div style=\"height:30px\" aria-hidden=\"true\" class=\"wp-block-spacer\"><\/div>\n\n<h2 class=\"wp-block-heading has-primary-color has-text-color has-link-color wp-elements-ec50b57e38e6b3739c61e9b3b0342289\" style=\"line-height:1\">Vertrouwelijkheid<\/h2>\n\n<p>Alle gebruikers hebben het recht op toegang tot, rectificatie van en verzet tegen alle persoonlijke gegevens die op hen betrekking hebben, door een schriftelijk en ondertekend verzoek in te dienen, vergezeld van een identiteitsbewijs.<\/p>\n\n<p>Neem voor vragen contact op met de klachtenafdeling<\/p>\n\n<p><\/p>\n\n<div style=\"height:30px\" aria-hidden=\"true\" class=\"wp-block-spacer\"><\/div>\n\n<h2 class=\"wp-block-heading has-primary-color has-text-color has-link-color wp-elements-19c3098b565d14ed7641d1f7c20dca15\" style=\"line-height:1\">Ombudsman voor consumenten<\/h2>\n\n<p>In overeenstemming met de bepalingen van artikel L 612-1 van de Franse consumentenwetgeving heeft elke campinggast het recht om gratis een beroep te doen op een consumentenbemiddelaar voor de minnelijke schikking van een geschil met de campingexploitant.<\/p>\n\n<p><\/p>\n\n<div style=\"height:30px\" aria-hidden=\"true\" class=\"wp-block-spacer\"><\/div>\n\n<h2 class=\"wp-block-heading has-primary-color has-text-color has-link-color wp-elements-5c8c0337eef263fd5f30b838583d9e23\" style=\"line-height:1\">Credits<\/h2>\n\n<p>Adobe voorraad<br\/>Camping Cabestan<\/p>\n\n<p><\/p>\n\n<div style=\"height:50px\" aria-hidden=\"true\" class=\"wp-block-spacer\"><\/div>\n","protected":false},"excerpt":{"rendered":"<p>Juridische informatie camping Cabestan Identiteit Naam website: Camping CabestanAdres: https:\/\/campingcabestan.com\/Eigenaar: Publicatiemanager: LES SABLES DE RIEZ Camping CabestanOntwerp en productie: Horizon MarketingAnimatie: Camping CabestanHosting: Infomaniak Rechtspersoon LES SABLES DE RIEZ &#8211; Datum van registratie: 24\/04\/2024 &#8211; R.C.S. de La Roche sur Yon dd 29\/02\/2024 &#8211; Vereenvoudigde naamloze vennootschap (Soci\u00e9t\u00e9 \u00e0 associ\u00e9 unique) &#8211; Maatschappelijk kapitaal: 1.006.000,00 [&hellip;]<\/p>\n","protected":false},"featured_media":0,"parent":0,"menu_order":0,"comment_status":"closed","ping_status":"closed","template":"page-full-width","meta":{"_acf_changed":false,"_seopress_robots_primary_cat":"","_seopress_titles_title":"Wettelijke vermeldingen | Camping Cabestan \u00e0 Br\u00e9tignolles-sur-Mer","_seopress_titles_desc":"Wettelijke informatie voor de 3-sterren camping Cabestan in Br\u00e9tignolles-sur-Mer in de Vend\u00e9e.","_seopress_robots_index":"","footnotes":""},"class_list":["post-1934","page","type-page","status-publish","hentry"],"acf":[],"_links":{"self":[{"href":"https:\/\/campingcabestan.com\/nl\/wp-json\/wp\/v2\/pages\/1934","targetHints":{"allow":["GET"]}}],"collection":[{"href":"https:\/\/campingcabestan.com\/nl\/wp-json\/wp\/v2\/pages"}],"about":[{"href":"https:\/\/campingcabestan.com\/nl\/wp-json\/wp\/v2\/types\/page"}],"author":[{"embeddable":true,"href":"https:\/\/campingcabestan.com\/nl\/wp-json\/wp\/v2\/users\/1"}],"replies":[{"embeddable":true,"href":"https:\/\/campingcabestan.com\/nl\/wp-json\/wp\/v2\/comments?post=1934"}],"version-history":[{"count":2,"href":"https:\/\/campingcabestan.com\/nl\/wp-json\/wp\/v2\/pages\/1934\/revisions"}],"predecessor-version":[{"id":2378,"href":"https:\/\/campingcabestan.com\/nl\/wp-json\/wp\/v2\/pages\/1934\/revisions\/2378"}],"wp:attachment":[{"href":"https:\/\/campingcabestan.com\/nl\/wp-json\/wp\/v2\/media?parent=1934"}],"curies":[{"name":"wp","href":"https:\/\/api.w.org\/{rel}","templated":true}]}}