{"id":1872,"date":"2026-01-28T13:58:47","date_gmt":"2026-01-28T12:58:47","guid":{"rendered":"https:\/\/campingcabestan.com\/standplaatsen\/"},"modified":"2026-02-02T16:42:55","modified_gmt":"2026-02-02T15:42:55","slug":"standplaatsen","status":"publish","type":"page","link":"https:\/\/campingcabestan.com\/nl\/standplaatsen\/","title":{"rendered":"Standplaatsen"},"content":{"rendered":"\n<div class=\"wp-block-group alignfull hero-lab has-global-padding is-layout-constrained wp-container-core-group-is-layout-812dcb84 wp-block-group-is-layout-constrained has-background\" style=\"padding-top:var(--wp--preset--spacing--xxxxxxl);padding-bottom:var(--wp--preset--spacing--xxxxxxl);background-image:url(&apos;https:\/\/campingcabestan.com\/wp-content\/uploads\/2026\/01\/491402346_1281781030615936_3710828285109428406_n.webp&apos;);background-position:50% 84%;background-size:cover;\"><div class=\"aligncenter wp-block-site-logo\"><a href=\"https:\/\/campingcabestan.com\/nl\/\" class=\"custom-logo-link\" rel=\"home\"><img decoding=\"async\" width=\"250\" height=\"174\" src=\"https:\/\/campingcabestan.com\/wp-content\/uploads\/2026\/01\/logo.png\" class=\"custom-logo\" alt=\"Logo de Cabestan Camping &amp; Locations\" \/><\/a><\/div>\n\n\n<h1 class=\"wp-block-heading has-text-align-center is-style-default has-white-color has-text-color has-link-color has-xxxxxl-font-size wp-elements-eb2ada26438033b65b35530cd717837c\">Huur een kampeerplaats in Br\u00e9tignolles-sur-Mer<\/h1>\n\n\n\n<p class=\"has-text-align-center is-style-top-title has-white-color has-text-color has-link-color has-xxxxxl-font-size wp-elements-97e9224b4ea3f55c3f4e3fb9b1ab9397 is-style-top-title--1\" style=\"font-style:normal;font-weight:400\">in de Vend\u00e9e<\/p>\n<\/div>\n\n\n<div style=\"padding-left:var(--wp--preset--spacing--s);padding-top:var(--wp--preset--spacing--s);padding-bottom:var(--wp--preset--spacing--s);\" class=\"alignfull wp-elements-5cd3591c1ade14a972751d58f754b855 wp-block-wpseopress-breadcrumbs has-text-color has-primary-color\"><nav  aria-label=\"breadcrumb\"><ol class=\"breadcrumb\" itemscope itemtype=\"https:\/\/schema.org\/BreadcrumbList\"><li class=\"breadcrumb-item active\" aria-current=\"page\" itemprop=\"itemListElement\" itemscope itemtype=\"https:\/\/schema.org\/ListItem\"><span itemprop=\"name\">Camping Br\u00e9tignolles-sur-Mer<\/span><meta itemprop=\"position\" content=\"1\"><\/li><\/ol><\/nav><\/div>\n\n\n<div style=\"height:var(--wp--preset--spacing--xxxxxl)\" aria-hidden=\"true\" class=\"wp-block-spacer\"><\/div>\n\n\n\n<h2 class=\"wp-block-heading\">Kamperen in de Vend\u00e9e<\/h2>\n\n\n\n<p><\/p>\n\n\n\n<p>Liefhebbers van <strong>traditioneel<\/strong> <strong>kamperen<\/strong> kunnen kiezen voor een <strong>ruime<\/strong> <strong>,<\/strong> <strong>groene<\/strong> <strong>kampeerplaats<\/strong> op onze <strong><a href=\"https:\/\/campingcabestan.com\/nl\/\" data-type=\"page\" data-id=\"4\">camping in Br\u00e9tignolles-sur-Mer<\/a><\/strong>.<\/p>\n\n\n\n<div style=\"height:30px\" aria-hidden=\"true\" class=\"wp-block-spacer\"><\/div>\n\n\n\n<div style=\"height:var(--wp--preset--spacing--xxxxxl)\" aria-hidden=\"true\" class=\"wp-block-spacer\"><\/div>\n\n\n\n<div class=\"wp-block-group alignfull is-layout-flow wp-block-group-is-layout-flow\" style=\"padding-right:var(--wp--preset--spacing--xs);padding-left:var(--wp--preset--spacing--xs)\">\n\t<div class=\"alignfull swiper-hebergement-static has-global-padding is-layout-constrained wp-container-horizon-blocks-query-camping-rest-static-is-layout-0faa5006 wp-block-horizon-blocks-query-camping-rest-static-is-layout-constrained\">\n\t\t<ul class=\"static-hebergement-listing swiper-wrapper\">\n\t\t\t<style>:root { \n\t\t\t\t--static-query-color: #FFFFFF;\n\t\t\t\t--available-text-content-color: #8CC882;\n\t\t\t\t--available-btn-bg-color: #D1B891;\n\t\t\t\t--available-btn-text-color: #FFFCF8;\n\t\t\t\t--available-btn-bg-hover-color: #35AECB;\n\t\t\t\t--available-btn-text-hover-color: #FFFCF8;}\n\t\t\t<\/style>\n\t\t\t\t<li class=\"swiper-slide\">\n\t\t\t\t\t<div class=\"wp-block-group card-product-hebergement card-gamme\">\n\n\t\t\t\t\t\t<div class=\"wp-block-group card-product-hebergement-product-thumbnail\">\n\t\t\t\t\t\t\t<div class=\"wp-block-group\">\n\t\t\t\t\t\t\t\t<a href=\"https:\/\/campingcabestan.com\/nl\/hebergements\/kale-standplaats-voor-tent-met-elektriciteit\/\" title=\"KALE STANDPLAATS VOOR TENT MET ELEKTRICITEIT\">\n\t\t\t\t\t\t\t\t\t<figure class=\"wp-block-image alignfull size-large\" style=\"margin:0;\">\n\t\t\t\t\t\t\t\t\t\t<img decoding=\"async\" src=\"https:\/\/campingcabestan.com\/wp-content\/uploads\/2026\/01\/IMG_20200423_135441_1_BURST001_COVER-1024x768.webp\" alt=\"KALE STANDPLAATS VOOR TENT MET ELEKTRICITEIT\" \/>\n\t\t\t\t\t\t\t\t\t<\/figure>\n\t\t\t\t\t\t\t\t<\/a>\n\t\t\t\t\t\t\t<\/div>\n\n\t\t\t\t\t\t\t<div class=\"wp-block-group bloc-thumbnail-informations\">\n\n\t\t\t\t\t\t\t\t\t\t\t\t\t\t\t\t\t\t\t\t\t\t\t\t\t\t\t<div class=\"wp-block-group bloc-thumbnail-information\">\n\t\t\t\t\t\t\t\t\t\t\t<i class=\"fa-sharp fa-solid fa-family\"><\/i>\t\t\t\t\t\t\t\t\t\t\t<p class=\"label\">6 pers.<\/p>\n\t\t\t\t\t\t\t\t\t\t<\/div>\n\t\t\t\t\t\t\t\t\t\t\t\t\t\t\t\t\t\t\t<div class=\"wp-block-group bloc-thumbnail-information\">\n\t\t\t\t\t\t\t\t\t\t\t<i class=\"fa-solid fa-angle-90\"><\/i>\t\t\t\t\t\t\t\t\t\t\t<p class=\"label\">80&gt;100   m\u00b2<\/p>\n\t\t\t\t\t\t\t\t\t\t<\/div>\n\t\t\t\t\t\t\t\t\t\n\t\t\t\t\t\t\t\t\n\t\t\t\t\t\t\t<\/div>\n\t\t\t\t\t\t<\/div>\n\n\t\t\t\t\t\t<div class=\"wp-block-group card-product-hebergement-product-content\">\n\t\t\t\t\t\t\t<p class=\"bloc-content-name-gamme\">Locatie<\/p>\n\n\t\t\t\t\t\t\t<h3 class=\"bloc-content-name-product\">KALE STANDPLAATS VOOR TENT MET ELEKTRICITEIT<\/h3>\n\n\t\t\t\t\t\t\t<div class=\"card-price\">\n\t\t\t\t\t\t\t\t<div class=\"loader\"><span class=\"dot\"><\/span><span class=\"dot\"><\/span><span class=\"dot\"><\/span><\/div>\n\n\t\t\t\t\t\t\t\t<div class=\"booking_default\">\n\t\t\t\t\t\t\t\t\t<div class=\"wp-block-group card-product-hebergement-product-price\">\n\n\t\t\t\t\t\t\t\t\t\t\n\n\n\t\t\t\t\t\t\t\t\t\t<div class=\"wp-block-buttons alignfull\">\n\t\t\t\t\t\t\t\t\t\t\t<div class=\"bloc-price-button-book\"><a href=\"https:\/\/campingcabestan.com\/nl\/hebergements\/kale-standplaats-voor-tent-met-elektriciteit\/\" class=\"wp-block-button__link wp-element-button\">Boek<\/a><\/div>\n\t\t\t\t\t\t\t\t\t\t<\/div>\n\t\t\t\t\t\t\t\t\t<\/div>\n\t\t\t\t\t\t\t\t<\/div>\n\t\t\t\t\t\t\t<\/div>\n\t\t\t\t\t\t<\/div>\n\t\t\t\t\t<\/div>\n\t\t\t\t<\/li>\n\n\n\t\t\t\n\t\t\t\t<li class=\"swiper-slide\">\n\t\t\t\t\t<div class=\"wp-block-group card-product-hebergement card-gamme\">\n\n\t\t\t\t\t\t<div class=\"wp-block-group card-product-hebergement-product-thumbnail\">\n\t\t\t\t\t\t\t<div class=\"wp-block-group\">\n\t\t\t\t\t\t\t\t<a href=\"https:\/\/campingcabestan.com\/nl\/hebergements\/kale-standplaats-met-elektriciteit-inbegrepen\/\" title=\"KALE STANDPLAATS MET ELEKTRICITEIT INBEGREPEN\">\n\t\t\t\t\t\t\t\t\t<figure class=\"wp-block-image alignfull size-large\" style=\"margin:0;\">\n\t\t\t\t\t\t\t\t\t\t<img decoding=\"async\" src=\"https:\/\/campingcabestan.com\/wp-content\/uploads\/2026\/01\/IMG_20200423_135556-1024x768.webp\" alt=\"KALE STANDPLAATS MET ELEKTRICITEIT INBEGREPEN\" \/>\n\t\t\t\t\t\t\t\t\t<\/figure>\n\t\t\t\t\t\t\t\t<\/a>\n\t\t\t\t\t\t\t<\/div>\n\n\t\t\t\t\t\t\t<div class=\"wp-block-group bloc-thumbnail-informations\">\n\n\t\t\t\t\t\t\t\t\t\t\t\t\t\t\t\t\t\t\t\t\t\t\t\t\t\t\t<div class=\"wp-block-group bloc-thumbnail-information\">\n\t\t\t\t\t\t\t\t\t\t\t<i class=\"fa-sharp fa-solid fa-family\"><\/i>\t\t\t\t\t\t\t\t\t\t\t<p class=\"label\">6 pers.<\/p>\n\t\t\t\t\t\t\t\t\t\t<\/div>\n\t\t\t\t\t\t\t\t\t\t\t\t\t\t\t\t\t\t\t<div class=\"wp-block-group bloc-thumbnail-information\">\n\t\t\t\t\t\t\t\t\t\t\t<i class=\"fa-solid fa-angle-90\"><\/i>\t\t\t\t\t\t\t\t\t\t\t<p class=\"label\">80&gt;100   m\u00b2<\/p>\n\t\t\t\t\t\t\t\t\t\t<\/div>\n\t\t\t\t\t\t\t\t\t\n\t\t\t\t\t\t\t\t\n\t\t\t\t\t\t\t<\/div>\n\t\t\t\t\t\t<\/div>\n\n\t\t\t\t\t\t<div class=\"wp-block-group card-product-hebergement-product-content\">\n\t\t\t\t\t\t\t<p class=\"bloc-content-name-gamme\">Locatie<\/p>\n\n\t\t\t\t\t\t\t<h3 class=\"bloc-content-name-product\">KALE STANDPLAATS MET ELEKTRICITEIT INBEGREPEN<\/h3>\n\n\t\t\t\t\t\t\t<div class=\"card-price\">\n\t\t\t\t\t\t\t\t<div class=\"loader\"><span class=\"dot\"><\/span><span class=\"dot\"><\/span><span class=\"dot\"><\/span><\/div>\n\n\t\t\t\t\t\t\t\t<div class=\"booking_default\">\n\t\t\t\t\t\t\t\t\t<div class=\"wp-block-group card-product-hebergement-product-price\">\n\n\t\t\t\t\t\t\t\t\t\t\n\n\n\t\t\t\t\t\t\t\t\t\t<div class=\"wp-block-buttons alignfull\">\n\t\t\t\t\t\t\t\t\t\t\t<div class=\"bloc-price-button-book\"><a href=\"https:\/\/campingcabestan.com\/nl\/hebergements\/kale-standplaats-met-elektriciteit-inbegrepen\/\" class=\"wp-block-button__link wp-element-button\">Boek<\/a><\/div>\n\t\t\t\t\t\t\t\t\t\t<\/div>\n\t\t\t\t\t\t\t\t\t<\/div>\n\t\t\t\t\t\t\t\t<\/div>\n\t\t\t\t\t\t\t<\/div>\n\t\t\t\t\t\t<\/div>\n\t\t\t\t\t<\/div>\n\t\t\t\t<\/li>\n\n\n\t\t\t\t\t<\/ul>\n\n\t<\/div>\n\n<\/div>\n\n\n\n<div style=\"height:var(--wp--preset--spacing--xxl)\" aria-hidden=\"true\" class=\"wp-block-spacer\"><\/div>\n\n\n\n<h2 class=\"wp-block-heading\">Verblijf op een staanplaats in Bretignolles-sur-Mer<\/h2>\n\n\n\n<div style=\"height:25px\" aria-hidden=\"true\" class=\"wp-block-spacer\"><\/div>\n\n\n\n<p>Geniet van de rust en stilte van de natuur door een van onze kampeerplaatsen te huren op onze camping in Bretignolles-sur-Mer. Zet met vrienden of familie je tent of caravan op en geniet van het rustgevende ritme van het leven in de vrije natuur. <\/p>\n\n\n\n<p>Een staanplaats huren in de Vend\u00e9e op onze <a href=\"https:\/\/campingcabestan.com\/\">camping in Cabestan<\/a> garandeert je comfort en ruimte:<\/p>\n\n\n\n<p>Kampeerplaatsen van minstens 100 m\u00b2, afgescheiden door begroeiing<br>-Elektriciteit met 16 amp\u00e8re<br>-Nabij de natuur<br>-Schone toiletten in de buurt<\/p>\n\n\n\n<p>Onze schaduwrijke, goed onderhouden caravan- en tentplaatsen bieden je een idyllische omgeving voor een vakantie dicht bij de natuur. Met hun grote oppervlakte en strategische ligging zijn ze perfect om je tent, caravan of camper in alle rust op te zetten. <\/p>\n\n\n\n<p><\/p>\n\n\n\n<h2 class=\"wp-block-heading\">Sanitaire voorzieningen in de buurt van je kampeerplaats  <\/h2>\n\n\n\n<p>Warme douches, wc&#8217;s, wastafels&#8230; alles is aanwezig om je verblijf synoniem te maken met welzijn en ontspanning.<\/p>\n\n\n\n<p>Ons kwaliteitssanitair, dat twee keer per dag wordt schoongemaakt en gedesinfecteerd, garandeert een onberispelijke hygi\u00ebne tijdens je hele verblijf. Met hun functionele uitrusting en praktische indeling zijn ze essentieel voor je comfort en welzijn tijdens je kampeervakantie. <\/p>\n\n\n\n<p>Op onze camping in de Vend\u00e9e wacht u een ontspannende, comfortabele en verkwikkende kampeervakantie!<\/p>\n\n\n\n<div style=\"height:var(--wp--preset--spacing--xxxxxl)\" aria-hidden=\"true\" class=\"wp-block-spacer\"><\/div>\n","protected":false},"excerpt":{"rendered":"<p>Huur een kampeerplaats in Br\u00e9tignolles-sur-Mer in de Vend\u00e9e Kamperen in de Vend\u00e9e Liefhebbers van traditioneel kamperen kunnen kiezen voor een ruime , groene kampeerplaats op onze camping in Br\u00e9tignolles-sur-Mer. Verblijf op een staanplaats in Bretignolles-sur-Mer Geniet van de rust en stilte van de natuur door een van onze kampeerplaatsen te huren op onze camping in [&hellip;]<\/p>\n","protected":false},"featured_media":0,"parent":0,"menu_order":0,"comment_status":"closed","ping_status":"closed","template":"page-full-width","meta":{"_acf_changed":false,"_seopress_robots_primary_cat":"","_seopress_titles_title":"Kampeerplaatsen in Bretignolles-sur-Mer voor tenten en caravans","_seopress_titles_desc":"Reserveer je kampeerplaats voor tent, caravan of camper in Bretignolles-sur-Mer voor je vakantie in de Vend\u00e9e. Beleef het avontuur!","_seopress_robots_index":"","footnotes":""},"class_list":["post-1872","page","type-page","status-publish","hentry"],"acf":[],"_links":{"self":[{"href":"https:\/\/campingcabestan.com\/nl\/wp-json\/wp\/v2\/pages\/1872","targetHints":{"allow":["GET"]}}],"collection":[{"href":"https:\/\/campingcabestan.com\/nl\/wp-json\/wp\/v2\/pages"}],"about":[{"href":"https:\/\/campingcabestan.com\/nl\/wp-json\/wp\/v2\/types\/page"}],"author":[{"embeddable":true,"href":"https:\/\/campingcabestan.com\/nl\/wp-json\/wp\/v2\/users\/1"}],"replies":[{"embeddable":true,"href":"https:\/\/campingcabestan.com\/nl\/wp-json\/wp\/v2\/comments?post=1872"}],"version-history":[{"count":3,"href":"https:\/\/campingcabestan.com\/nl\/wp-json\/wp\/v2\/pages\/1872\/revisions"}],"predecessor-version":[{"id":2230,"href":"https:\/\/campingcabestan.com\/nl\/wp-json\/wp\/v2\/pages\/1872\/revisions\/2230"}],"wp:attachment":[{"href":"https:\/\/campingcabestan.com\/nl\/wp-json\/wp\/v2\/media?parent=1872"}],"curies":[{"name":"wp","href":"https:\/\/api.w.org\/{rel}","templated":true}]}}