{"id":1930,"date":"2026-01-13T16:05:03","date_gmt":"2026-01-13T15:05:03","guid":{"rendered":"https:\/\/campingcabestan.com\/terms-of-use\/"},"modified":"2026-02-03T14:15:26","modified_gmt":"2026-02-03T13:15:26","slug":"terms-of-use","status":"publish","type":"page","link":"https:\/\/campingcabestan.com\/en\/terms-of-use\/","title":{"rendered":"Terms of use"},"content":{"rendered":"\n<div class=\"wp-block-group alignfull hero-lab has-global-padding is-layout-constrained wp-container-core-group-is-layout-01743b57 wp-block-group-is-layout-constrained has-background\" style=\"padding-top:15rem;padding-bottom:15rem;background-image:url(&apos;https:\/\/campingcabestan.com\/wp-content\/uploads\/2026\/01\/mer.webp&apos;);background-position:50% 70%;background-size:cover;\"><div class=\"aligncenter wp-block-site-logo\"><a href=\"https:\/\/campingcabestan.com\/en\/\" class=\"custom-logo-link\" rel=\"home\"><img decoding=\"async\" width=\"250\" height=\"174\" src=\"https:\/\/campingcabestan.com\/wp-content\/uploads\/2026\/01\/logo.png\" class=\"custom-logo\" alt=\"Logo de Cabestan Camping &amp; Locations\" \/><\/a><\/div>\n\n\n<h1 class=\"wp-block-heading has-text-align-center is-style-default has-white-color has-text-color has-link-color has-xxxxxl-font-size wp-elements-580bb2cb85dd38306c71a850b18c2f8a\">Terms of use<\/h1>\n\n\n\n<p class=\"has-text-align-center is-style-top-title has-white-color has-text-color has-link-color has-xxxxxl-font-size wp-elements-9742460d443e0e4d7f9b45cf79ac2cbd is-style-top-title--1\" style=\"font-style:normal;font-weight:400\">camping Cabestan<\/p>\n<\/div>\n<div style=\"padding-left:var(--wp--preset--spacing--s);padding-top:var(--wp--preset--spacing--s);padding-bottom:var(--wp--preset--spacing--s);\" class=\"alignfull wp-elements-84d4f65cc985c7a61634468535819da2 wp-block-wpseopress-breadcrumbs has-text-color has-primary-color\"><nav  aria-label=\"breadcrumb\"><ol class=\"breadcrumb\" itemscope itemtype=\"https:\/\/schema.org\/BreadcrumbList\"><li class=\"breadcrumb-item active\" aria-current=\"page\" itemprop=\"itemListElement\" itemscope itemtype=\"https:\/\/schema.org\/ListItem\"><span itemprop=\"name\">Camping in Br\u00e9tignolles-sur-Mer<\/span><meta itemprop=\"position\" content=\"1\"><\/li><\/ol><\/nav><\/div>\n<div style=\"height:var(--wp--preset--spacing--xxxxxl)\" aria-hidden=\"true\" class=\"wp-block-spacer\"><\/div>\n\n<h2 class=\"wp-block-heading has-primary-color has-text-color has-link-color wp-elements-fb0b737b81cd9e1ba9a1c8d9a9cc85d3\" style=\"line-height:1\">Identity<\/h2>\n\n<p>Website name: Camping Cabestan<br\/>Address: https:\/\/campingcabestan.com\/<br\/>Owner: <br\/>Publication manager: LES SABLES DE RIEZ Camping Cabestan<br\/>Design and production: Horizon Marketing<br\/>Animation: Camping Cabestan<br\/>H\u00e9bergement : <strong>Infomaniak<\/strong><\/p>\n\n<div style=\"height:30px\" aria-hidden=\"true\" class=\"wp-block-spacer\"><\/div>\n\n<h2 class=\"wp-block-heading has-primary-color has-text-color has-link-color wp-elements-acec75c71064abbe63b455a958598544\" style=\"line-height:1\">Legal entity<\/h2>\n\n<p>LES SABLES DE RIEZ &#8211; Date d&#8217;immatriculation : 24\/04\/2024 &#8211; R.C.S. de La Roche sur Yon en date du 29\/02\/2024 &#8211; Soci\u00e9t\u00e9 par actions simplifi\u00e9e (Soci\u00e9t\u00e9 \u00e0 associ\u00e9 unique) &#8211; Share capital : 1 006 000,00 Euros<\/p>\n\n<div style=\"height:30px\" aria-hidden=\"true\" class=\"wp-block-spacer\"><\/div>\n\n<h2 class=\"wp-block-heading has-primary-color has-text-color has-link-color wp-elements-b303006a5ffd04af63514be14186372b\" style=\"line-height:1\">Terms of use<\/h2>\n\n<p>Use of this site implies full acceptance of the general conditions of use described below. These conditions of use may be modified or supplemented at any time. <\/p>\n\n<div style=\"height:30px\" aria-hidden=\"true\" class=\"wp-block-spacer\"><\/div>\n\n<h2 class=\"wp-block-heading has-primary-color has-text-color has-link-color wp-elements-fe6a09c2da0441398d8a98d74e21efda\" style=\"line-height:1\">Information<\/h2>\n\n<p>The information and documents on this site are presented for information purposes only, are not exhaustive and do not engage the responsibility of the site owner.<\/p>\n\n<p>The site owner cannot be held responsible for direct or indirect damage resulting from access to the site.<\/p>\n\n<div style=\"height:30px\" aria-hidden=\"true\" class=\"wp-block-spacer\"><\/div>\n\n<p><\/p>\n\n<h2 class=\"wp-block-heading has-primary-color has-text-color has-link-color wp-elements-57af69967ca786fc27f8dd2cabd1c578\" style=\"line-height:1\">Interactivity<\/h2>\n\n<p>Site users may submit content, which appears on the site in dedicated areas (notably via the contact form). The content submitted remains the responsibility of its authors, who assume full legal liability. <\/p>\n\n<p>Nevertheless, the site owner reserves the right to remove, without notice or justification, any content posted by users that does not comply with the site&#8217;s code of ethics or with current legislation.<\/p>\n\n<p><\/p>\n\n<div style=\"height:30px\" aria-hidden=\"true\" class=\"wp-block-spacer\"><\/div>\n\n<h2 class=\"wp-block-heading has-primary-color has-text-color has-link-color wp-elements-01fc2956a8c2a80651c3690216ec5f5b\" style=\"line-height:1\">Intellectual property<\/h2>\n\n<p>Unless otherwise stated, all elements accessible on the site (texts, images, graphics, logos, icons, sounds, software, etc.) remain the exclusive property of their authors, with regard to intellectual property rights or rights of use.<\/p>\n\n<p>Any reproduction, representation, modification, publication, adaptation of all or part of the elements of the site, whatever the means or the process used, is prohibited, except prior written authorization of the author.<\/p>\n\n<p>Any unauthorized use of the site or of any of the elements it contains is considered to constitute an infringement and is liable to prosecution.<\/p>\n\n<p>Trademarks and logos reproduced on the site are registered by the companies that own them.<\/p>\n\n<p><\/p>\n\n<div style=\"height:30px\" aria-hidden=\"true\" class=\"wp-block-spacer\"><\/div>\n\n<h2 class=\"wp-block-heading has-primary-color has-text-color has-link-color wp-elements-d5ec0d571f0e0fa6ef85be7b995a6e81\" style=\"line-height:1\">Links<\/h2>\n\n<p><strong>Outgoing links<\/strong><\/p>\n\n<p>The owner of the site declines all responsibility and is not committed by the referencing via hypertext links, of third-party resources present on the Internet network, as regards both their content and their relevance.<\/p>\n\n<p><strong>Inbound links<\/strong><\/p>\n\n<p>The site owner authorizes hypertext links to any page of this site, provided that these open a new window and are presented in an unambiguous manner in order to avoid :<\/p>\n\n<ul class=\"wp-block-list\">\n<li>any risk of confusion between the quoting site and the site owner<\/li>\n\n\n\n<li>as well as any tendentious presentation, or contrary to the laws in force.<\/li>\n<\/ul>\n\n<p>The site owner reserves the right to request the removal of a link if it considers that the source site does not comply with the rules thus defined.<\/p>\n\n<p><\/p>\n\n<div style=\"height:30px\" aria-hidden=\"true\" class=\"wp-block-spacer\"><\/div>\n\n<h2 class=\"wp-block-heading has-primary-color has-text-color has-link-color wp-elements-08b5111e537bcd4c7368a2a8fde0cb0a\" style=\"line-height:1\">Privacy<\/h2>\n\n<p>All users have the right to access, rectify and oppose any personal data concerning them, by making a written and signed request, accompanied by proof of identity.<\/p>\n\n<p>For all requests, please contact the complaints department<\/p>\n\n<p><\/p>\n\n<div style=\"height:30px\" aria-hidden=\"true\" class=\"wp-block-spacer\"><\/div>\n\n<h2 class=\"wp-block-heading has-primary-color has-text-color has-link-color wp-elements-21002bb6c44bebb14a687100b92ee516\" style=\"line-height:1\">Consumer ombudsman<\/h2>\n\n<p>In accordance with the provisions of article L 612-1 of the French Consumer Code, any campsite customer has the right to have recourse, free of charge, to a consumer mediator for the amicable resolution of a dispute with the campsite operator.<\/p>\n\n<p><\/p>\n\n<div style=\"height:30px\" aria-hidden=\"true\" class=\"wp-block-spacer\"><\/div>\n\n<h2 class=\"wp-block-heading has-primary-color has-text-color has-link-color wp-elements-5c8c0337eef263fd5f30b838583d9e23\" style=\"line-height:1\">Credits<\/h2>\n\n<p>Adobe stock<br\/>Camping Cabestan<\/p>\n\n<p><\/p>\n\n<div style=\"height:50px\" aria-hidden=\"true\" class=\"wp-block-spacer\"><\/div>\n","protected":false},"excerpt":{"rendered":"<p>Terms of use camping Cabestan Identity Website name: Camping CabestanAddress: https:\/\/campingcabestan.com\/Owner: Publication manager: LES SABLES DE RIEZ Camping CabestanDesign and production: Horizon MarketingAnimation: Camping CabestanH\u00e9bergement : Infomaniak Legal entity LES SABLES DE RIEZ &#8211; Date d&#8217;immatriculation : 24\/04\/2024 &#8211; R.C.S. de La Roche sur Yon en date du 29\/02\/2024 &#8211; Soci\u00e9t\u00e9 par actions simplifi\u00e9e (Soci\u00e9t\u00e9 [&hellip;]<\/p>\n","protected":false},"featured_media":0,"parent":0,"menu_order":0,"comment_status":"closed","ping_status":"closed","template":"page-full-width","meta":{"_acf_changed":false,"_seopress_robots_primary_cat":"","_seopress_titles_title":"Legal information | Camping Cabestan in Br\u00e9tignolles-sur-Mer","_seopress_titles_desc":"Legal information for the 3-star Cabestan campsite in Br\u00e9tignolles-sur-Mer, Vend\u00e9e.","_seopress_robots_index":"","footnotes":""},"class_list":["post-1930","page","type-page","status-publish","hentry"],"acf":[],"_links":{"self":[{"href":"https:\/\/campingcabestan.com\/en\/wp-json\/wp\/v2\/pages\/1930","targetHints":{"allow":["GET"]}}],"collection":[{"href":"https:\/\/campingcabestan.com\/en\/wp-json\/wp\/v2\/pages"}],"about":[{"href":"https:\/\/campingcabestan.com\/en\/wp-json\/wp\/v2\/types\/page"}],"author":[{"embeddable":true,"href":"https:\/\/campingcabestan.com\/en\/wp-json\/wp\/v2\/users\/1"}],"replies":[{"embeddable":true,"href":"https:\/\/campingcabestan.com\/en\/wp-json\/wp\/v2\/comments?post=1930"}],"version-history":[{"count":2,"href":"https:\/\/campingcabestan.com\/en\/wp-json\/wp\/v2\/pages\/1930\/revisions"}],"predecessor-version":[{"id":2384,"href":"https:\/\/campingcabestan.com\/en\/wp-json\/wp\/v2\/pages\/1930\/revisions\/2384"}],"wp:attachment":[{"href":"https:\/\/campingcabestan.com\/en\/wp-json\/wp\/v2\/media?parent=1930"}],"curies":[{"name":"wp","href":"https:\/\/api.w.org\/{rel}","templated":true}]}}