{"id":1912,"date":"2026-01-13T16:05:02","date_gmt":"2026-01-13T15:05:02","guid":{"rendered":"https:\/\/campingcabestan.com\/entertainment\/"},"modified":"2026-02-03T14:09:51","modified_gmt":"2026-02-03T13:09:51","slug":"entertainment","status":"publish","type":"page","link":"https:\/\/campingcabestan.com\/en\/entertainment\/","title":{"rendered":"Entertainment"},"content":{"rendered":"\n<div class=\"wp-block-group alignfull hero-lab has-global-padding is-layout-constrained wp-container-core-group-is-layout-01743b57 wp-block-group-is-layout-constrained has-background\" style=\"padding-top:15rem;padding-bottom:15rem;background-image:url(&apos;https:\/\/campingcabestan.com\/wp-content\/uploads\/2026\/01\/concert-outdoor.webp&apos;);background-position:48% 72%;background-size:cover;\"><div class=\"aligncenter wp-block-site-logo\"><a href=\"https:\/\/campingcabestan.com\/en\/\" class=\"custom-logo-link\" rel=\"home\"><img decoding=\"async\" width=\"250\" height=\"174\" src=\"https:\/\/campingcabestan.com\/wp-content\/uploads\/2026\/01\/logo.png\" class=\"custom-logo\" alt=\"Logo de Cabestan Camping &amp; Locations\" \/><\/a><\/div>\n\n\n<h1 class=\"wp-block-heading has-text-align-center is-style-default has-white-color has-text-color has-link-color has-xxxxxl-font-size wp-elements-64c7396bb09603ecc3ea36e93ff4a13a\">Camping with entertainment at Br\u00e9tignolles-sur-Mer<\/h1>\n\n\n\n<p class=\"has-text-align-center is-style-top-title has-white-color has-text-color has-link-color has-xxxxxl-font-size wp-elements-dea099ab69c14b85e8c41f6b9d3cfcdc is-style-top-title--1\" style=\"font-style:normal;font-weight:400\">in Vend\u00e9e<\/p>\n<\/div>\n<div style=\"padding-left:var(--wp--preset--spacing--s);padding-top:var(--wp--preset--spacing--s);padding-bottom:var(--wp--preset--spacing--s);\" class=\"alignfull wp-elements-84d4f65cc985c7a61634468535819da2 wp-block-wpseopress-breadcrumbs has-text-color has-primary-color\"><nav  aria-label=\"breadcrumb\"><ol class=\"breadcrumb\" itemscope itemtype=\"https:\/\/schema.org\/BreadcrumbList\"><li class=\"breadcrumb-item active\" aria-current=\"page\" itemprop=\"itemListElement\" itemscope itemtype=\"https:\/\/schema.org\/ListItem\"><span itemprop=\"name\">Camping in Br\u00e9tignolles-sur-Mer<\/span><meta itemprop=\"position\" content=\"1\"><\/li><\/ol><\/nav><\/div>\n<div style=\"height:var(--wp--preset--spacing--xxxxxl)\" aria-hidden=\"true\" class=\"wp-block-spacer\"><\/div>\n\n<div class=\"wp-block-columns alignwide are-vertically-aligned-center hrz-responsive-col hrz-reponsive-order is-layout-flex wp-container-core-columns-is-layout-3f562962 wp-block-columns-is-layout-flex\" style=\"margin-top:0;margin-bottom:0;padding-top:0;padding-right:var(--wp--preset--spacing--xxl);padding-bottom:0;padding-left:var(--wp--preset--spacing--xxl)\">\n<div class=\"wp-block-column is-vertically-aligned-center is-layout-flow wp-block-column-is-layout-flow\">\n<figure class=\"wp-block-image size-full\"><img alt=\"\" decoding=\"async\" width=\"600\" height=\"600\" src=\"https:\/\/campingcabestan.com\/wp-content\/uploads\/2026\/01\/sejour-anime-au-camping.webp\" alt=\"\" class=\"wp-image-524\" style=\"aspect-ratio:3\/4;object-fit:cover\" srcset=\"https:\/\/campingcabestan.com\/wp-content\/uploads\/2026\/01\/sejour-anime-au-camping.webp 600w, https:\/\/campingcabestan.com\/wp-content\/uploads\/2026\/01\/sejour-anime-au-camping-300x300.webp 300w, https:\/\/campingcabestan.com\/wp-content\/uploads\/2026\/01\/sejour-anime-au-camping-150x150.webp 150w, https:\/\/campingcabestan.com\/wp-content\/uploads\/2026\/01\/sejour-anime-au-camping-400x400.webp 400w, https:\/\/campingcabestan.com\/wp-content\/uploads\/2026\/01\/sejour-anime-au-camping-200x200.webp 200w, https:\/\/campingcabestan.com\/wp-content\/uploads\/2026\/01\/sejour-anime-au-camping-100x100.webp 100w\" sizes=\"(max-width: 600px) 100vw, 600px\" \/><\/figure>\n<\/div>\n\n\n\n<div class=\"wp-block-column is-vertically-aligned-center is-layout-flow wp-block-column-is-layout-flow\" style=\"padding-top:0;padding-right:0;padding-bottom:0;padding-left:0\">\n<p class=\"is-style-top-title is-style-top-title--2\">Entertainment<\/p>\n\n\n\n<h2 class=\"wp-block-heading\" style=\"margin-bottom:var(--wp--preset--spacing--xxl)\">for all<\/h2>\n\n\n\n<p>Immerse yourself in a <strong>whirlwind of entertainment<\/strong> during your stay at our <a href=\"https:\/\/campingcabestan.com\/\">family campsite in Br\u00e9tignolles-sur-Mer<\/a>.<\/p>\n\n\n\n<p>For older children and families, our campsite offers a varied <strong>entertainment program<\/strong> for adults and families, designed to satisfy every taste. From <strong>sports tournaments<\/strong> to <strong>shows<\/strong>, <strong>evening <\/strong> <strong>concerts <\/strong>and <strong>themed activities<\/strong>, every day promises unforgettable moments with family and friends. <\/p>\n\n\n\n<p>Let yourself be carried away by <strong>the festive and friendly atmosphere<\/strong> that reigns at our family campsite! Here, every day is a new opportunity to share moments of complicity and good humor. Whether you&#8217;re a <strong>fan of dance<\/strong>, <strong>music <\/strong>or <strong>games<\/strong>, you&#8217;re sure to find what you&#8217;re looking for in our <strong>entertainment program<\/strong>.  <\/p>\n<\/div>\n<\/div>\n\n<div style=\"height:var(--wp--preset--spacing--xxxxxl)\" aria-hidden=\"true\" class=\"wp-block-spacer\"><\/div>\n\n<div class=\"wp-block-group alignfull hrz-galerie-1 anim_element_bottom has-global-padding is-layout-constrained wp-block-group-is-layout-constrained\">\n<div class=\"wp-block-cover alignfull is-light hrz-galerie-1-cover\" style=\"padding-top:var(--wp--preset--spacing--xxxxxl);padding-right:var(--wp--preset--spacing--xxxxxl);padding-bottom:var(--wp--preset--spacing--xxxxxl);padding-left:var(--wp--preset--spacing--xxxxxl)\"><img alt=\"Groupe de musique jouant en plein air au cr\u00e9puscule.\" decoding=\"async\" width=\"1200\" height=\"900\" class=\"wp-block-cover__image-background wp-image-539 size-full\" alt=\"\" src=\"https:\/\/campingcabestan.com\/wp-content\/uploads\/2026\/01\/animation-concert-camping-cabestan.webp\" data-object-fit=\"cover\" srcset=\"https:\/\/campingcabestan.com\/wp-content\/uploads\/2026\/01\/animation-concert-camping-cabestan.webp 1200w, https:\/\/campingcabestan.com\/wp-content\/uploads\/2026\/01\/animation-concert-camping-cabestan-300x225.webp 300w, https:\/\/campingcabestan.com\/wp-content\/uploads\/2026\/01\/animation-concert-camping-cabestan-1024x768.webp 1024w, https:\/\/campingcabestan.com\/wp-content\/uploads\/2026\/01\/animation-concert-camping-cabestan-768x576.webp 768w, https:\/\/campingcabestan.com\/wp-content\/uploads\/2026\/01\/animation-concert-camping-cabestan-720x540.webp 720w, https:\/\/campingcabestan.com\/wp-content\/uploads\/2026\/01\/animation-concert-camping-cabestan-320x240.webp 320w, https:\/\/campingcabestan.com\/wp-content\/uploads\/2026\/01\/animation-concert-camping-cabestan-160x120.webp 160w\" sizes=\"(max-width: 1200px) 100vw, 1200px\" \/><span aria-hidden=\"true\" class=\"wp-block-cover__background has-real-black-background-color has-background-dim-20 has-background-dim\"><\/span><div class=\"wp-block-cover__inner-container has-global-padding is-layout-constrained wp-container-core-cover-is-layout-143ab919 wp-block-cover-is-layout-constrained\">\n<p class=\"has-text-align-center is-style-top-title has-real-white-color has-text-color has-link-color has-xxxxl-font-size wp-elements-8570510ea3e4333ec5a21c525afcdc1c is-style-top-title--3\">Your evening entertainment<\/p>\n\n\n\n<h2 class=\"wp-block-heading has-text-align-center has-real-white-color has-text-color has-link-color wp-elements-03e086ff61920c6e143c2354a1ef994b\" style=\"margin-bottom:var(--wp--preset--spacing--xxl)\">in Bretignolles-sur-Mer<\/h2>\n\n\n\n<p class=\"has-text-align-center has-real-white-color has-text-color has-link-color wp-elements-5038e6a977405a20061644cfaaac2d8b\">As night falls, our campsite with entertainment in the Vend\u00e9e region lights up with a thousand lights to offer you <strong>evenings that are as festive as they are convivial<\/strong>. <strong>Concerts<\/strong>, <strong>shows<\/strong>, <strong>family games<\/strong>&#8230; let yourself be carried away by the magic of our <strong>night-time entertainment<\/strong>!<\/p>\n\n\n\n<p class=\"has-text-align-center has-real-white-color has-text-color has-link-color wp-elements-0df43278448cebac9739083af7f3042c\">Our <strong>themed evenings<\/strong> promise unforgettable moments of entertainment and sharing, where young and old can have fun and relax together. Whether you&#8217;re into <strong>music<\/strong>, <strong>dancing <\/strong>or <strong>games<\/strong>, you&#8217;re sure to find what you&#8217;re looking for in our selection of night-time activities. <\/p>\n<\/div><\/div>\n<\/div>\n\n<div style=\"height:var(--wp--preset--spacing--xxxxxl)\" aria-hidden=\"true\" class=\"wp-block-spacer\"><\/div>\n\n<div class=\"wp-block-columns alignwide are-vertically-aligned-center hrz-responsive-col hrz-reponsive-order is-style-hrz-reponsive-order is-layout-flex wp-container-core-columns-is-layout-3f562962 wp-block-columns-is-layout-flex\" style=\"margin-top:0;margin-bottom:0;padding-top:0;padding-right:var(--wp--preset--spacing--xxl);padding-bottom:0;padding-left:var(--wp--preset--spacing--xxl)\">\n<div class=\"wp-block-column is-vertically-aligned-center is-layout-flow wp-block-column-is-layout-flow\" style=\"padding-top:0;padding-right:0;padding-bottom:0;padding-left:0\">\n<p class=\"is-style-top-title is-style-top-title--4\">Sports facilities<\/p>\n\n\n\n<h2 class=\"wp-block-heading\" style=\"margin-bottom:var(--wp--preset--spacing--xxl)\">for young and old<\/h2>\n\n\n\n<p>Lovers of <strong>thrills<\/strong> and <strong>sporting challenges<\/strong> will find plenty to do at our campsite. From the children&#8217;s playground to the <strong>multi-sports fields<\/strong> and aquagym classes, there&#8217;s always something to do and have fun with. <\/p>\n\n\n\n<p>Our modern, well-equipped <strong>sports facilities<\/strong> allow you to enjoy a wide range of outdoor activities, whatever your level. Whether you&#8217;re into <strong>soccer<\/strong>, <strong>volleyball<\/strong>, <strong>basketball <\/strong>or <strong>swimming<\/strong>, you&#8217;re sure to find something to keep you entertained at our campsite. <\/p>\n<\/div>\n\n\n\n<div class=\"wp-block-column is-vertically-aligned-center is-layout-flow wp-block-column-is-layout-flow\">\n<figure class=\"wp-block-image size-full\"><img alt=\"Personnes jouent au ping-pong en plein air.\" decoding=\"async\" width=\"960\" height=\"720\" src=\"https:\/\/campingcabestan.com\/wp-content\/uploads\/2026\/01\/8d19e240-bf30-454a-aba7-f94daf9e41a6.webp\" alt=\"\" class=\"wp-image-675\" style=\"aspect-ratio:3\/4;object-fit:cover\" srcset=\"https:\/\/campingcabestan.com\/wp-content\/uploads\/2026\/01\/8d19e240-bf30-454a-aba7-f94daf9e41a6.webp 960w, https:\/\/campingcabestan.com\/wp-content\/uploads\/2026\/01\/8d19e240-bf30-454a-aba7-f94daf9e41a6-300x225.webp 300w, https:\/\/campingcabestan.com\/wp-content\/uploads\/2026\/01\/8d19e240-bf30-454a-aba7-f94daf9e41a6-768x576.webp 768w, https:\/\/campingcabestan.com\/wp-content\/uploads\/2026\/01\/8d19e240-bf30-454a-aba7-f94daf9e41a6-720x540.webp 720w, https:\/\/campingcabestan.com\/wp-content\/uploads\/2026\/01\/8d19e240-bf30-454a-aba7-f94daf9e41a6-320x240.webp 320w, https:\/\/campingcabestan.com\/wp-content\/uploads\/2026\/01\/8d19e240-bf30-454a-aba7-f94daf9e41a6-160x120.webp 160w\" sizes=\"(max-width: 960px) 100vw, 960px\" \/><\/figure>\n<\/div>\n<\/div>\n\n<div style=\"height:var(--wp--preset--spacing--xxxxxl)\" aria-hidden=\"true\" class=\"wp-block-spacer\"><\/div>\n\n<p><\/p>\n","protected":false},"excerpt":{"rendered":"<p>Camping with entertainment at Br\u00e9tignolles-sur-Mer in Vend\u00e9e Entertainment for all Immerse yourself in a whirlwind of entertainment during your stay at our family campsite in Br\u00e9tignolles-sur-Mer. For older children and families, our campsite offers a varied entertainment program for adults and families, designed to satisfy every taste. From sports tournaments to shows, evening concerts and [&hellip;]<\/p>\n","protected":false},"featured_media":0,"parent":0,"menu_order":0,"comment_status":"closed","ping_status":"closed","template":"page-full-width","meta":{"_acf_changed":false,"_seopress_robots_primary_cat":"","_seopress_titles_title":"Campsite Br\u00e9tignolles-sur-Mer | Entertainment for the whole family","_seopress_titles_desc":"Spend a memorable vacation in Br\u00e9tignolles-sur-Mer at Camping Le Cabestan. Relaxation, fun and activities for young and old in the Vend\u00e9e. ","_seopress_robots_index":"","footnotes":""},"class_list":["post-1912","page","type-page","status-publish","hentry"],"acf":[],"_links":{"self":[{"href":"https:\/\/campingcabestan.com\/en\/wp-json\/wp\/v2\/pages\/1912","targetHints":{"allow":["GET"]}}],"collection":[{"href":"https:\/\/campingcabestan.com\/en\/wp-json\/wp\/v2\/pages"}],"about":[{"href":"https:\/\/campingcabestan.com\/en\/wp-json\/wp\/v2\/types\/page"}],"author":[{"embeddable":true,"href":"https:\/\/campingcabestan.com\/en\/wp-json\/wp\/v2\/users\/1"}],"replies":[{"embeddable":true,"href":"https:\/\/campingcabestan.com\/en\/wp-json\/wp\/v2\/comments?post=1912"}],"version-history":[{"count":1,"href":"https:\/\/campingcabestan.com\/en\/wp-json\/wp\/v2\/pages\/1912\/revisions"}],"predecessor-version":[{"id":1913,"href":"https:\/\/campingcabestan.com\/en\/wp-json\/wp\/v2\/pages\/1912\/revisions\/1913"}],"wp:attachment":[{"href":"https:\/\/campingcabestan.com\/en\/wp-json\/wp\/v2\/media?parent=1912"}],"curies":[{"name":"wp","href":"https:\/\/api.w.org\/{rel}","templated":true}]}}