{"id":1836,"date":"2026-01-28T13:58:47","date_gmt":"2026-01-28T12:58:47","guid":{"rendered":"https:\/\/campingcabestan.com\/pitches\/"},"modified":"2026-02-02T16:42:14","modified_gmt":"2026-02-02T15:42:14","slug":"pitches","status":"publish","type":"page","link":"https:\/\/campingcabestan.com\/en\/pitches\/","title":{"rendered":"Pitches"},"content":{"rendered":"\n<div class=\"wp-block-group alignfull hero-lab has-global-padding is-layout-constrained wp-container-core-group-is-layout-812dcb84 wp-block-group-is-layout-constrained has-background\" style=\"padding-top:var(--wp--preset--spacing--xxxxxxl);padding-bottom:var(--wp--preset--spacing--xxxxxxl);background-image:url(&apos;https:\/\/campingcabestan.com\/wp-content\/uploads\/2026\/01\/491402346_1281781030615936_3710828285109428406_n.webp&apos;);background-position:50% 84%;background-size:cover;\"><div class=\"aligncenter wp-block-site-logo\"><a href=\"https:\/\/campingcabestan.com\/en\/\" class=\"custom-logo-link\" rel=\"home\"><img decoding=\"async\" width=\"250\" height=\"174\" src=\"https:\/\/campingcabestan.com\/wp-content\/uploads\/2026\/01\/logo.png\" class=\"custom-logo\" alt=\"Logo de Cabestan Camping &amp; Locations\" \/><\/a><\/div>\n\n\n<h1 class=\"wp-block-heading has-text-align-center is-style-default has-white-color has-text-color has-link-color has-xxxxxl-font-size wp-elements-daeef4269adf85b4b88cac3124708545\">Rent a camping pitch in Br\u00e9tignolles-sur-Mer<\/h1>\n\n\n\n<p class=\"has-text-align-center is-style-top-title has-white-color has-text-color has-link-color has-xxxxxl-font-size wp-elements-247172c8df9d374be43bf193ac76166d is-style-top-title--1\" style=\"font-style:normal;font-weight:400\">in Vend\u00e9e<\/p>\n<\/div>\n\n\n<div style=\"padding-left:var(--wp--preset--spacing--s);padding-top:var(--wp--preset--spacing--s);padding-bottom:var(--wp--preset--spacing--s);\" class=\"alignfull wp-elements-5cd3591c1ade14a972751d58f754b855 wp-block-wpseopress-breadcrumbs has-text-color has-primary-color\"><nav  aria-label=\"breadcrumb\"><ol class=\"breadcrumb\" itemscope itemtype=\"https:\/\/schema.org\/BreadcrumbList\"><li class=\"breadcrumb-item active\" aria-current=\"page\" itemprop=\"itemListElement\" itemscope itemtype=\"https:\/\/schema.org\/ListItem\"><span itemprop=\"name\">Camping in Br\u00e9tignolles-sur-Mer<\/span><meta itemprop=\"position\" content=\"1\"><\/li><\/ol><\/nav><\/div>\n\n\n<div style=\"height:var(--wp--preset--spacing--xxxxxl)\" aria-hidden=\"true\" class=\"wp-block-spacer\"><\/div>\n\n\n\n<h2 class=\"wp-block-heading\">Camping in Vend\u00e9e<\/h2>\n\n\n\n<p><\/p>\n\n\n\n<p>For lovers of <strong>traditional<\/strong> <strong>camping<\/strong>, opt to rent a <strong>spacious<\/strong> <strong>,<\/strong> <strong>green<\/strong> <strong>pitch<\/strong> at our <strong><a href=\"https:\/\/campingcabestan.com\/en\/\" data-type=\"page\" data-id=\"4\">Br\u00e9tignolles-sur-Mer campsite<\/a><\/strong>.<\/p>\n\n\n\n<div style=\"height:30px\" aria-hidden=\"true\" class=\"wp-block-spacer\"><\/div>\n\n\n\n<div style=\"height:var(--wp--preset--spacing--xxxxxl)\" aria-hidden=\"true\" class=\"wp-block-spacer\"><\/div>\n\n\n\n<div class=\"wp-block-group alignfull is-layout-flow wp-block-group-is-layout-flow\" style=\"padding-right:var(--wp--preset--spacing--xs);padding-left:var(--wp--preset--spacing--xs)\">\n\t<div class=\"alignfull swiper-hebergement-static has-global-padding is-layout-constrained wp-container-horizon-blocks-query-camping-rest-static-is-layout-0faa5006 wp-block-horizon-blocks-query-camping-rest-static-is-layout-constrained\">\n\t\t<ul class=\"static-hebergement-listing swiper-wrapper\">\n\t\t\t<style>:root { \n\t\t\t\t--static-query-color: #FFFFFF;\n\t\t\t\t--available-text-content-color: #8CC882;\n\t\t\t\t--available-btn-bg-color: #D1B891;\n\t\t\t\t--available-btn-text-color: #FFFCF8;\n\t\t\t\t--available-btn-bg-hover-color: #35AECB;\n\t\t\t\t--available-btn-text-hover-color: #FFFCF8;}\n\t\t\t<\/style>\n\t\t\t\t<li class=\"swiper-slide\">\n\t\t\t\t\t<div class=\"wp-block-group card-product-hebergement card-gamme\">\n\n\t\t\t\t\t\t<div class=\"wp-block-group card-product-hebergement-product-thumbnail\">\n\t\t\t\t\t\t\t<div class=\"wp-block-group\">\n\t\t\t\t\t\t\t\t<a href=\"https:\/\/campingcabestan.com\/en\/hebergements\/bare-pitch-for-tent-with-electricity\/\" title=\"BARE PITCH FOR TENT WITH ELECTRICITY\">\n\t\t\t\t\t\t\t\t\t<figure class=\"wp-block-image alignfull size-large\" style=\"margin:0;\">\n\t\t\t\t\t\t\t\t\t\t<img decoding=\"async\" src=\"https:\/\/campingcabestan.com\/wp-content\/uploads\/2026\/01\/IMG_20200423_135441_1_BURST001_COVER-1024x768.webp\" alt=\"BARE PITCH FOR TENT WITH ELECTRICITY\" \/>\n\t\t\t\t\t\t\t\t\t<\/figure>\n\t\t\t\t\t\t\t\t<\/a>\n\t\t\t\t\t\t\t<\/div>\n\n\t\t\t\t\t\t\t<div class=\"wp-block-group bloc-thumbnail-informations\">\n\n\t\t\t\t\t\t\t\t\t\t\t\t\t\t\t\t\t\t\t\t\t\t\t\t\t\t\t<div class=\"wp-block-group bloc-thumbnail-information\">\n\t\t\t\t\t\t\t\t\t\t\t<i class=\"fa-sharp fa-solid fa-family\"><\/i>\t\t\t\t\t\t\t\t\t\t\t<p class=\"label\">6 pers.<\/p>\n\t\t\t\t\t\t\t\t\t\t<\/div>\n\t\t\t\t\t\t\t\t\t\t\t\t\t\t\t\t\t\t\t<div class=\"wp-block-group bloc-thumbnail-information\">\n\t\t\t\t\t\t\t\t\t\t\t<i class=\"fa-solid fa-angle-90\"><\/i>\t\t\t\t\t\t\t\t\t\t\t<p class=\"label\">80&gt;100   m\u00b2<\/p>\n\t\t\t\t\t\t\t\t\t\t<\/div>\n\t\t\t\t\t\t\t\t\t\n\t\t\t\t\t\t\t\t\n\t\t\t\t\t\t\t<\/div>\n\t\t\t\t\t\t<\/div>\n\n\t\t\t\t\t\t<div class=\"wp-block-group card-product-hebergement-product-content\">\n\t\t\t\t\t\t\t<p class=\"bloc-content-name-gamme\">Location<\/p>\n\n\t\t\t\t\t\t\t<h3 class=\"bloc-content-name-product\">BARE PITCH FOR TENT WITH ELECTRICITY<\/h3>\n\n\t\t\t\t\t\t\t<div class=\"card-price\">\n\t\t\t\t\t\t\t\t<div class=\"loader\"><span class=\"dot\"><\/span><span class=\"dot\"><\/span><span class=\"dot\"><\/span><\/div>\n\n\t\t\t\t\t\t\t\t<div class=\"booking_default\">\n\t\t\t\t\t\t\t\t\t<div class=\"wp-block-group card-product-hebergement-product-price\">\n\n\t\t\t\t\t\t\t\t\t\t\n\n\n\t\t\t\t\t\t\t\t\t\t<div class=\"wp-block-buttons alignfull\">\n\t\t\t\t\t\t\t\t\t\t\t<div class=\"bloc-price-button-book\"><a href=\"https:\/\/campingcabestan.com\/en\/hebergements\/bare-pitch-for-tent-with-electricity\/\" class=\"wp-block-button__link wp-element-button\">Book<\/a><\/div>\n\t\t\t\t\t\t\t\t\t\t<\/div>\n\t\t\t\t\t\t\t\t\t<\/div>\n\t\t\t\t\t\t\t\t<\/div>\n\t\t\t\t\t\t\t<\/div>\n\t\t\t\t\t\t<\/div>\n\t\t\t\t\t<\/div>\n\t\t\t\t<\/li>\n\n\n\t\t\t\n\t\t\t\t<li class=\"swiper-slide\">\n\t\t\t\t\t<div class=\"wp-block-group card-product-hebergement card-gamme\">\n\n\t\t\t\t\t\t<div class=\"wp-block-group card-product-hebergement-product-thumbnail\">\n\t\t\t\t\t\t\t<div class=\"wp-block-group\">\n\t\t\t\t\t\t\t\t<a href=\"https:\/\/campingcabestan.com\/en\/hebergements\/bare-pitch-with-electricity-included\/\" title=\"BARE PITCH WITH ELECTRICITY INCLUDED\">\n\t\t\t\t\t\t\t\t\t<figure class=\"wp-block-image alignfull size-large\" style=\"margin:0;\">\n\t\t\t\t\t\t\t\t\t\t<img decoding=\"async\" src=\"https:\/\/campingcabestan.com\/wp-content\/uploads\/2026\/01\/IMG_20200423_135556-1024x768.webp\" alt=\"BARE PITCH WITH ELECTRICITY INCLUDED\" \/>\n\t\t\t\t\t\t\t\t\t<\/figure>\n\t\t\t\t\t\t\t\t<\/a>\n\t\t\t\t\t\t\t<\/div>\n\n\t\t\t\t\t\t\t<div class=\"wp-block-group bloc-thumbnail-informations\">\n\n\t\t\t\t\t\t\t\t\t\t\t\t\t\t\t\t\t\t\t\t\t\t\t\t\t\t\t<div class=\"wp-block-group bloc-thumbnail-information\">\n\t\t\t\t\t\t\t\t\t\t\t<i class=\"fa-sharp fa-solid fa-family\"><\/i>\t\t\t\t\t\t\t\t\t\t\t<p class=\"label\">6 pers.<\/p>\n\t\t\t\t\t\t\t\t\t\t<\/div>\n\t\t\t\t\t\t\t\t\t\t\t\t\t\t\t\t\t\t\t<div class=\"wp-block-group bloc-thumbnail-information\">\n\t\t\t\t\t\t\t\t\t\t\t<i class=\"fa-solid fa-angle-90\"><\/i>\t\t\t\t\t\t\t\t\t\t\t<p class=\"label\">80&gt;100   m\u00b2<\/p>\n\t\t\t\t\t\t\t\t\t\t<\/div>\n\t\t\t\t\t\t\t\t\t\n\t\t\t\t\t\t\t\t\n\t\t\t\t\t\t\t<\/div>\n\t\t\t\t\t\t<\/div>\n\n\t\t\t\t\t\t<div class=\"wp-block-group card-product-hebergement-product-content\">\n\t\t\t\t\t\t\t<p class=\"bloc-content-name-gamme\">Location<\/p>\n\n\t\t\t\t\t\t\t<h3 class=\"bloc-content-name-product\">BARE PITCH WITH ELECTRICITY INCLUDED<\/h3>\n\n\t\t\t\t\t\t\t<div class=\"card-price\">\n\t\t\t\t\t\t\t\t<div class=\"loader\"><span class=\"dot\"><\/span><span class=\"dot\"><\/span><span class=\"dot\"><\/span><\/div>\n\n\t\t\t\t\t\t\t\t<div class=\"booking_default\">\n\t\t\t\t\t\t\t\t\t<div class=\"wp-block-group card-product-hebergement-product-price\">\n\n\t\t\t\t\t\t\t\t\t\t\n\n\n\t\t\t\t\t\t\t\t\t\t<div class=\"wp-block-buttons alignfull\">\n\t\t\t\t\t\t\t\t\t\t\t<div class=\"bloc-price-button-book\"><a href=\"https:\/\/campingcabestan.com\/en\/hebergements\/bare-pitch-with-electricity-included\/\" class=\"wp-block-button__link wp-element-button\">Book<\/a><\/div>\n\t\t\t\t\t\t\t\t\t\t<\/div>\n\t\t\t\t\t\t\t\t\t<\/div>\n\t\t\t\t\t\t\t\t<\/div>\n\t\t\t\t\t\t\t<\/div>\n\t\t\t\t\t\t<\/div>\n\t\t\t\t\t<\/div>\n\t\t\t\t<\/li>\n\n\n\t\t\t\t\t<\/ul>\n\n\t<\/div>\n\n<\/div>\n\n\n\n<div style=\"height:var(--wp--preset--spacing--xxl)\" aria-hidden=\"true\" class=\"wp-block-spacer\"><\/div>\n\n\n\n<h2 class=\"wp-block-heading\">Your stay in a pitch in Bretignolles-sur-Mer<\/h2>\n\n\n\n<div style=\"height:25px\" aria-hidden=\"true\" class=\"wp-block-spacer\"><\/div>\n\n\n\n<p>Enjoy the peace and quiet of nature by renting one of our pitches at our campsite in Bretignolles-sur-Mer. With friends or family, pitch your tent or caravan and enjoy the soothing rhythm of life in the great outdoors. <\/p>\n\n\n\n<p>Renting a pitch in the Vend\u00e9e at our <a href=\"https:\/\/campingcabestan.com\/\">Cabestan campsite<\/a> guarantees comfort and spaciousness:<\/p>\n\n\n\n<p>Pitch of 100m\u00b2 minimum and isolated from others by vegetation<br>-Electricity with 16A amperage<br>-Close to nature<br>-Clean toilets nearby<\/p>\n\n\n\n<p>Our well-maintained, shaded caravan and tent pitches offer you an idyllic setting for a vacation close to nature. With their large surface area and strategic location, they&#8217;re perfect for setting up your tent, caravan or motorhome in total peace and quiet. <\/p>\n\n\n\n<p><\/p>\n\n\n\n<h2 class=\"wp-block-heading\">Sanitary facilities near your pitch  <\/h2>\n\n\n\n<p>Hot showers, WCs, washbasins&#8230; everything is provided to ensure your stay is synonymous with well-being and relaxation.<\/p>\n\n\n\n<p>Our high-quality sanitary facilities, cleaned and disinfected twice a day, guarantee impeccable hygiene conditions throughout your stay. With their functional equipment and practical layout, they are essential to your comfort and well-being during your camping vacation. <\/p>\n\n\n\n<p>A soothing, comfortable and rejuvenating camping vacation awaits you at our Vend\u00e9e campsite!<\/p>\n\n\n\n<div style=\"height:var(--wp--preset--spacing--xxxxxl)\" aria-hidden=\"true\" class=\"wp-block-spacer\"><\/div>\n","protected":false},"excerpt":{"rendered":"<p>Rent a camping pitch in Br\u00e9tignolles-sur-Mer in Vend\u00e9e Camping in Vend\u00e9e For lovers of traditional camping, opt to rent a spacious , green pitch at our Br\u00e9tignolles-sur-Mer campsite. Your stay in a pitch in Bretignolles-sur-Mer Enjoy the peace and quiet of nature by renting one of our pitches at our campsite in Bretignolles-sur-Mer. With friends [&hellip;]<\/p>\n","protected":false},"featured_media":0,"parent":0,"menu_order":0,"comment_status":"closed","ping_status":"closed","template":"page-full-width","meta":{"_acf_changed":false,"_seopress_robots_primary_cat":"","_seopress_titles_title":"Camping pitches in Bretignolles-sur-Mer for tents and caravans","_seopress_titles_desc":"Book your camping pitch for tent, caravan or motorhome in Bretignolles-sur-Mer for your vacations in the Vend\u00e9e. Live the adventure!","_seopress_robots_index":"","footnotes":""},"class_list":["post-1836","page","type-page","status-publish","hentry"],"acf":[],"_links":{"self":[{"href":"https:\/\/campingcabestan.com\/en\/wp-json\/wp\/v2\/pages\/1836","targetHints":{"allow":["GET"]}}],"collection":[{"href":"https:\/\/campingcabestan.com\/en\/wp-json\/wp\/v2\/pages"}],"about":[{"href":"https:\/\/campingcabestan.com\/en\/wp-json\/wp\/v2\/types\/page"}],"author":[{"embeddable":true,"href":"https:\/\/campingcabestan.com\/en\/wp-json\/wp\/v2\/users\/1"}],"replies":[{"embeddable":true,"href":"https:\/\/campingcabestan.com\/en\/wp-json\/wp\/v2\/comments?post=1836"}],"version-history":[{"count":2,"href":"https:\/\/campingcabestan.com\/en\/wp-json\/wp\/v2\/pages\/1836\/revisions"}],"predecessor-version":[{"id":2228,"href":"https:\/\/campingcabestan.com\/en\/wp-json\/wp\/v2\/pages\/1836\/revisions\/2228"}],"wp:attachment":[{"href":"https:\/\/campingcabestan.com\/en\/wp-json\/wp\/v2\/media?parent=1836"}],"curies":[{"name":"wp","href":"https:\/\/api.w.org\/{rel}","templated":true}]}}