{"id":2656,"date":"2026-02-09T11:25:12","date_gmt":"2026-02-09T10:25:12","guid":{"rendered":"https:\/\/campingcabestan.com\/alle-unterkuenfte\/klassische-reihe\/"},"modified":"2026-02-09T14:17:23","modified_gmt":"2026-02-09T13:17:23","slug":"klassische-reihe","status":"publish","type":"page","link":"https:\/\/campingcabestan.com\/de\/alle-unterkuenfte\/klassische-reihe\/","title":{"rendered":"Klassische Reihe"},"content":{"rendered":"\n<div class=\"wp-block-group alignfull hero-lab has-global-padding is-layout-constrained wp-container-core-group-is-layout-812dcb84 wp-block-group-is-layout-constrained has-background\" style=\"padding-top:var(--wp--preset--spacing--xxxxxxl);padding-bottom:var(--wp--preset--spacing--xxxxxxl);background-image:url(&apos;https:\/\/campingcabestan.com\/wp-content\/uploads\/2026\/01\/pict_23_2.webp&apos;);background-position:51% 64%;background-size:cover;\"><div class=\"aligncenter wp-block-site-logo\"><a href=\"https:\/\/campingcabestan.com\/de\/\" class=\"custom-logo-link\" rel=\"home\"><img decoding=\"async\" width=\"250\" height=\"174\" src=\"https:\/\/campingcabestan.com\/wp-content\/uploads\/2026\/01\/logo.png\" class=\"custom-logo\" alt=\"Logo de Cabestan Camping &amp; Locations\" \/><\/a><\/div>\n\n\n<h1 class=\"wp-block-heading has-text-align-center is-style-default has-white-color has-text-color has-link-color has-xxxxxl-font-size wp-elements-904a17956559132df0a3bfee3bd53694\">Klassische Reihe<\/h1>\n\n\n\n<p class=\"has-text-align-center is-style-top-title has-white-color has-text-color has-link-color has-xxxxxl-font-size wp-elements-3294780fbb55fd039c0434d853b756b9 is-style-top-title--1\" style=\"font-style:normal;font-weight:400\">Camping im Mobilheim<\/p>\n<\/div>\n\n\n<div style=\"padding-left:var(--wp--preset--spacing--s);padding-top:var(--wp--preset--spacing--s);padding-bottom:var(--wp--preset--spacing--s);\" class=\"alignfull wp-elements-5cd3591c1ade14a972751d58f754b855 wp-block-wpseopress-breadcrumbs has-text-color has-primary-color\"><nav  aria-label=\"breadcrumb\"><ol class=\"breadcrumb\" itemscope itemtype=\"https:\/\/schema.org\/BreadcrumbList\"><li class=\"breadcrumb-item active\" aria-current=\"page\" itemprop=\"itemListElement\" itemscope itemtype=\"https:\/\/schema.org\/ListItem\"><span itemprop=\"name\">Campingplatz in Br\u00e9tignolles-sur-Mer<\/span><meta itemprop=\"position\" content=\"1\"><\/li><\/ol><\/nav><\/div>\n\n\n<div style=\"height:var(--wp--preset--spacing--xxxxxl)\" aria-hidden=\"true\" class=\"wp-block-spacer\"><\/div>\n\n\n\n<div class=\"wp-block-group alignfull anim_element_left is-layout-flow wp-block-group-is-layout-flow\" style=\"padding-right:var(--wp--preset--spacing--xs);padding-left:var(--wp--preset--spacing--xs)\">\n\t<div class=\"alignfull swiper-hebergement-static has-global-padding is-layout-constrained wp-container-horizon-blocks-query-camping-rest-static-is-layout-0faa5006 wp-block-horizon-blocks-query-camping-rest-static-is-layout-constrained\">\n\t\t<ul class=\"static-hebergement-listing swiper-wrapper\">\n\t\t\t<style>:root { \n\t\t\t\t--static-query-color: #FFFFFF;\n\t\t\t\t--available-text-content-color: #8CC882;\n\t\t\t\t--available-btn-bg-color: #D1B891;\n\t\t\t\t--available-btn-text-color: #FFFCF8;\n\t\t\t\t--available-btn-bg-hover-color: #35AECB;\n\t\t\t\t--available-btn-text-hover-color: #FFFCF8;}\n\t\t\t<\/style>\n\t\t\t\t<li class=\"swiper-slide\">\n\t\t\t\t\t<div class=\"wp-block-group card-product-hebergement card-gamme\">\n\n\t\t\t\t\t\t<div class=\"wp-block-group card-product-hebergement-product-thumbnail\">\n\t\t\t\t\t\t\t<div class=\"wp-block-group\">\n\t\t\t\t\t\t\t\t<a href=\"https:\/\/campingcabestan.com\/de\/hebergements\/mobilheim-classic-3-schlafzimmer-6-personen\/\" title=\"MOBILHEIM CLASSIC 3 SCHLAFZIMMER 6 PERSONEN\">\n\t\t\t\t\t\t\t\t\t<figure class=\"wp-block-image alignfull size-large\" style=\"margin:0;\">\n\t\t\t\t\t\t\t\t\t\t<img decoding=\"async\" src=\"https:\/\/campingcabestan.com\/wp-content\/uploads\/2026\/01\/pict_23_1-1024x608.webp\" alt=\"MOBILHEIM CLASSIC 3 SCHLAFZIMMER 6 PERSONEN\" \/>\n\t\t\t\t\t\t\t\t\t<\/figure>\n\t\t\t\t\t\t\t\t<\/a>\n\t\t\t\t\t\t\t<\/div>\n\n\t\t\t\t\t\t\t<div class=\"wp-block-group bloc-thumbnail-informations\">\n\n\t\t\t\t\t\t\t\t\t\t\t\t\t\t\t\t\t\t\t\t\t\t\t\t\t\t\t<div class=\"wp-block-group bloc-thumbnail-information\">\n\t\t\t\t\t\t\t\t\t\t\t<i class=\"fa-sharp fa-solid fa-family\"><\/i>\t\t\t\t\t\t\t\t\t\t\t<p class=\"label\">6 pers.<\/p>\n\t\t\t\t\t\t\t\t\t\t<\/div>\n\t\t\t\t\t\t\t\t\t\t\t\t\t\t\t\t\t\t\t<div class=\"wp-block-group bloc-thumbnail-information\">\n\t\t\t\t\t\t\t\t\t\t\t<i class=\"fa-solid fa-bed-front\"><\/i>\t\t\t\t\t\t\t\t\t\t\t<p class=\"label\">3  ch.<\/p>\n\t\t\t\t\t\t\t\t\t\t<\/div>\n\t\t\t\t\t\t\t\t\t\t\t\t\t\t\t\t\t\t\t<div class=\"wp-block-group bloc-thumbnail-information\">\n\t\t\t\t\t\t\t\t\t\t\t<i class=\"fa-solid fa-angle-90\"><\/i>\t\t\t\t\t\t\t\t\t\t\t<p class=\"label\">32   m\u00b2<\/p>\n\t\t\t\t\t\t\t\t\t\t<\/div>\n\t\t\t\t\t\t\t\t\t\n\t\t\t\t\t\t\t\t\n\t\t\t\t\t\t\t<\/div>\n\t\t\t\t\t\t<\/div>\n\n\t\t\t\t\t\t<div class=\"wp-block-group card-product-hebergement-product-content\">\n\t\t\t\t\t\t\t<p class=\"bloc-content-name-gamme\">Klassisch<\/p>\n\n\t\t\t\t\t\t\t<h3 class=\"bloc-content-name-product\">MOBILHEIM CLASSIC 3 SCHLAFZIMMER 6 PERSONEN<\/h3>\n\n\t\t\t\t\t\t\t<div class=\"card-price\">\n\t\t\t\t\t\t\t\t<div class=\"loader\"><span class=\"dot\"><\/span><span class=\"dot\"><\/span><span class=\"dot\"><\/span><\/div>\n\n\t\t\t\t\t\t\t\t<div class=\"booking_default\">\n\t\t\t\t\t\t\t\t\t<div class=\"wp-block-group card-product-hebergement-product-price\">\n\n\t\t\t\t\t\t\t\t\t\t\n\n\n\t\t\t\t\t\t\t\t\t\t<div class=\"wp-block-buttons alignfull\">\n\t\t\t\t\t\t\t\t\t\t\t<div class=\"bloc-price-button-book\"><a href=\"https:\/\/campingcabestan.com\/de\/hebergements\/mobilheim-classic-3-schlafzimmer-6-personen\/\" class=\"wp-block-button__link wp-element-button\">Buchen<\/a><\/div>\n\t\t\t\t\t\t\t\t\t\t<\/div>\n\t\t\t\t\t\t\t\t\t<\/div>\n\t\t\t\t\t\t\t\t<\/div>\n\t\t\t\t\t\t\t<\/div>\n\t\t\t\t\t\t<\/div>\n\t\t\t\t\t<\/div>\n\t\t\t\t<\/li>\n\n\n\t\t\t\n\t\t\t\t<li class=\"swiper-slide\">\n\t\t\t\t\t<div class=\"wp-block-group card-product-hebergement card-gamme\">\n\n\t\t\t\t\t\t<div class=\"wp-block-group card-product-hebergement-product-thumbnail\">\n\t\t\t\t\t\t\t<div class=\"wp-block-group\">\n\t\t\t\t\t\t\t\t<a href=\"https:\/\/campingcabestan.com\/de\/hebergements\/mobilheim-classic-2-schlafzimmer-4-personen\/\" title=\"MOBILHEIM CLASSIC 2 SCHLAFZIMMER 4 PERSONEN\">\n\t\t\t\t\t\t\t\t\t<figure class=\"wp-block-image alignfull size-large\" style=\"margin:0;\">\n\t\t\t\t\t\t\t\t\t\t<img decoding=\"async\" src=\"https:\/\/campingcabestan.com\/wp-content\/uploads\/2026\/01\/pict_5_1.webp\" alt=\"MOBILHEIM CLASSIC 2 SCHLAFZIMMER 4 PERSONEN\" \/>\n\t\t\t\t\t\t\t\t\t<\/figure>\n\t\t\t\t\t\t\t\t<\/a>\n\t\t\t\t\t\t\t<\/div>\n\n\t\t\t\t\t\t\t<div class=\"wp-block-group bloc-thumbnail-informations\">\n\n\t\t\t\t\t\t\t\t\t\t\t\t\t\t\t\t\t\t\t\t\t\t\t\t\t\t\t<div class=\"wp-block-group bloc-thumbnail-information\">\n\t\t\t\t\t\t\t\t\t\t\t<i class=\"fa-sharp fa-solid fa-family\"><\/i>\t\t\t\t\t\t\t\t\t\t\t<p class=\"label\">4 pers.<\/p>\n\t\t\t\t\t\t\t\t\t\t<\/div>\n\t\t\t\t\t\t\t\t\t\t\t\t\t\t\t\t\t\t\t<div class=\"wp-block-group bloc-thumbnail-information\">\n\t\t\t\t\t\t\t\t\t\t\t<i class=\"fa-solid fa-bed-front\"><\/i>\t\t\t\t\t\t\t\t\t\t\t<p class=\"label\">2  ch.<\/p>\n\t\t\t\t\t\t\t\t\t\t<\/div>\n\t\t\t\t\t\t\t\t\t\t\t\t\t\t\t\t\t\t\t<div class=\"wp-block-group bloc-thumbnail-information\">\n\t\t\t\t\t\t\t\t\t\t\t<i class=\"fa-solid fa-angle-90\"><\/i>\t\t\t\t\t\t\t\t\t\t\t<p class=\"label\">25   m\u00b2<\/p>\n\t\t\t\t\t\t\t\t\t\t<\/div>\n\t\t\t\t\t\t\t\t\t\n\t\t\t\t\t\t\t\t\n\t\t\t\t\t\t\t<\/div>\n\t\t\t\t\t\t<\/div>\n\n\t\t\t\t\t\t<div class=\"wp-block-group card-product-hebergement-product-content\">\n\t\t\t\t\t\t\t<p class=\"bloc-content-name-gamme\">Klassisch<\/p>\n\n\t\t\t\t\t\t\t<h3 class=\"bloc-content-name-product\">MOBILHEIM CLASSIC 2 SCHLAFZIMMER 4 PERSONEN<\/h3>\n\n\t\t\t\t\t\t\t<div class=\"card-price\">\n\t\t\t\t\t\t\t\t<div class=\"loader\"><span class=\"dot\"><\/span><span class=\"dot\"><\/span><span class=\"dot\"><\/span><\/div>\n\n\t\t\t\t\t\t\t\t<div class=\"booking_default\">\n\t\t\t\t\t\t\t\t\t<div class=\"wp-block-group card-product-hebergement-product-price\">\n\n\t\t\t\t\t\t\t\t\t\t\n\n\n\t\t\t\t\t\t\t\t\t\t<div class=\"wp-block-buttons alignfull\">\n\t\t\t\t\t\t\t\t\t\t\t<div class=\"bloc-price-button-book\"><a href=\"https:\/\/campingcabestan.com\/de\/hebergements\/mobilheim-classic-2-schlafzimmer-4-personen\/\" class=\"wp-block-button__link wp-element-button\">Buchen<\/a><\/div>\n\t\t\t\t\t\t\t\t\t\t<\/div>\n\t\t\t\t\t\t\t\t\t<\/div>\n\t\t\t\t\t\t\t\t<\/div>\n\t\t\t\t\t\t\t<\/div>\n\t\t\t\t\t\t<\/div>\n\t\t\t\t\t<\/div>\n\t\t\t\t<\/li>\n\n\n\t\t\t\t\t<\/ul>\n\n\t<\/div>\n\n<\/div>\n\n\n\n<div style=\"height:var(--wp--preset--spacing--xxxxxl)\" aria-hidden=\"true\" class=\"wp-block-spacer\"><\/div>\n","protected":false},"excerpt":{"rendered":"<p>Klassische Reihe Camping im Mobilheim<\/p>\n","protected":false},"featured_media":0,"parent":2363,"menu_order":0,"comment_status":"closed","ping_status":"closed","template":"page-full-width","meta":{"_acf_changed":false,"_seopress_robots_primary_cat":"","_seopress_titles_title":"Vermietung Unterkunft Klassische Reihe in Bretignolles-sur-Mer","_seopress_titles_desc":"Genie\u00dfen Sie Ihren Urlaub mit unserer Classic-Reihe in Bretignolles-sur-Mer. Funktionale Unterk\u00fcnfte zum besten Preis f\u00fcr Ihren Aufenthalt in der Vend\u00e9e.","_seopress_robots_index":"","footnotes":""},"class_list":["post-2656","page","type-page","status-publish","hentry"],"acf":[],"_links":{"self":[{"href":"https:\/\/campingcabestan.com\/de\/wp-json\/wp\/v2\/pages\/2656","targetHints":{"allow":["GET"]}}],"collection":[{"href":"https:\/\/campingcabestan.com\/de\/wp-json\/wp\/v2\/pages"}],"about":[{"href":"https:\/\/campingcabestan.com\/de\/wp-json\/wp\/v2\/types\/page"}],"author":[{"embeddable":true,"href":"https:\/\/campingcabestan.com\/de\/wp-json\/wp\/v2\/users\/1"}],"replies":[{"embeddable":true,"href":"https:\/\/campingcabestan.com\/de\/wp-json\/wp\/v2\/comments?post=2656"}],"version-history":[{"count":2,"href":"https:\/\/campingcabestan.com\/de\/wp-json\/wp\/v2\/pages\/2656\/revisions"}],"predecessor-version":[{"id":2691,"href":"https:\/\/campingcabestan.com\/de\/wp-json\/wp\/v2\/pages\/2656\/revisions\/2691"}],"up":[{"embeddable":true,"href":"https:\/\/campingcabestan.com\/de\/wp-json\/wp\/v2\/pages\/2363"}],"wp:attachment":[{"href":"https:\/\/campingcabestan.com\/de\/wp-json\/wp\/v2\/media?parent=2656"}],"curies":[{"name":"wp","href":"https:\/\/api.w.org\/{rel}","templated":true}]}}