{"id":2369,"date":"2026-02-02T17:39:38","date_gmt":"2026-02-02T16:39:38","guid":{"rendered":"https:\/\/campingcabestan.com\/datenschutzbestimmungen\/"},"modified":"2026-02-03T14:14:17","modified_gmt":"2026-02-03T13:14:17","slug":"datenschutzbestimmungen","status":"publish","type":"page","link":"https:\/\/campingcabestan.com\/de\/datenschutzbestimmungen\/","title":{"rendered":"Datenschutzbestimmungen"},"content":{"rendered":"\n<div class=\"wp-block-group alignfull hero-lab has-global-padding is-layout-constrained wp-container-core-group-is-layout-01743b57 wp-block-group-is-layout-constrained has-background\" style=\"padding-top:15rem;padding-bottom:15rem;background-image:url(&apos;https:\/\/campingcabestan.com\/wp-content\/uploads\/2026\/01\/mer.webp&apos;);background-position:50% 70%;background-size:cover;\"><div class=\"aligncenter wp-block-site-logo\"><a href=\"https:\/\/campingcabestan.com\/de\/\" class=\"custom-logo-link\" rel=\"home\"><img decoding=\"async\" width=\"250\" height=\"174\" src=\"https:\/\/campingcabestan.com\/wp-content\/uploads\/2026\/01\/logo.png\" class=\"custom-logo\" alt=\"Logo de Cabestan Camping &amp; Locations\" \/><\/a><\/div>\n\n\n<h1 class=\"wp-block-heading has-text-align-center is-style-default has-white-color has-text-color has-link-color has-xxxxxl-font-size wp-elements-0d2083e070f84899d9dce8180a0d2da4\">Datenschutzpolitik<\/h1>\n\n\n\n<p class=\"has-text-align-center is-style-top-title has-white-color has-text-color has-link-color has-xxxxxl-font-size wp-elements-c6d771ae014532821384880239e5ba85 is-style-top-title--1\" style=\"font-style:normal;font-weight:400\">des Campingplatzes Cabestan<\/p>\n<\/div>\n<div style=\"padding-left:var(--wp--preset--spacing--s);padding-top:var(--wp--preset--spacing--s);padding-bottom:var(--wp--preset--spacing--s);\" class=\"alignfull wp-elements-84d4f65cc985c7a61634468535819da2 wp-block-wpseopress-breadcrumbs has-text-color has-primary-color\"><nav  aria-label=\"breadcrumb\"><ol class=\"breadcrumb\" itemscope itemtype=\"https:\/\/schema.org\/BreadcrumbList\"><li class=\"breadcrumb-item active\" aria-current=\"page\" itemprop=\"itemListElement\" itemscope itemtype=\"https:\/\/schema.org\/ListItem\"><span itemprop=\"name\">Campingplatz in Br\u00e9tignolles-sur-Mer<\/span><meta itemprop=\"position\" content=\"1\"><\/li><\/ol><\/nav><\/div>\n<div style=\"height:var(--wp--preset--spacing--xxxxxl)\" aria-hidden=\"true\" class=\"wp-block-spacer\"><\/div>\n\n<p>Lesen Sie hier die Datenschutzbestimmungen unseres Campingplatzes Cabestan.<\/p>\n\n<div style=\"height:var(--wp--preset--spacing--xl)\" aria-hidden=\"true\" class=\"wp-block-spacer\"><\/div>\n\n<h2 class=\"wp-block-heading\"><strong>Sammeln von Informationen<\/strong><\/h2>\n\n<p>Wir sammeln Informationen, wenn Sie auf der Website surfen, eine Bestellung aufgeben und eines der Formulare ausf\u00fcllen.<\/p>\n\n<p>Dar\u00fcber hinaus erhalten und speichern wir automatisch Informationen von Ihrem Computer und Browser, wie z.B. :<\/p>\n\n<p>IP-Adresse<\/p>\n\n<p>Art der verwendeten Hardware und des Browsers<\/p>\n\n<p>Seite(n), die Sie aufrufen<\/p>\n\n<div style=\"height:32px\" aria-hidden=\"true\" class=\"wp-block-spacer\"><\/div>\n\n<h2 class=\"wp-block-heading\"><strong>Nutzung von Informationen<\/strong><\/h2>\n\n<p>Alle Informationen, die wir von Ihnen sammeln, k\u00f6nnen f\u00fcr folgende Zwecke verwendet werden:<\/p>\n\n<p>Personalisierung Ihrer Erfahrung und Erf\u00fcllung Ihrer individuellen Bed\u00fcrfnisse<\/p>\n\n<p>Bereitstellung von personalisierten Werbeinhalten<\/p>\n\n<p>Verbesserung unserer Website<\/p>\n\n<p>Verbesserung des Kundenservice und Ihres Betreuungsbedarfs<\/p>\n\n<p>Sie per E-Mail kontaktieren<\/p>\n\n<p>Einen Wettbewerb, eine Bef\u00f6rderung oder eine Umfrage verwalten<\/p>\n\n<div style=\"height:32px\" aria-hidden=\"true\" class=\"wp-block-spacer\"><\/div>\n\n<h2 class=\"wp-block-heading\"><strong>Offenlegung gegen\u00fcber Dritten<\/strong><\/h2>\n\n<p>Wir verkaufen, tauschen oder \u00fcbertragen Ihre pers\u00f6nlich identifizierbaren Informationen nicht an Dritte. Dies schlie\u00dft nicht vertrauensw\u00fcrdige Dritte ein, die uns beim Betrieb unserer Website helfen, solange diese Parteien sich damit einverstanden erkl\u00e4ren, diese Informationen vertraulich zu behandeln. <\/p>\n\n<p>Nicht-private Informationen k\u00f6nnen jedoch anderen Parteien f\u00fcr Marketing, Werbung oder andere Zwecke zur Verf\u00fcgung gestellt werden.<\/p>\n\n<div style=\"height:32px\" aria-hidden=\"true\" class=\"wp-block-spacer\"><\/div>\n\n<h2 class=\"wp-block-heading\"><strong>Schutz von Informationen<\/strong><\/h2>\n\n<p>Wir setzen eine Vielzahl von Sicherheitsma\u00dfnahmen ein, um die Sicherheit Ihrer pers\u00f6nlichen Daten zu gew\u00e4hrleisten:<\/p>\n\n<p>SSL-Protokoll<\/p>\n\n<p>Verwaltung des Zugangs durch Login\/Passwort<\/p>\n\n<p>Software zur Netzwerk\u00fcberwachung<\/p>\n\n<p>Mehrere Computer-Backups<\/p>\n\n<p>Firewall<\/p>\n\n<p>Wir sch\u00fctzen Ihre Informationen auch offline. Nur Mitarbeiter, die eine bestimmte Arbeit ausf\u00fchren m\u00fcssen (z.B. Rechnungsstellung oder Kundenservice), haben Zugang zu pers\u00f6nlich identifizierbaren Informationen. Die Computer und Server, die zur Speicherung von personenbezogenen Daten verwendet werden, werden in einer sicheren Umgebung aufbewahrt.  <\/p>\n\n<div style=\"height:32px\" aria-hidden=\"true\" class=\"wp-block-spacer\"><\/div>\n\n<h2 class=\"wp-block-heading\"><strong>Cookies<\/strong><\/h2>\n\n<p>Cookies sind Textdateien, die in Ihrem Browser gespeichert werden und oft verschl\u00fcsselt sind. Sie werden erstellt, wenn der Browser eines Nutzers eine bestimmte Website l\u00e4dt: Die Website sendet Informationen an den Browser, der daraufhin eine Textdatei erstellt. Jedes Mal, wenn der Nutzer die gleiche Website erneut besucht, ruft der Browser diese Datei ab und sendet sie an den Server der Website.  <\/p>\n\n<p>Es gibt zwei Arten von Cookies, die nicht denselben Zwecken dienen: technische Cookies und Werbe-Cookies:<\/p>\n\n<p>Cookies sind Textdateien, die in Ihrem Browser gespeichert werden und oft verschl\u00fcsselt sind. Sie werden erstellt, wenn der Browser eines Nutzers eine bestimmte Website l\u00e4dt: Die Website sendet Informationen an den Browser, der daraufhin eine Textdatei erstellt. Jedes Mal, wenn der Nutzer die gleiche Website erneut besucht, ruft der Browser diese Datei ab und sendet sie an den Server der Website.  <\/p>\n\n<p>Es gibt zwei Arten von Cookies, die nicht denselben Zwecken dienen: technische Cookies und Werbe-Cookies:<\/p>\n\n<p>Wir verwenden technische Cookies und Werbe-Cookies.<\/p>\n\n<p>Wir verwenden Google Analytics, ein statistisches Tool zur Analyse der Besucherzahlen, das ein Cookie generiert, mit dem die Anzahl der Besuche, die Anzahl der Seitenaufrufe und die Aktivit\u00e4ten der Besucher gemessen werden k\u00f6nnen. Ihre IP-Adresse wird ebenfalls gesammelt, um die Stadt zu bestimmen, von der aus Sie sich einloggen. <\/p>\n\n<p>Wir m\u00f6chten Sie daran erinnern, dass Sie die Hinterlegung von technischen und Werbe-Cookies verhindern k\u00f6nnen, indem Sie Ihren Browser entsprechend konfigurieren. Weitere Informationen \u00fcber die Verwendung von Cookies finden Sie auf der Website der CNIL: http: <a href=\"http:\/\/www.cnil.fr\/vos-droits\/vos-traces\/les-cookies\/\" target=\"_blank\" rel=\"noreferrer noopener\">\/\/www.cnil.fr\/vos-droits\/vos-traces\/les-cookies\/<\/a> <\/p>\n\n<p>Eine solche Verweigerung kann jedoch den ordnungsgem\u00e4\u00dfen Betrieb der Website verhindern.<\/p>\n\n<div style=\"height:32px\" aria-hidden=\"true\" class=\"wp-block-spacer\"><\/div>\n\n<h2 class=\"wp-block-heading\"><strong>Abmelden<\/strong><\/h2>\n\n<p>Wir verwenden die von Ihnen angegebene E-Mail-Adresse, um Ihnen Informationen und Updates zu Ihrer Bestellung, gelegentliche Nachrichten, Produktinformationen, Neuheiten usw. zu senden. Wenn Sie sich jederzeit abmelden und keine weiteren E-Mails mehr erhalten m\u00f6chten, k\u00f6nnen Sie dies tun, indem Sie das Formular ausf\u00fcllen. <strong><a href=\"https:\/\/www.campingclosdubourg.com\/contact-acces\/\">dieses Formular aus.<\/a><\/strong>. <\/p>\n\n<div style=\"height:32px\" aria-hidden=\"true\" class=\"wp-block-spacer\"><\/div>\n\n<h2 class=\"wp-block-heading\"><strong>Recht auf Zugang, \u00c4nderung und L\u00f6schung Ihrer Daten<\/strong><\/h2>\n\n<p>Wenn Sie zu irgendeinem Zeitpunkt Zugang zu Ihren pers\u00f6nlichen Informationen w\u00fcnschen oder diese \u00e4ndern oder l\u00f6schen m\u00f6chten, k\u00f6nnen Sie dies direkt \u00fcber dieses Formular beantragen.<\/p>\n\n<p>Wir verpflichten uns, Ihnen das Recht auf Widerspruch und R\u00fccknahme Ihrer pers\u00f6nlichen Daten zu gew\u00e4hren. Das Widerspruchsrecht ist die M\u00f6glichkeit f\u00fcr Internetnutzer, die Verwendung ihrer pers\u00f6nlichen Daten f\u00fcr bestimmte Zwecke, die bei der Erhebung angegeben wurden, zu verweigern. <\/p>\n\n<p>Um diese Rechte auszu\u00fcben, k\u00f6nnen Sie uns kontaktieren:<\/p>\n\n<p>Campingplatz Cabestan<\/p>\n\n<p>24 Rte de Saint-Gilles, 85470 Bretignolles-sur-Mer<\/p>\n\n<p><a href=\"tel:+33251901592\" data-type=\"tel\" data-id=\"tel:+33251901592\">02.51.90.15.92<\/a><\/p>\n\n<p><a href=\"mailto:info@campingcabestan.com\">info@campingcabestan.com<\/a><\/p>\n\n<div style=\"height:32px\" aria-hidden=\"true\" class=\"wp-block-spacer\"><\/div>\n\n<h2 class=\"wp-block-heading\"><strong>Aufbewahrung von Daten<\/strong><\/h2>\n\n<p>Die pers\u00f6nlichen Daten unserer Internetnutzer werden maximal 36 Monate lang aufbewahrt.<\/p>\n\n<div style=\"height:32px\" aria-hidden=\"true\" class=\"wp-block-spacer\"><\/div>\n\n<h2 class=\"wp-block-heading\"><strong>Zustimmung<\/strong><\/h2>\n\n<p>Durch die Nutzung unserer Website erkl\u00e4ren Sie sich mit unserer Datenschutzrichtlinie einverstanden.<\/p>\n\n<div style=\"height:50px\" aria-hidden=\"true\" class=\"wp-block-spacer\"><\/div>\n","protected":false},"excerpt":{"rendered":"<p>Datenschutzpolitik des Campingplatzes Cabestan Lesen Sie hier die Datenschutzbestimmungen unseres Campingplatzes Cabestan. Sammeln von Informationen Wir sammeln Informationen, wenn Sie auf der Website surfen, eine Bestellung aufgeben und eines der Formulare ausf\u00fcllen. Dar\u00fcber hinaus erhalten und speichern wir automatisch Informationen von Ihrem Computer und Browser, wie z.B. : IP-Adresse Art der verwendeten Hardware und des [&hellip;]<\/p>\n","protected":false},"featured_media":0,"parent":0,"menu_order":0,"comment_status":"closed","ping_status":"closed","template":"page-full-width","meta":{"_acf_changed":false,"_seopress_robots_primary_cat":"","_seopress_titles_title":"Datenschutzbestimmungen | Camping Cabestan in Br\u00e9tignolles-sur-Mer","_seopress_titles_desc":"Datenschutzerkl\u00e4rung des 3-Sterne-Campingplatzes Cabestan in Br\u00e9tignolles-sur-Mer in der Vend\u00e9e.","_seopress_robots_index":"","footnotes":""},"class_list":["post-2369","page","type-page","status-publish","hentry"],"acf":[],"_links":{"self":[{"href":"https:\/\/campingcabestan.com\/de\/wp-json\/wp\/v2\/pages\/2369","targetHints":{"allow":["GET"]}}],"collection":[{"href":"https:\/\/campingcabestan.com\/de\/wp-json\/wp\/v2\/pages"}],"about":[{"href":"https:\/\/campingcabestan.com\/de\/wp-json\/wp\/v2\/types\/page"}],"author":[{"embeddable":true,"href":"https:\/\/campingcabestan.com\/de\/wp-json\/wp\/v2\/users\/1"}],"replies":[{"embeddable":true,"href":"https:\/\/campingcabestan.com\/de\/wp-json\/wp\/v2\/comments?post=2369"}],"version-history":[{"count":1,"href":"https:\/\/campingcabestan.com\/de\/wp-json\/wp\/v2\/pages\/2369\/revisions"}],"predecessor-version":[{"id":2370,"href":"https:\/\/campingcabestan.com\/de\/wp-json\/wp\/v2\/pages\/2369\/revisions\/2370"}],"wp:attachment":[{"href":"https:\/\/campingcabestan.com\/de\/wp-json\/wp\/v2\/media?parent=2369"}],"curies":[{"name":"wp","href":"https:\/\/api.w.org\/{rel}","templated":true}]}}