{"id":1951,"date":"2026-01-13T16:05:03","date_gmt":"2026-01-13T15:05:03","guid":{"rendered":"https:\/\/campingcabestan.com\/rechtliche-hinweise\/"},"modified":"2026-02-03T14:15:43","modified_gmt":"2026-02-03T13:15:43","slug":"rechtliche-hinweise","status":"publish","type":"page","link":"https:\/\/campingcabestan.com\/de\/rechtliche-hinweise\/","title":{"rendered":"Rechtliche Hinweise"},"content":{"rendered":"\n<div class=\"wp-block-group alignfull hero-lab has-global-padding is-layout-constrained wp-container-core-group-is-layout-01743b57 wp-block-group-is-layout-constrained has-background\" style=\"padding-top:15rem;padding-bottom:15rem;background-image:url(&apos;https:\/\/campingcabestan.com\/wp-content\/uploads\/2026\/01\/mer.webp&apos;);background-position:50% 70%;background-size:cover;\"><div class=\"aligncenter wp-block-site-logo\"><a href=\"https:\/\/campingcabestan.com\/de\/\" class=\"custom-logo-link\" rel=\"home\"><img decoding=\"async\" width=\"250\" height=\"174\" src=\"https:\/\/campingcabestan.com\/wp-content\/uploads\/2026\/01\/logo.png\" class=\"custom-logo\" alt=\"Logo de Cabestan Camping &amp; Locations\" \/><\/a><\/div>\n\n\n<h1 class=\"wp-block-heading has-text-align-center is-style-default has-white-color has-text-color has-link-color has-xxxxxl-font-size wp-elements-557c34e8512b167aaadf58ceb97f5940\">Rechtliche Hinweise<\/h1>\n\n\n\n<p class=\"has-text-align-center is-style-top-title has-white-color has-text-color has-link-color has-xxxxxl-font-size wp-elements-c6d771ae014532821384880239e5ba85 is-style-top-title--1\" style=\"font-style:normal;font-weight:400\">des Campingplatzes Cabestan<\/p>\n<\/div>\n<div style=\"padding-left:var(--wp--preset--spacing--s);padding-top:var(--wp--preset--spacing--s);padding-bottom:var(--wp--preset--spacing--s);\" class=\"alignfull wp-elements-84d4f65cc985c7a61634468535819da2 wp-block-wpseopress-breadcrumbs has-text-color has-primary-color\"><nav  aria-label=\"breadcrumb\"><ol class=\"breadcrumb\" itemscope itemtype=\"https:\/\/schema.org\/BreadcrumbList\"><li class=\"breadcrumb-item active\" aria-current=\"page\" itemprop=\"itemListElement\" itemscope itemtype=\"https:\/\/schema.org\/ListItem\"><span itemprop=\"name\">Campingplatz in Br\u00e9tignolles-sur-Mer<\/span><meta itemprop=\"position\" content=\"1\"><\/li><\/ol><\/nav><\/div>\n<div style=\"height:var(--wp--preset--spacing--xxxxxl)\" aria-hidden=\"true\" class=\"wp-block-spacer\"><\/div>\n\n<h2 class=\"wp-block-heading has-primary-color has-text-color has-link-color wp-elements-0363affd621b84a80d5bd9d5bcd464c8\" style=\"line-height:1\">Identit\u00e4t<\/h2>\n\n<p>Name der Website: Camping Cabestan<br\/>Adresse: https:\/\/campingcabestan.com\/<br\/>Eigent\u00fcmer: <br\/>Verantwortlich f\u00fcr die Ver\u00f6ffentlichung: LES SABLES DE RIEZ Camping Cabestan<br\/>Design und Umsetzung: Horizon Marketing<br\/>Animation: Camping Cabestan<br\/>Hosting: <strong>Infomaniak<\/strong><\/p>\n\n<div style=\"height:30px\" aria-hidden=\"true\" class=\"wp-block-spacer\"><\/div>\n\n<h2 class=\"wp-block-heading has-primary-color has-text-color has-link-color wp-elements-d0b371e83a0b9b29b1c4399a185d6069\" style=\"line-height:1\">Juristische Person<\/h2>\n\n<p>LES SABLES DE RIEZ &#8211; Registrierungsdatum: 24\/04\/2024 &#8211; R.C.S. de La Roche sur Yon am 29\/02\/2024 &#8211; Soci\u00e9t\u00e9 par actions simplifi\u00e9e (Gesellschaft mit einem einzigen Gesellschafter) &#8211; Grundkapital: 1 006 000,00 Euro<\/p>\n\n<div style=\"height:30px\" aria-hidden=\"true\" class=\"wp-block-spacer\"><\/div>\n\n<h2 class=\"wp-block-heading has-primary-color has-text-color has-link-color wp-elements-4ea032ce56508ef55b4de951fa1a8b45\" style=\"line-height:1\">Nutzungsbedingungen<\/h2>\n\n<p>Die Nutzung dieser Website setzt die vollst\u00e4ndige und uneingeschr\u00e4nkte Annahme der nachstehend beschriebenen allgemeinen Nutzungsbedingungen voraus. Diese Nutzungsbedingungen k\u00f6nnen jederzeit ge\u00e4ndert oder erg\u00e4nzt werden. <\/p>\n\n<div style=\"height:30px\" aria-hidden=\"true\" class=\"wp-block-spacer\"><\/div>\n\n<h2 class=\"wp-block-heading has-primary-color has-text-color has-link-color wp-elements-10c7945633bfb323d8450752898cc773\" style=\"line-height:1\">Informationen<\/h2>\n\n<p>Die Informationen und Dokumente auf der Website dienen der Information, sind nicht ersch\u00f6pfend und k\u00f6nnen nicht zur Verantwortung gezogen werden.<\/p>\n\n<p>Der Eigent\u00fcmer der Website haftet nicht f\u00fcr direkte oder indirekte Sch\u00e4den, die sich aus dem Zugriff auf die Website ergeben.<\/p>\n\n<div style=\"height:30px\" aria-hidden=\"true\" class=\"wp-block-spacer\"><\/div>\n\n<p><\/p>\n\n<h2 class=\"wp-block-heading has-primary-color has-text-color has-link-color wp-elements-fefcd1529a8b3eadfc959cc66c8aeb48\" style=\"line-height:1\">Interaktivit\u00e4t<\/h2>\n\n<p>Die Nutzer der Website k\u00f6nnen Inhalte hinterlegen, die auf der Website in daf\u00fcr vorgesehenen Bereichen erscheinen (insbesondere \u00fcber das Kontaktformular). Die Verantwortung f\u00fcr den Inhalt liegt bei den Autoren, die die volle rechtliche Verantwortung daf\u00fcr \u00fcbernehmen. <\/p>\n\n<p>Der Eigent\u00fcmer der Website beh\u00e4lt sich jedoch das Recht vor, von Nutzern eingereichte Inhalte, die nicht den ethischen Richtlinien der Website oder den geltenden Gesetzen entsprechen, ohne Vorank\u00fcndigung und ohne Begr\u00fcndung zu entfernen.<\/p>\n\n<p><\/p>\n\n<div style=\"height:30px\" aria-hidden=\"true\" class=\"wp-block-spacer\"><\/div>\n\n<h2 class=\"wp-block-heading has-primary-color has-text-color has-link-color wp-elements-44984935b20a2a6379d20d583579a9b3\" style=\"line-height:1\">Geistiges Eigentum<\/h2>\n\n<p>Sofern nicht anders angegeben, sind alle auf der Website zug\u00e4nglichen Elemente (Texte, Bilder, Grafiken, Logos, Icons, T\u00f6ne, Software usw.) das ausschlie\u00dfliche Eigentum ihrer Autoren, was die Rechte am geistigen Eigentum oder die Nutzungsrechte betrifft.<\/p>\n\n<p>Die Vervielf\u00e4ltigung, Darstellung, \u00c4nderung, Ver\u00f6ffentlichung und Anpassung aller oder eines Teils der Elemente der Website, unabh\u00e4ngig von den verwendeten Mitteln oder Verfahren, ist ohne vorherige schriftliche Genehmigung des Autors untersagt.<\/p>\n\n<p>Jede nicht genehmigte Nutzung der Website oder eines ihrer Elemente gilt als F\u00e4lschung und wird strafrechtlich verfolgt.<\/p>\n\n<p>Die auf der Website abgebildeten Marken und Logos sind von den Unternehmen registriert, die ihre Eigent\u00fcmer sind.<\/p>\n\n<p><\/p>\n\n<div style=\"height:30px\" aria-hidden=\"true\" class=\"wp-block-spacer\"><\/div>\n\n<h2 class=\"wp-block-heading has-primary-color has-text-color has-link-color wp-elements-d5ec0d571f0e0fa6ef85be7b995a6e81\" style=\"line-height:1\">Links<\/h2>\n\n<p><strong>Ausgehende Links<\/strong><\/p>\n\n<p>Der Eigent\u00fcmer der Website lehnt jede Haftung ab und ist nicht verpflichtet, \u00fcber Hypertext-Links auf Ressourcen Dritter im Internet zu verweisen, sowohl in Bezug auf deren Inhalt als auch auf deren Relevanz.<\/p>\n\n<p><strong>Eingehende Links<\/strong><\/p>\n\n<p>Der Eigent\u00fcmer der Website gestattet Hypertext-Links zu einer der Seiten dieser Website, sofern diese ein neues Fenster \u00f6ffnen und unmissverst\u00e4ndlich dargestellt werden, um zu verhindern, dass :<\/p>\n\n<ul class=\"wp-block-list\">\n<li>jegliche Verwechslungsgefahr zwischen der zitierenden Website und dem Eigent\u00fcmer der Website<\/li>\n\n\n\n<li>sowie jede tendenzi\u00f6se oder gegen das geltende Recht versto\u00dfende Darstellung.<\/li>\n<\/ul>\n\n<p>Der Eigent\u00fcmer der Website beh\u00e4lt sich das Recht vor, die Entfernung eines Links zu verlangen, wenn er der Ansicht ist, dass die Quellsite die hier festgelegten Regeln nicht einh\u00e4lt.<\/p>\n\n<p><\/p>\n\n<div style=\"height:30px\" aria-hidden=\"true\" class=\"wp-block-spacer\"><\/div>\n\n<h2 class=\"wp-block-heading has-primary-color has-text-color has-link-color wp-elements-f1241822f3360fdb8fd6e05d32dea378\" style=\"line-height:1\">Datenschutz<\/h2>\n\n<p>Jeder Nutzer hat das Recht auf Zugang, Berichtigung und Widerspruch zu den ihn betreffenden pers\u00f6nlichen Daten, indem er einen schriftlichen und unterschriebenen Antrag zusammen mit einem Identit\u00e4tsnachweis stellt.<\/p>\n\n<p>Bei Anfragen wenden Sie sich bitte an die Beschwerdeabteilung<\/p>\n\n<p><\/p>\n\n<div style=\"height:30px\" aria-hidden=\"true\" class=\"wp-block-spacer\"><\/div>\n\n<h2 class=\"wp-block-heading has-primary-color has-text-color has-link-color wp-elements-b248a73828d3106d5ab153daef307cea\" style=\"line-height:1\">Ombudsmann f\u00fcr Verbraucherfragen<\/h2>\n\n<p>Gem\u00e4\u00df Artikel L 612-1 des Verbraucherschutzgesetzes hat jeder Kunde des Campingplatzes das Recht, sich kostenlos an einen Verbraucherschlichter zu wenden, um einen Streitfall mit dem Betreiber des Platzes g\u00fctlich beizulegen.<\/p>\n\n<p><\/p>\n\n<div style=\"height:30px\" aria-hidden=\"true\" class=\"wp-block-spacer\"><\/div>\n\n<h2 class=\"wp-block-heading has-primary-color has-text-color has-link-color wp-elements-175ace31a349bfcba30f8d38be5891a5\" style=\"line-height:1\">Kredite<\/h2>\n\n<p>Adobe stock<br\/>Camping Cabestan<\/p>\n\n<p><\/p>\n\n<div style=\"height:50px\" aria-hidden=\"true\" class=\"wp-block-spacer\"><\/div>\n","protected":false},"excerpt":{"rendered":"<p>Rechtliche Hinweise des Campingplatzes Cabestan Identit\u00e4t Name der Website: Camping CabestanAdresse: https:\/\/campingcabestan.com\/Eigent\u00fcmer: Verantwortlich f\u00fcr die Ver\u00f6ffentlichung: LES SABLES DE RIEZ Camping CabestanDesign und Umsetzung: Horizon MarketingAnimation: Camping CabestanHosting: Infomaniak Juristische Person LES SABLES DE RIEZ &#8211; Registrierungsdatum: 24\/04\/2024 &#8211; R.C.S. de La Roche sur Yon am 29\/02\/2024 &#8211; Soci\u00e9t\u00e9 par actions simplifi\u00e9e (Gesellschaft mit einem [&hellip;]<\/p>\n","protected":false},"featured_media":0,"parent":0,"menu_order":0,"comment_status":"closed","ping_status":"closed","template":"page-full-width","meta":{"_acf_changed":false,"_seopress_robots_primary_cat":"","_seopress_titles_title":"Rechtliche Hinweise | Camping Cabestan in Br\u00e9tignolles-sur-Mer","_seopress_titles_desc":"Rechtliche Hinweise des 3-Sterne-Campingplatzes Cabestan in Br\u00e9tignolles-sur-Mer in der Vend\u00e9e.","_seopress_robots_index":"","footnotes":""},"class_list":["post-1951","page","type-page","status-publish","hentry"],"acf":[],"_links":{"self":[{"href":"https:\/\/campingcabestan.com\/de\/wp-json\/wp\/v2\/pages\/1951","targetHints":{"allow":["GET"]}}],"collection":[{"href":"https:\/\/campingcabestan.com\/de\/wp-json\/wp\/v2\/pages"}],"about":[{"href":"https:\/\/campingcabestan.com\/de\/wp-json\/wp\/v2\/types\/page"}],"author":[{"embeddable":true,"href":"https:\/\/campingcabestan.com\/de\/wp-json\/wp\/v2\/users\/1"}],"replies":[{"embeddable":true,"href":"https:\/\/campingcabestan.com\/de\/wp-json\/wp\/v2\/comments?post=1951"}],"version-history":[{"count":2,"href":"https:\/\/campingcabestan.com\/de\/wp-json\/wp\/v2\/pages\/1951\/revisions"}],"predecessor-version":[{"id":2389,"href":"https:\/\/campingcabestan.com\/de\/wp-json\/wp\/v2\/pages\/1951\/revisions\/2389"}],"wp:attachment":[{"href":"https:\/\/campingcabestan.com\/de\/wp-json\/wp\/v2\/media?parent=1951"}],"curies":[{"name":"wp","href":"https:\/\/api.w.org\/{rel}","templated":true}]}}