{"id":1910,"date":"2026-01-13T16:05:02","date_gmt":"2026-01-13T15:05:02","guid":{"rendered":"https:\/\/campingcabestan.com\/animationen\/"},"modified":"2026-02-03T14:09:51","modified_gmt":"2026-02-03T13:09:51","slug":"animationen","status":"publish","type":"page","link":"https:\/\/campingcabestan.com\/de\/animationen\/","title":{"rendered":"Animationen"},"content":{"rendered":"\n<div class=\"wp-block-group alignfull hero-lab has-global-padding is-layout-constrained wp-container-core-group-is-layout-01743b57 wp-block-group-is-layout-constrained has-background\" style=\"padding-top:15rem;padding-bottom:15rem;background-image:url(&apos;https:\/\/campingcabestan.com\/wp-content\/uploads\/2026\/01\/concert-outdoor.webp&apos;);background-position:48% 72%;background-size:cover;\"><div class=\"aligncenter wp-block-site-logo\"><a href=\"https:\/\/campingcabestan.com\/de\/\" class=\"custom-logo-link\" rel=\"home\"><img decoding=\"async\" width=\"250\" height=\"174\" src=\"https:\/\/campingcabestan.com\/wp-content\/uploads\/2026\/01\/logo.png\" class=\"custom-logo\" alt=\"Logo de Cabestan Camping &amp; Locations\" \/><\/a><\/div>\n\n\n<h1 class=\"wp-block-heading has-text-align-center is-style-default has-white-color has-text-color has-link-color has-xxxxxl-font-size wp-elements-cecf3e01ab75715659772b06c252e52e\">Campingplatz mit Animationen in Br\u00e9tignolles-sur-Mer<\/h1>\n\n\n\n<p class=\"has-text-align-center is-style-top-title has-white-color has-text-color has-link-color has-xxxxxl-font-size wp-elements-4fa4f3452274081da19a7ba1b7df461b is-style-top-title--1\" style=\"font-style:normal;font-weight:400\">in der Vend\u00e9e<\/p>\n<\/div>\n<div style=\"padding-left:var(--wp--preset--spacing--s);padding-top:var(--wp--preset--spacing--s);padding-bottom:var(--wp--preset--spacing--s);\" class=\"alignfull wp-elements-84d4f65cc985c7a61634468535819da2 wp-block-wpseopress-breadcrumbs has-text-color has-primary-color\"><nav  aria-label=\"breadcrumb\"><ol class=\"breadcrumb\" itemscope itemtype=\"https:\/\/schema.org\/BreadcrumbList\"><li class=\"breadcrumb-item active\" aria-current=\"page\" itemprop=\"itemListElement\" itemscope itemtype=\"https:\/\/schema.org\/ListItem\"><span itemprop=\"name\">Campingplatz in Br\u00e9tignolles-sur-Mer<\/span><meta itemprop=\"position\" content=\"1\"><\/li><\/ol><\/nav><\/div>\n<div style=\"height:var(--wp--preset--spacing--xxxxxl)\" aria-hidden=\"true\" class=\"wp-block-spacer\"><\/div>\n\n<div class=\"wp-block-columns alignwide are-vertically-aligned-center hrz-responsive-col hrz-reponsive-order is-layout-flex wp-container-core-columns-is-layout-3f562962 wp-block-columns-is-layout-flex\" style=\"margin-top:0;margin-bottom:0;padding-top:0;padding-right:var(--wp--preset--spacing--xxl);padding-bottom:0;padding-left:var(--wp--preset--spacing--xxl)\">\n<div class=\"wp-block-column is-vertically-aligned-center is-layout-flow wp-block-column-is-layout-flow\">\n<figure class=\"wp-block-image size-full\"><img alt=\"\" decoding=\"async\" width=\"600\" height=\"600\" src=\"https:\/\/campingcabestan.com\/wp-content\/uploads\/2026\/01\/sejour-anime-au-camping.webp\" alt=\"\" class=\"wp-image-524\" style=\"aspect-ratio:3\/4;object-fit:cover\" srcset=\"https:\/\/campingcabestan.com\/wp-content\/uploads\/2026\/01\/sejour-anime-au-camping.webp 600w, https:\/\/campingcabestan.com\/wp-content\/uploads\/2026\/01\/sejour-anime-au-camping-300x300.webp 300w, https:\/\/campingcabestan.com\/wp-content\/uploads\/2026\/01\/sejour-anime-au-camping-150x150.webp 150w, https:\/\/campingcabestan.com\/wp-content\/uploads\/2026\/01\/sejour-anime-au-camping-400x400.webp 400w, https:\/\/campingcabestan.com\/wp-content\/uploads\/2026\/01\/sejour-anime-au-camping-200x200.webp 200w, https:\/\/campingcabestan.com\/wp-content\/uploads\/2026\/01\/sejour-anime-au-camping-100x100.webp 100w\" sizes=\"(max-width: 600px) 100vw, 600px\" \/><\/figure>\n<\/div>\n\n\n\n<div class=\"wp-block-column is-vertically-aligned-center is-layout-flow wp-block-column-is-layout-flow\" style=\"padding-top:0;padding-right:0;padding-bottom:0;padding-left:0\">\n<p class=\"is-style-top-title is-style-top-title--2\">Animationen<\/p>\n\n\n\n<h2 class=\"wp-block-heading\" style=\"margin-bottom:var(--wp--preset--spacing--xxl)\">f\u00fcr alle<\/h2>\n\n\n\n<p>Tauchen Sie w\u00e4hrend Ihres Aufenthalts auf unserem <a href=\"https:\/\/campingcabestan.com\/\">Familiencampingplatz in Br\u00e9tignolles-sur-Mer in<\/a> einen <strong>Strudel aus Animation und Unterhaltung<\/strong> ein.<\/p>\n\n\n\n<p>F\u00fcr die Gro\u00dfen und die Familien bietet unser Campingplatz ein abwechslungsreiches <strong>Animationsprogramm<\/strong> f\u00fcr Erwachsene und Familien, das alle W\u00fcnsche erf\u00fcllt. Mit <strong>Sportturnieren<\/strong>, <strong>Shows<\/strong>, <strong>Abendkonzerten <\/strong>und <strong>thematischen Aktivit\u00e4ten<\/strong> verspricht jeder Tag unvergessliche Momente mit der Familie oder mit Freunden. <\/p>\n\n\n\n<p>Lassen Sie sich von der <strong>festlichen und geselligen Atmosph\u00e4re<\/strong> mitrei\u00dfen, die auf unserem Campingplatz mit Familienanimationen herrscht! Hier ist jeder Tag eine neue Gelegenheit, Momente der Verbundenheit und der guten Laune zu teilen. Ob Sie nun gerne <strong>tanzen<\/strong>, <strong>Musik <\/strong>h\u00f6ren oder <strong>spielen<\/strong>, in unserem <strong>Animationsprogramm<\/strong> finden Sie bestimmt das Richtige f\u00fcr sich.  <\/p>\n<\/div>\n<\/div>\n\n<div style=\"height:var(--wp--preset--spacing--xxxxxl)\" aria-hidden=\"true\" class=\"wp-block-spacer\"><\/div>\n\n<div class=\"wp-block-group alignfull hrz-galerie-1 anim_element_bottom has-global-padding is-layout-constrained wp-block-group-is-layout-constrained\">\n<div class=\"wp-block-cover alignfull is-light hrz-galerie-1-cover\" style=\"padding-top:var(--wp--preset--spacing--xxxxxl);padding-right:var(--wp--preset--spacing--xxxxxl);padding-bottom:var(--wp--preset--spacing--xxxxxl);padding-left:var(--wp--preset--spacing--xxxxxl)\"><img alt=\"Groupe de musique jouant en plein air au cr\u00e9puscule.\" decoding=\"async\" width=\"1200\" height=\"900\" class=\"wp-block-cover__image-background wp-image-539 size-full\" alt=\"\" src=\"https:\/\/campingcabestan.com\/wp-content\/uploads\/2026\/01\/animation-concert-camping-cabestan.webp\" data-object-fit=\"cover\" srcset=\"https:\/\/campingcabestan.com\/wp-content\/uploads\/2026\/01\/animation-concert-camping-cabestan.webp 1200w, https:\/\/campingcabestan.com\/wp-content\/uploads\/2026\/01\/animation-concert-camping-cabestan-300x225.webp 300w, https:\/\/campingcabestan.com\/wp-content\/uploads\/2026\/01\/animation-concert-camping-cabestan-1024x768.webp 1024w, https:\/\/campingcabestan.com\/wp-content\/uploads\/2026\/01\/animation-concert-camping-cabestan-768x576.webp 768w, https:\/\/campingcabestan.com\/wp-content\/uploads\/2026\/01\/animation-concert-camping-cabestan-720x540.webp 720w, https:\/\/campingcabestan.com\/wp-content\/uploads\/2026\/01\/animation-concert-camping-cabestan-320x240.webp 320w, https:\/\/campingcabestan.com\/wp-content\/uploads\/2026\/01\/animation-concert-camping-cabestan-160x120.webp 160w\" sizes=\"(max-width: 1200px) 100vw, 1200px\" \/><span aria-hidden=\"true\" class=\"wp-block-cover__background has-real-black-background-color has-background-dim-20 has-background-dim\"><\/span><div class=\"wp-block-cover__inner-container has-global-padding is-layout-constrained wp-container-core-cover-is-layout-143ab919 wp-block-cover-is-layout-constrained\">\n<p class=\"has-text-align-center is-style-top-title has-real-white-color has-text-color has-link-color has-xxxxl-font-size wp-elements-c3b1e0245f90903ec4c22b5fb5e3efa3 is-style-top-title--3\">Ihre Abendunterhaltung<\/p>\n\n\n\n<h2 class=\"wp-block-heading has-text-align-center has-real-white-color has-text-color has-link-color wp-elements-03e086ff61920c6e143c2354a1ef994b\" style=\"margin-bottom:var(--wp--preset--spacing--xxl)\">in Bretignolles-sur-Mer<\/h2>\n\n\n\n<p class=\"has-text-align-center has-real-white-color has-text-color has-link-color wp-elements-200cba35f2d3e9056c90c050b8bb38d0\">Wenn die Nacht hereinbricht, erstrahlt unser Campingplatz mit Animationen in der Vend\u00e9e in tausend Lichtern, um Ihnen <strong>festliche und gesellige Abende<\/strong> zu bieten. <strong>Konzerte<\/strong>, <strong>Shows<\/strong>, <strong>Familienspiele<\/strong>&#8230; lassen Sie sich von der Magie unserer <strong>n\u00e4chtlichen Animationen<\/strong> mitrei\u00dfen!<\/p>\n\n\n\n<p class=\"has-text-align-center has-real-white-color has-text-color has-link-color wp-elements-1c2dd0b42fe2feb949eb2de060dd11fb\">Unsere <strong>Themenabende<\/strong> versprechen Ihnen unvergessliche Momente der Unterhaltung und des Austauschs, in denen Gro\u00df und Klein gemeinsam Spa\u00df haben und sich entspannen k\u00f6nnen. Ob Sie nun <strong>Musik<\/strong>, <strong>Tanz <\/strong>oder <strong>Spiele<\/strong> bevorzugen, unsere Auswahl an Abendaktivit\u00e4ten wird Ihnen bestimmt gefallen. <\/p>\n<\/div><\/div>\n<\/div>\n\n<div style=\"height:var(--wp--preset--spacing--xxxxxl)\" aria-hidden=\"true\" class=\"wp-block-spacer\"><\/div>\n\n<div class=\"wp-block-columns alignwide are-vertically-aligned-center hrz-responsive-col hrz-reponsive-order is-style-hrz-reponsive-order is-layout-flex wp-container-core-columns-is-layout-3f562962 wp-block-columns-is-layout-flex\" style=\"margin-top:0;margin-bottom:0;padding-top:0;padding-right:var(--wp--preset--spacing--xxl);padding-bottom:0;padding-left:var(--wp--preset--spacing--xxl)\">\n<div class=\"wp-block-column is-vertically-aligned-center is-layout-flow wp-block-column-is-layout-flow\" style=\"padding-top:0;padding-right:0;padding-bottom:0;padding-left:0\">\n<p class=\"is-style-top-title is-style-top-title--4\">Sportliche Einrichtungen<\/p>\n\n\n\n<h2 class=\"wp-block-heading\" style=\"margin-bottom:var(--wp--preset--spacing--xxl)\">f\u00fcr Gro\u00df und Klein<\/h2>\n\n\n\n<p>Wer den <strong>Nervenkitzel<\/strong> und die <strong>sportliche Herausforderung<\/strong> sucht, wird auf unserem Campingplatz f\u00fcndig. Vom Kinderspielplatz \u00fcber <strong>Sportpl\u00e4tze<\/strong> bis hin zu Wassergymnastikkursen gibt es immer eine Aktivit\u00e4t, bei der Sie sich austoben und Spa\u00df haben k\u00f6nnen. <\/p>\n\n\n\n<p>Unsere modernen und gut ausgestatteten <strong>Sportanlagen<\/strong> bieten Ihnen eine Vielzahl von Aktivit\u00e4ten im Freien, egal welches Niveau Sie haben. Egal ob Sie <strong>Fu\u00dfball<\/strong>, <strong>Volleyball<\/strong>, <strong>Basketball <\/strong>oder <strong>Schwimmen<\/strong> spielen, auf unserem Campingplatz finden Sie bestimmt etwas, das Ihnen Spa\u00df macht. <\/p>\n<\/div>\n\n\n\n<div class=\"wp-block-column is-vertically-aligned-center is-layout-flow wp-block-column-is-layout-flow\">\n<figure class=\"wp-block-image size-full\"><img alt=\"Personnes jouent au ping-pong en plein air.\" decoding=\"async\" width=\"960\" height=\"720\" src=\"https:\/\/campingcabestan.com\/wp-content\/uploads\/2026\/01\/8d19e240-bf30-454a-aba7-f94daf9e41a6.webp\" alt=\"\" class=\"wp-image-675\" style=\"aspect-ratio:3\/4;object-fit:cover\" srcset=\"https:\/\/campingcabestan.com\/wp-content\/uploads\/2026\/01\/8d19e240-bf30-454a-aba7-f94daf9e41a6.webp 960w, https:\/\/campingcabestan.com\/wp-content\/uploads\/2026\/01\/8d19e240-bf30-454a-aba7-f94daf9e41a6-300x225.webp 300w, https:\/\/campingcabestan.com\/wp-content\/uploads\/2026\/01\/8d19e240-bf30-454a-aba7-f94daf9e41a6-768x576.webp 768w, https:\/\/campingcabestan.com\/wp-content\/uploads\/2026\/01\/8d19e240-bf30-454a-aba7-f94daf9e41a6-720x540.webp 720w, https:\/\/campingcabestan.com\/wp-content\/uploads\/2026\/01\/8d19e240-bf30-454a-aba7-f94daf9e41a6-320x240.webp 320w, https:\/\/campingcabestan.com\/wp-content\/uploads\/2026\/01\/8d19e240-bf30-454a-aba7-f94daf9e41a6-160x120.webp 160w\" sizes=\"(max-width: 960px) 100vw, 960px\" \/><\/figure>\n<\/div>\n<\/div>\n\n<div style=\"height:var(--wp--preset--spacing--xxxxxl)\" aria-hidden=\"true\" class=\"wp-block-spacer\"><\/div>\n\n<p><\/p>\n","protected":false},"excerpt":{"rendered":"<p>Campingplatz mit Animationen in Br\u00e9tignolles-sur-Mer in der Vend\u00e9e Animationen f\u00fcr alle Tauchen Sie w\u00e4hrend Ihres Aufenthalts auf unserem Familiencampingplatz in Br\u00e9tignolles-sur-Mer in einen Strudel aus Animation und Unterhaltung ein. F\u00fcr die Gro\u00dfen und die Familien bietet unser Campingplatz ein abwechslungsreiches Animationsprogramm f\u00fcr Erwachsene und Familien, das alle W\u00fcnsche erf\u00fcllt. Mit Sportturnieren, Shows, Abendkonzerten und thematischen [&hellip;]<\/p>\n","protected":false},"featured_media":0,"parent":0,"menu_order":0,"comment_status":"closed","ping_status":"closed","template":"page-full-width","meta":{"_acf_changed":false,"_seopress_robots_primary_cat":"","_seopress_titles_title":"Campingplatz mit Animationen Br\u00e9tignolles-sur-Mer | Animationen f\u00fcr die ganze Familie","_seopress_titles_desc":"Verbringen Sie einen unvergesslichen Urlaub in Br\u00e9tignolles-sur-Mer auf dem Campingplatz Le Cabestan. Entspannung, Spa\u00df und Aktivit\u00e4ten f\u00fcr Gro\u00df und Klein in der Vend\u00e9e. ","_seopress_robots_index":"","footnotes":""},"class_list":["post-1910","page","type-page","status-publish","hentry"],"acf":[],"_links":{"self":[{"href":"https:\/\/campingcabestan.com\/de\/wp-json\/wp\/v2\/pages\/1910","targetHints":{"allow":["GET"]}}],"collection":[{"href":"https:\/\/campingcabestan.com\/de\/wp-json\/wp\/v2\/pages"}],"about":[{"href":"https:\/\/campingcabestan.com\/de\/wp-json\/wp\/v2\/types\/page"}],"author":[{"embeddable":true,"href":"https:\/\/campingcabestan.com\/de\/wp-json\/wp\/v2\/users\/1"}],"replies":[{"embeddable":true,"href":"https:\/\/campingcabestan.com\/de\/wp-json\/wp\/v2\/comments?post=1910"}],"version-history":[{"count":1,"href":"https:\/\/campingcabestan.com\/de\/wp-json\/wp\/v2\/pages\/1910\/revisions"}],"predecessor-version":[{"id":1911,"href":"https:\/\/campingcabestan.com\/de\/wp-json\/wp\/v2\/pages\/1910\/revisions\/1911"}],"wp:attachment":[{"href":"https:\/\/campingcabestan.com\/de\/wp-json\/wp\/v2\/media?parent=1910"}],"curies":[{"name":"wp","href":"https:\/\/api.w.org\/{rel}","templated":true}]}}