{"id":1870,"date":"2026-01-27T17:29:49","date_gmt":"2026-01-27T16:29:49","guid":{"rendered":"https:\/\/campingcabestan.com\/blog\/"},"modified":"2026-02-02T14:21:06","modified_gmt":"2026-02-02T13:21:06","slug":"blog","status":"publish","type":"page","link":"https:\/\/campingcabestan.com\/de\/blog\/","title":{"rendered":"Blog"},"content":{"rendered":"\n<div class=\"wp-block-group alignfull hero-lab has-global-padding is-layout-constrained wp-container-core-group-is-layout-812dcb84 wp-block-group-is-layout-constrained has-background\" style=\"padding-top:var(--wp--preset--spacing--xxxxxxl);padding-bottom:var(--wp--preset--spacing--xxxxxxl);background-image:url(&apos;https:\/\/campingcabestan.com\/wp-content\/uploads\/2026\/01\/vendee-1.webp&apos;);background-position:51% 89%;background-size:cover;\"><div class=\"aligncenter wp-block-site-logo\"><a href=\"https:\/\/campingcabestan.com\/de\/\" class=\"custom-logo-link\" rel=\"home\"><img decoding=\"async\" width=\"250\" height=\"174\" src=\"https:\/\/campingcabestan.com\/wp-content\/uploads\/2026\/01\/logo.png\" class=\"custom-logo\" alt=\"Logo de Cabestan Camping &amp; Locations\" \/><\/a><\/div>\n\n\n<h1 class=\"wp-block-heading has-text-align-center is-style-default has-white-color has-text-color has-link-color has-xxxxxl-font-size wp-elements-27df222dfe03d709d1889bc06dd94cfc\">Der Blog<\/h1>\n\n\n\n<p class=\"has-text-align-center is-style-top-title has-white-color has-text-color has-link-color has-xxxxxl-font-size wp-elements-c6d771ae014532821384880239e5ba85 is-style-top-title--1\" style=\"font-style:normal;font-weight:400\">des Campingplatzes Cabestan<\/p>\n<\/div>\n<div style=\"padding-left:var(--wp--preset--spacing--s);padding-top:var(--wp--preset--spacing--s);padding-bottom:var(--wp--preset--spacing--s);\" class=\"alignfull wp-elements-5cd3591c1ade14a972751d58f754b855 wp-block-wpseopress-breadcrumbs has-text-color has-primary-color\"><nav  aria-label=\"breadcrumb\"><ol class=\"breadcrumb\" itemscope itemtype=\"https:\/\/schema.org\/BreadcrumbList\"><li class=\"breadcrumb-item active\" aria-current=\"page\" itemprop=\"itemListElement\" itemscope itemtype=\"https:\/\/schema.org\/ListItem\"><span itemprop=\"name\">Campingplatz in Br\u00e9tignolles-sur-Mer<\/span><meta itemprop=\"position\" content=\"1\"><\/li><\/ol><\/nav><\/div>\n<div class=\"wp-block-group alignfull is-style-mrc-grp--light has-global-padding is-layout-constrained wp-container-core-group-is-layout-3a1a1b7a wp-block-group-is-layout-constrained\" style=\"padding-top:var(--wp--preset--spacing--xxl);padding-bottom:var(--wp--preset--spacing--xxl)\"><!-- Gridbuilder \u1d42\u1d3e Plugin (https:\/\/wpgridbuilder.com) -->\n<div class=\"wp-grid-builder wpgb-grid-1 plune-articles\" data-options=\"{&quot;id&quot;:1,&quot;type&quot;:&quot;masonry&quot;,&quot;source&quot;:&quot;post_type&quot;,&quot;loader&quot;:true,&quot;layout&quot;:&quot;vertical&quot;,&quot;reveal&quot;:1,&quot;isMainQuery&quot;:false,&quot;lazyLoad&quot;:true,&quot;cardSizes&quot;:{&quot;9999&quot;:{&quot;columns&quot;:3,&quot;height&quot;:240,&quot;gutter&quot;:28,&quot;ratio&quot;:&quot;1.33333&quot;},&quot;1200&quot;:{&quot;columns&quot;:2,&quot;height&quot;:240,&quot;gutter&quot;:28,&quot;ratio&quot;:&quot;1.33333&quot;},&quot;992&quot;:{&quot;columns&quot;:2,&quot;height&quot;:220,&quot;gutter&quot;:28,&quot;ratio&quot;:&quot;1.33333&quot;},&quot;768&quot;:{&quot;columns&quot;:1,&quot;height&quot;:220,&quot;gutter&quot;:28,&quot;ratio&quot;:&quot;1.33333&quot;},&quot;576&quot;:{&quot;columns&quot;:1,&quot;height&quot;:200,&quot;gutter&quot;:28,&quot;ratio&quot;:&quot;1.33333&quot;},&quot;320&quot;:{&quot;columns&quot;:1,&quot;height&quot;:200,&quot;gutter&quot;:28,&quot;ratio&quot;:&quot;1.33333&quot;}},&quot;fitRows&quot;:false,&quot;equalRows&quot;:0,&quot;equalColumns&quot;:false,&quot;fillLastRow&quot;:0,&quot;centerLastRow&quot;:0,&quot;horizontalOrder&quot;:true,&quot;fullWidth&quot;:false,&quot;transitionDelay&quot;:100,&quot;gallerySlideshow&quot;:false,&quot;rowsNumber&quot;:1,&quot;slideAlign&quot;:&quot;left&quot;,&quot;groupCells&quot;:1,&quot;draggable&quot;:true,&quot;initialIndex&quot;:0,&quot;contain&quot;:false,&quot;freeScroll&quot;:false,&quot;freeFriction&quot;:&quot;0.075&quot;,&quot;friction&quot;:&quot;0.285&quot;,&quot;attraction&quot;:&quot;0.025&quot;,&quot;autoPlay&quot;:0,&quot;pageDotAriaLabel&quot;:&quot;Page dot %d&quot;,&quot;isPreview&quot;:false,&quot;isGutenberg&quot;:false,&quot;rightToLeft&quot;:false}\"><div class=\"wpgb-svg-icons\" hidden>\n\t<svg viewBox=\"0 0 120 24\" width=\"0\" height=\"0\">\n\t<defs>\n        <polygon id=\"wpgb-star-svg\" points=\"12 2.5 15.1 8.8 22 9.8 17 14.6 18.2 21.5 12 18.3 5.8 21.5 7 14.6 2 9.8 8.9 8.8\"><\/polygon>\n    <\/defs>\n    <symbol id=\"wpgb-rating-stars-svg\">\n        <use xlink:href=\"#wpgb-star-svg\"><\/use>\n        <use xlink:href=\"#wpgb-star-svg\" x=\"24\"><\/use>\n        <use xlink:href=\"#wpgb-star-svg\" x=\"48\"><\/use>\n        <use xlink:href=\"#wpgb-star-svg\" x=\"72\"><\/use>\n        <use xlink:href=\"#wpgb-star-svg\" x=\"96\"><\/use>\n    <\/symbol>\n<\/svg>\n<\/div>\n<div class=\"wpgb-wrapper\">\n\t<div class=\"wpgb-main\">\n\t<div class=\"wpgb-area wpgb-area-top-2\">\n\t<div class=\"wpgb-facet wpgb-loading wpgb-facet-3\" data-facet=\"3\" data-grid=\"1\">\t<p class=\"wpgb-facet-title\">Trier par<\/p>\n\t\t<fieldset>\n\t\t<legend class=\"wpgb-facet-title wpgb-sr-only\">Trier par<\/legend>\n\t\t<div class=\"wpgb-sort-facet\"><label><span class=\"wpgb-sr-only\">Trier par<\/span><select class=\"wpgb-sort wpgb-select wpgb-combobox\" name=\"sort\"><option value=\"\" selected='selected'>Aucun<\/option><option value=\"date_desc\">Plus r\u00e9cent<\/option><option value=\"date_asc\">Plus ancien<\/option><option value=\"title_asc\">Par titre (A-Z)<\/option><option value=\"title_desc\">Par titre (Z-A)<\/option><\/select><span class=\"wpgb-select-controls\"><span class=\"wpgb-select-separator\"><\/span><svg class=\"wpgb-select-toggle\" viewBox=\"0 0 24 24\" height=\"24\" width=\"24\" aria-hidden=\"true\" focusable=\"false\"><path d=\"m12 14.536-.045.043.045-.043-5.3-5.114 5.3 5.114 5.3-5.114-5.3 5.114.045.043Z\"\/><\/svg><\/span><\/label><\/div>\t<\/fieldset>\n\t<\/div><div class=\"wpgb-facet wpgb-loading wpgb-facet-2\" data-facet=\"2\" data-grid=\"1\">\t<p class=\"wpgb-facet-title\">Rechercher<\/p>\n\t\t<fieldset>\n\t\t<legend class=\"wpgb-facet-title wpgb-sr-only\">Rechercher<\/legend>\n\t\t<div class=\"wpgb-search-facet\"><label>\n\t\t\t\t<span class=\"wpgb-sr-only\">Rechercher<\/span>\n\t\t\t\t<input class=\"wpgb-input\" type=\"search\" name=\"search_test\" placeholder=\"Type to search\" value=\"\" autocomplete=\"off\">\n\t\t\t\t<svg class=\"wpgb-input-icon\" viewBox=\"0 0 24 24\" height=\"16\" width=\"16\" aria-hidden=\"true\" focusable=\"false\"><path d=\"M17.5 17.5 23 23Zm-16-7a9 9 0 1 1 9 9 9 9 0 0 1-9-9Z\"\/><\/svg>\n\t\t\t<\/label><button type=\"button\" class=\"wpgb-clear-button\" hidden><span class=\"wpgb-sr-only\">Clear<\/span><svg viewBox=\"0 0 24 24\" height=\"24\" width=\"24\" aria-hidden=\"true\" focusable=\"false\"><path d=\"m12 12-4.25 4.75L12.001 12 7.75 7.25 12.001 12l4.249-4.75L12 12l4.25 4.75Z\"\/><\/svg><\/button><\/div>\t<\/fieldset>\n\t<\/div><div class=\"wpgb-facet wpgb-loading wpgb-facet-12\" data-facet=\"12\" data-grid=\"1\">\t<p class=\"wpgb-facet-title\">Cat\u00e9gories<\/p>\n\t\t<fieldset>\n\t\t<legend class=\"wpgb-facet-title wpgb-sr-only\">Cat\u00e9gories<\/legend>\n\t\t<div class=\"wpgb-select-facet\"><label><span class=\"wpgb-sr-only\">Cat\u00e9gories<\/span><select class=\"wpgb-select\" name=\"plune_categories_articles\"><option value=\"\">Aucun<\/option><option value=\"nicht-kategorisiert\">Nicht kategorisiert&nbsp;(3)<\/option><\/select><span class=\"wpgb-select-controls\"><span class=\"wpgb-select-separator\"><\/span><svg class=\"wpgb-select-toggle\" viewBox=\"0 0 24 24\" height=\"24\" width=\"24\" aria-hidden=\"true\" focusable=\"false\"><path d=\"m12 14.536-.045.043.045-.043-5.3-5.114 5.3 5.114 5.3-5.114-5.3 5.114.045.043Z\"\/><\/svg><\/span><\/label><\/div>\t<\/fieldset>\n\t<\/div><\/div>\n<div class=\"wpgb-layout\">\n\t<div class=\"wpgb-viewport\">\n\t\t<div class=\"wpgb-masonry\">\n\t\t\t<div class=\"wpgb-card wpgb-card-23 wpgb-post-1886 wpgb-card-hidden\" data-col=\"1\" data-row=\"1\" data-format=\"standard\"><div class=\"wpgb-card-wrapper\"><div class=\"wpgb-card-inner\" data-action><div class=\"wpgb-card-media wpgb-scheme-light\"><svg data-ratio style=\"padding-top:66.67%\" viewBox=\"0 0 768 512\"><\/svg><div class=\"wpgb-card-media-thumbnail\"><a href=\"https:\/\/campingcabestan.com\/wp-content\/uploads\/2026\/01\/famille-mobil-home.webp\" tabindex=\"-1\" class=\"wpgb-handle-lb wpgb-lightbox\" data-type=\"image\" data-rel=\"1\" data-title=\"Familie-Mobilheim\" title=\"Enlarge photo\"><div class=\"wpgb-lazy-load wpgb-lazy-spinner\" data-wpgb-thumb=\"\" data-wpgb-src=\"https:\/\/campingcabestan.com\/wp-content\/uploads\/2026\/01\/famille-mobil-home-768x512.webp\"><\/div><noscript><img decoding=\"async\" class=\"wpgb-noscript-img\" src=\"https:\/\/campingcabestan.com\/wp-content\/uploads\/2026\/01\/famille-mobil-home-768x512.webp\" alt=\"L\u00e4chelnde Familie aus dem Fenster des Hauses.\" height=\"512\" width=\"768\"><\/noscript><\/a><\/div><\/div><div class=\"wpgb-card-content wpgb-scheme-dark\"><div class=\"wpgb-card-body\"><h3 class=\"wpgb-block-2\"><a href=\"https:\/\/campingcabestan.com\/de\/familien-campingplatz-last-minute-vendee\/\">Familien-Campingplatz Last Minute Vend\u00e9e<\/a><\/h3><p class=\"wpgb-block-3\">Last-Minute Familiencampingplatz in Br\u00e9tignolles-sur-Mer Fahren Sie sofort in die Vend\u00e9e Die \u00c4nderung unserer t\u00e4glichen Gewohnheiten ist nicht immer einfach und jeder wei\u00df das. Dennoch bietet der Urlaub die M\u00f6glichkeit, gesellige Momente mit Familie und Freunden&#8230;<\/p><\/div><div class=\"wpgb-card-footer\"><a class=\"wpgb-block-1\" href=\"https:\/\/campingcabestan.com\/de\/familien-campingplatz-last-minute-vendee\/\">En savoir plus<\/a><\/div><\/div><a class=\"wpgb-card-layer-link\" href=\"https:\/\/campingcabestan.com\/de\/familien-campingplatz-last-minute-vendee\/\"><\/a><\/div><\/div><\/div><div class=\"wpgb-card wpgb-card-23 wpgb-post-1864 wpgb-card-hidden\" data-col=\"1\" data-row=\"1\" data-format=\"standard\"><div class=\"wpgb-card-wrapper\"><div class=\"wpgb-card-inner\" data-action><div class=\"wpgb-card-media wpgb-scheme-light\"><svg data-ratio style=\"padding-top:66.67%\" viewBox=\"0 0 768 512\"><\/svg><div class=\"wpgb-card-media-thumbnail\"><a href=\"https:\/\/campingcabestan.com\/wp-content\/uploads\/2026\/01\/plage-vendee-scaled.webp\" tabindex=\"-1\" class=\"wpgb-handle-lb wpgb-lightbox\" data-type=\"image\" data-rel=\"1\" data-title=\"Strand-Vendee\" title=\"Enlarge photo\"><div class=\"wpgb-lazy-load wpgb-lazy-spinner\" data-wpgb-thumb=\"\" data-wpgb-src=\"https:\/\/campingcabestan.com\/wp-content\/uploads\/2026\/01\/plage-vendee-768x512.webp\"><\/div><noscript><img decoding=\"async\" class=\"wpgb-noscript-img\" src=\"https:\/\/campingcabestan.com\/wp-content\/uploads\/2026\/01\/plage-vendee-768x512.webp\" alt=\"Weinpfad zwischen Sandd\u00fcnen und Ozean.\" height=\"512\" width=\"768\"><\/noscript><\/a><\/div><\/div><div class=\"wpgb-card-content wpgb-scheme-dark\"><div class=\"wpgb-card-body\"><h3 class=\"wpgb-block-2\"><a href=\"https:\/\/campingcabestan.com\/de\/top-10-der-schoensten-straende-der-vendee\/\">Top 10 der sch\u00f6nsten Str\u00e4nde der Vend\u00e9e<\/a><\/h3><p class=\"wpgb-block-3\">Top 10 der sch\u00f6nsten Str\u00e4nde der Vend\u00e9e Entdecken Sie die Str\u00e4nde der Vend\u00e9e Wer sagt, dass Sie den Strand und das Meer nur w\u00e4hrend der Sommerferien genie\u00dfen k\u00f6nnen? Entdecken Sie die wundersch\u00f6nen Str\u00e4nde der Vend\u00e9e&#8230;<\/p><\/div><div class=\"wpgb-card-footer\"><a class=\"wpgb-block-1\" href=\"https:\/\/campingcabestan.com\/de\/top-10-der-schoensten-straende-der-vendee\/\">En savoir plus<\/a><\/div><\/div><a class=\"wpgb-card-layer-link\" href=\"https:\/\/campingcabestan.com\/de\/top-10-der-schoensten-straende-der-vendee\/\"><\/a><\/div><\/div><\/div><div class=\"wpgb-card wpgb-card-23 wpgb-post-1902 wpgb-card-hidden\" data-col=\"1\" data-row=\"1\" data-format=\"standard\"><div class=\"wpgb-card-wrapper\"><div class=\"wpgb-card-inner\" data-action><div class=\"wpgb-card-content wpgb-scheme-dark\"><div class=\"wpgb-card-body\"><h3 class=\"wpgb-block-2\"><a href=\"https:\/\/campingcabestan.com\/de\/neue-website\/\">Neue Website<\/a><\/h3><p class=\"wpgb-block-3\">Neue Website des Campingplatzes Cabestan Eine benutzerfreundliche Plattform f\u00fcr eine optimierte Benutzererfahrung Wir freuen uns, Ihnen mitteilen zu k\u00f6nnen, dass die neue Website von Camping Cabestan in Br\u00e9tignolles-sur-Mer online ist . Unsere Website wurde mit&#8230;<\/p><\/div><div class=\"wpgb-card-footer\"><a class=\"wpgb-block-1\" href=\"https:\/\/campingcabestan.com\/de\/neue-website\/\">En savoir plus<\/a><\/div><\/div><a class=\"wpgb-card-layer-link\" href=\"https:\/\/campingcabestan.com\/de\/neue-website\/\"><\/a><\/div><\/div><\/div>\t\t<\/div>\n\t<\/div>\n\t<div class=\"wpgb-loader\">\n\t<div class=\"wpgb-loader-17\">\n\t\t<div><div><\/div><div><\/div><\/div>\t<\/div>\n<\/div>\n<\/div>\n\t<\/div>\n\t\t<\/div>\n<\/div>\n<\/div>\n","protected":false},"excerpt":{"rendered":"<p>Der Blog des Campingplatzes Cabestan<\/p>\n","protected":false},"featured_media":0,"parent":0,"menu_order":0,"comment_status":"closed","ping_status":"closed","template":"page-full-width","meta":{"_acf_changed":false,"_seopress_robots_primary_cat":"","_seopress_titles_title":"Aktuelles vom Campingplatz in Bretignolles-sur-Mer in der Vend\u00e9e","_seopress_titles_desc":"Neuigkeiten vom Campingplatz in Bretignolles-sur-Mer in der Vend\u00e9e. Bleiben Sie auf dem Laufenden \u00fcber die neuesten Nachrichten und Veranstaltungen rund um den Campingplatz Le Cabestan. ","_seopress_robots_index":"","footnotes":""},"class_list":["post-1870","page","type-page","status-publish","hentry"],"acf":[],"_links":{"self":[{"href":"https:\/\/campingcabestan.com\/de\/wp-json\/wp\/v2\/pages\/1870","targetHints":{"allow":["GET"]}}],"collection":[{"href":"https:\/\/campingcabestan.com\/de\/wp-json\/wp\/v2\/pages"}],"about":[{"href":"https:\/\/campingcabestan.com\/de\/wp-json\/wp\/v2\/types\/page"}],"author":[{"embeddable":true,"href":"https:\/\/campingcabestan.com\/de\/wp-json\/wp\/v2\/users\/1"}],"replies":[{"embeddable":true,"href":"https:\/\/campingcabestan.com\/de\/wp-json\/wp\/v2\/comments?post=1870"}],"version-history":[{"count":1,"href":"https:\/\/campingcabestan.com\/de\/wp-json\/wp\/v2\/pages\/1870\/revisions"}],"predecessor-version":[{"id":1871,"href":"https:\/\/campingcabestan.com\/de\/wp-json\/wp\/v2\/pages\/1870\/revisions\/1871"}],"wp:attachment":[{"href":"https:\/\/campingcabestan.com\/de\/wp-json\/wp\/v2\/media?parent=1870"}],"curies":[{"name":"wp","href":"https:\/\/api.w.org\/{rel}","templated":true}]}}