{"id":1811,"date":"2026-01-28T13:58:47","date_gmt":"2026-01-28T12:58:47","guid":{"rendered":"https:\/\/campingcabestan.com\/plaetze\/"},"modified":"2026-02-02T16:43:19","modified_gmt":"2026-02-02T15:43:19","slug":"plaetze","status":"publish","type":"page","link":"https:\/\/campingcabestan.com\/de\/plaetze\/","title":{"rendered":"Pl\u00e4tze"},"content":{"rendered":"\n<div class=\"wp-block-group alignfull hero-lab has-global-padding is-layout-constrained wp-container-core-group-is-layout-812dcb84 wp-block-group-is-layout-constrained has-background\" style=\"padding-top:var(--wp--preset--spacing--xxxxxxl);padding-bottom:var(--wp--preset--spacing--xxxxxxl);background-image:url(&apos;https:\/\/campingcabestan.com\/wp-content\/uploads\/2026\/01\/491402346_1281781030615936_3710828285109428406_n.webp&apos;);background-position:50% 84%;background-size:cover;\"><div class=\"aligncenter wp-block-site-logo\"><a href=\"https:\/\/campingcabestan.com\/de\/\" class=\"custom-logo-link\" rel=\"home\"><img decoding=\"async\" width=\"250\" height=\"174\" src=\"https:\/\/campingcabestan.com\/wp-content\/uploads\/2026\/01\/logo.png\" class=\"custom-logo\" alt=\"Logo de Cabestan Camping &amp; Locations\" \/><\/a><\/div>\n\n\n<h1 class=\"wp-block-heading has-text-align-center is-style-default has-white-color has-text-color has-link-color has-xxxxxl-font-size wp-elements-6f5aa7695203cc0599fd87c3778833cf\">Mieten Sie einen Camping-Stellplatz in Br\u00e9tignolles-sur-Mer<\/h1>\n\n\n\n<p class=\"has-text-align-center is-style-top-title has-white-color has-text-color has-link-color has-xxxxxl-font-size wp-elements-51988e0b41eea6a9221d19f2c57b8df6 is-style-top-title--1\" style=\"font-style:normal;font-weight:400\">in der Vend\u00e9e<\/p>\n<\/div>\n\n\n<div style=\"padding-left:var(--wp--preset--spacing--s);padding-top:var(--wp--preset--spacing--s);padding-bottom:var(--wp--preset--spacing--s);\" class=\"alignfull wp-elements-5cd3591c1ade14a972751d58f754b855 wp-block-wpseopress-breadcrumbs has-text-color has-primary-color\"><nav  aria-label=\"breadcrumb\"><ol class=\"breadcrumb\" itemscope itemtype=\"https:\/\/schema.org\/BreadcrumbList\"><li class=\"breadcrumb-item active\" aria-current=\"page\" itemprop=\"itemListElement\" itemscope itemtype=\"https:\/\/schema.org\/ListItem\"><span itemprop=\"name\">Campingplatz in Br\u00e9tignolles-sur-Mer<\/span><meta itemprop=\"position\" content=\"1\"><\/li><\/ol><\/nav><\/div>\n\n\n<div style=\"height:var(--wp--preset--spacing--xxxxxl)\" aria-hidden=\"true\" class=\"wp-block-spacer\"><\/div>\n\n\n\n<h2 class=\"wp-block-heading\">Camping in der Vend\u00e9e<\/h2>\n\n\n\n<p><\/p>\n\n\n\n<p>F\u00fcr Liebhaber des <strong>traditionellen<\/strong> <strong>Campings<\/strong> k\u00f6nnen Sie einen <strong>ger\u00e4umigen<\/strong> <strong>und<\/strong> <strong>gr\u00fcnen<\/strong> <strong>Stellplatz<\/strong> auf unserem Campingplatz mieten. <strong><a href=\"https:\/\/campingcabestan.com\/de\/\" data-type=\"page\" data-id=\"4\">Campingplatz in Br\u00e9tignolles-sur-Mer.<\/a><\/strong>.<\/p>\n\n\n\n<div style=\"height:30px\" aria-hidden=\"true\" class=\"wp-block-spacer\"><\/div>\n\n\n\n<div style=\"height:var(--wp--preset--spacing--xxxxxl)\" aria-hidden=\"true\" class=\"wp-block-spacer\"><\/div>\n\n\n\n<div class=\"wp-block-group alignfull is-layout-flow wp-block-group-is-layout-flow\" style=\"padding-right:var(--wp--preset--spacing--xs);padding-left:var(--wp--preset--spacing--xs)\">\n\t<div class=\"alignfull swiper-hebergement-static has-global-padding is-layout-constrained wp-container-horizon-blocks-query-camping-rest-static-is-layout-0faa5006 wp-block-horizon-blocks-query-camping-rest-static-is-layout-constrained\">\n\t\t<ul class=\"static-hebergement-listing swiper-wrapper\">\n\t\t\t<style>:root { \n\t\t\t\t--static-query-color: #FFFFFF;\n\t\t\t\t--available-text-content-color: #8CC882;\n\t\t\t\t--available-btn-bg-color: #D1B891;\n\t\t\t\t--available-btn-text-color: #FFFCF8;\n\t\t\t\t--available-btn-bg-hover-color: #35AECB;\n\t\t\t\t--available-btn-text-hover-color: #FFFCF8;}\n\t\t\t<\/style>\n\t\t\t\t<li class=\"swiper-slide\">\n\t\t\t\t\t<div class=\"wp-block-group card-product-hebergement card-gamme\">\n\n\t\t\t\t\t\t<div class=\"wp-block-group card-product-hebergement-product-thumbnail\">\n\t\t\t\t\t\t\t<div class=\"wp-block-group\">\n\t\t\t\t\t\t\t\t<a href=\"https:\/\/campingcabestan.com\/de\/hebergements\/nackter-zeltplatz-mit-strom\/\" title=\"NACKTER ZELTPLATZ MIT STROM\">\n\t\t\t\t\t\t\t\t\t<figure class=\"wp-block-image alignfull size-large\" style=\"margin:0;\">\n\t\t\t\t\t\t\t\t\t\t<img decoding=\"async\" src=\"https:\/\/campingcabestan.com\/wp-content\/uploads\/2026\/01\/IMG_20200423_135441_1_BURST001_COVER-1024x768.webp\" alt=\"NACKTER ZELTPLATZ MIT STROM\" \/>\n\t\t\t\t\t\t\t\t\t<\/figure>\n\t\t\t\t\t\t\t\t<\/a>\n\t\t\t\t\t\t\t<\/div>\n\n\t\t\t\t\t\t\t<div class=\"wp-block-group bloc-thumbnail-informations\">\n\n\t\t\t\t\t\t\t\t\t\t\t\t\t\t\t\t\t\t\t\t\t\t\t\t\t\t\t<div class=\"wp-block-group bloc-thumbnail-information\">\n\t\t\t\t\t\t\t\t\t\t\t<i class=\"fa-sharp fa-solid fa-family\"><\/i>\t\t\t\t\t\t\t\t\t\t\t<p class=\"label\">6 pers.<\/p>\n\t\t\t\t\t\t\t\t\t\t<\/div>\n\t\t\t\t\t\t\t\t\t\t\t\t\t\t\t\t\t\t\t<div class=\"wp-block-group bloc-thumbnail-information\">\n\t\t\t\t\t\t\t\t\t\t\t<i class=\"fa-solid fa-angle-90\"><\/i>\t\t\t\t\t\t\t\t\t\t\t<p class=\"label\">80&gt;100   m\u00b2<\/p>\n\t\t\t\t\t\t\t\t\t\t<\/div>\n\t\t\t\t\t\t\t\t\t\n\t\t\t\t\t\t\t\t\n\t\t\t\t\t\t\t<\/div>\n\t\t\t\t\t\t<\/div>\n\n\t\t\t\t\t\t<div class=\"wp-block-group card-product-hebergement-product-content\">\n\t\t\t\t\t\t\t<p class=\"bloc-content-name-gamme\">Standort<\/p>\n\n\t\t\t\t\t\t\t<h3 class=\"bloc-content-name-product\">NACKTER ZELTPLATZ MIT STROM<\/h3>\n\n\t\t\t\t\t\t\t<div class=\"card-price\">\n\t\t\t\t\t\t\t\t<div class=\"loader\"><span class=\"dot\"><\/span><span class=\"dot\"><\/span><span class=\"dot\"><\/span><\/div>\n\n\t\t\t\t\t\t\t\t<div class=\"booking_default\">\n\t\t\t\t\t\t\t\t\t<div class=\"wp-block-group card-product-hebergement-product-price\">\n\n\t\t\t\t\t\t\t\t\t\t\n\n\n\t\t\t\t\t\t\t\t\t\t<div class=\"wp-block-buttons alignfull\">\n\t\t\t\t\t\t\t\t\t\t\t<div class=\"bloc-price-button-book\"><a href=\"https:\/\/campingcabestan.com\/de\/hebergements\/nackter-zeltplatz-mit-strom\/\" class=\"wp-block-button__link wp-element-button\">Buchen<\/a><\/div>\n\t\t\t\t\t\t\t\t\t\t<\/div>\n\t\t\t\t\t\t\t\t\t<\/div>\n\t\t\t\t\t\t\t\t<\/div>\n\t\t\t\t\t\t\t<\/div>\n\t\t\t\t\t\t<\/div>\n\t\t\t\t\t<\/div>\n\t\t\t\t<\/li>\n\n\n\t\t\t\n\t\t\t\t<li class=\"swiper-slide\">\n\t\t\t\t\t<div class=\"wp-block-group card-product-hebergement card-gamme\">\n\n\t\t\t\t\t\t<div class=\"wp-block-group card-product-hebergement-product-thumbnail\">\n\t\t\t\t\t\t\t<div class=\"wp-block-group\">\n\t\t\t\t\t\t\t\t<a href=\"https:\/\/campingcabestan.com\/de\/hebergements\/nackter-stellplatz-mit-strom\/\" title=\"NACKTER STELLPLATZ MIT STROM\">\n\t\t\t\t\t\t\t\t\t<figure class=\"wp-block-image alignfull size-large\" style=\"margin:0;\">\n\t\t\t\t\t\t\t\t\t\t<img decoding=\"async\" src=\"https:\/\/campingcabestan.com\/wp-content\/uploads\/2026\/01\/IMG_20200423_135556-1024x768.webp\" alt=\"NACKTER STELLPLATZ MIT STROM\" \/>\n\t\t\t\t\t\t\t\t\t<\/figure>\n\t\t\t\t\t\t\t\t<\/a>\n\t\t\t\t\t\t\t<\/div>\n\n\t\t\t\t\t\t\t<div class=\"wp-block-group bloc-thumbnail-informations\">\n\n\t\t\t\t\t\t\t\t\t\t\t\t\t\t\t\t\t\t\t\t\t\t\t\t\t\t\t<div class=\"wp-block-group bloc-thumbnail-information\">\n\t\t\t\t\t\t\t\t\t\t\t<i class=\"fa-sharp fa-solid fa-family\"><\/i>\t\t\t\t\t\t\t\t\t\t\t<p class=\"label\">6 pers.<\/p>\n\t\t\t\t\t\t\t\t\t\t<\/div>\n\t\t\t\t\t\t\t\t\t\t\t\t\t\t\t\t\t\t\t<div class=\"wp-block-group bloc-thumbnail-information\">\n\t\t\t\t\t\t\t\t\t\t\t<i class=\"fa-solid fa-angle-90\"><\/i>\t\t\t\t\t\t\t\t\t\t\t<p class=\"label\">80&gt;100   m\u00b2<\/p>\n\t\t\t\t\t\t\t\t\t\t<\/div>\n\t\t\t\t\t\t\t\t\t\n\t\t\t\t\t\t\t\t\n\t\t\t\t\t\t\t<\/div>\n\t\t\t\t\t\t<\/div>\n\n\t\t\t\t\t\t<div class=\"wp-block-group card-product-hebergement-product-content\">\n\t\t\t\t\t\t\t<p class=\"bloc-content-name-gamme\">Standort<\/p>\n\n\t\t\t\t\t\t\t<h3 class=\"bloc-content-name-product\">NACKTER STELLPLATZ MIT STROM<\/h3>\n\n\t\t\t\t\t\t\t<div class=\"card-price\">\n\t\t\t\t\t\t\t\t<div class=\"loader\"><span class=\"dot\"><\/span><span class=\"dot\"><\/span><span class=\"dot\"><\/span><\/div>\n\n\t\t\t\t\t\t\t\t<div class=\"booking_default\">\n\t\t\t\t\t\t\t\t\t<div class=\"wp-block-group card-product-hebergement-product-price\">\n\n\t\t\t\t\t\t\t\t\t\t\n\n\n\t\t\t\t\t\t\t\t\t\t<div class=\"wp-block-buttons alignfull\">\n\t\t\t\t\t\t\t\t\t\t\t<div class=\"bloc-price-button-book\"><a href=\"https:\/\/campingcabestan.com\/de\/hebergements\/nackter-stellplatz-mit-strom\/\" class=\"wp-block-button__link wp-element-button\">Buchen<\/a><\/div>\n\t\t\t\t\t\t\t\t\t\t<\/div>\n\t\t\t\t\t\t\t\t\t<\/div>\n\t\t\t\t\t\t\t\t<\/div>\n\t\t\t\t\t\t\t<\/div>\n\t\t\t\t\t\t<\/div>\n\t\t\t\t\t<\/div>\n\t\t\t\t<\/li>\n\n\n\t\t\t\t\t<\/ul>\n\n\t<\/div>\n\n<\/div>\n\n\n\n<div style=\"height:var(--wp--preset--spacing--xxl)\" aria-hidden=\"true\" class=\"wp-block-spacer\"><\/div>\n\n\n\n<h2 class=\"wp-block-heading\">Ihr Aufenthalt auf einem Stellplatz in Bretignolles-sur-Mer<\/h2>\n\n\n\n<div style=\"height:25px\" aria-hidden=\"true\" class=\"wp-block-spacer\"><\/div>\n\n\n\n<p>Genie\u00dfen Sie die Ruhe und die Natur, indem Sie einen der Stellpl\u00e4tze auf unserem Campingplatz in Bretignolles-sur-Mer mieten. Stellen Sie mit Freunden oder der Familie Ihr Zelt oder Ihren Wohnwagen auf und leben Sie im beruhigenden Rhythmus des Lebens unter freiem Himmel. <\/p>\n\n\n\n<p>Die Miete eines Stellplatzes in der Vend\u00e9e auf unserem <a href=\"https:\/\/campingcabestan.com\/\">Campingplatz Cabestan<\/a> garantiert Ihnen Komfort und Ger\u00e4umigkeit:<\/p>\n\n\n\n<p>Stellplatz von mindestens 100m\u00b2 und durch Vegetation von den anderen isoliert<br>-Stromplatz mit 16A Stromst\u00e4rke<br>-Naturn\u00e4he<br>-Saubere Sanit\u00e4ranlagen in der N\u00e4he<\/p>\n\n\n\n<p>Unsere schattigen und gut gepflegten Caravaning- oder Zeltpl\u00e4tze bieten Ihnen eine idyllische Umgebung f\u00fcr einen naturnahen Urlaub. Mit ihrer gro\u00dfen Fl\u00e4che und ihrer strategischen Lage sind sie ideal, um Ihr Zelt, Ihren Wohnwagen oder Ihr Wohnmobil in aller Ruhe aufzustellen. <\/p>\n\n\n\n<p><\/p>\n\n\n\n<h2 class=\"wp-block-heading\">Sanit\u00e4ranlagen in der N\u00e4he Ihres Stellplatzes  <\/h2>\n\n\n\n<p>Warme Duschen, WCs, Waschbecken&#8230; alles ist vorhanden, damit Ihr Aufenthalt zu einem Synonym f\u00fcr Wohlbefinden und Entspannung wird.<\/p>\n\n\n\n<p>Unsere hochwertigen Sanit\u00e4ranlagen, die zweimal t\u00e4glich gereinigt und desinfiziert werden, garantieren Ihnen einwandfreie hygienische Bedingungen w\u00e4hrend Ihres gesamten Aufenthalts. Mit ihrer funktionellen Ausstattung und praktischen Einrichtung sind sie f\u00fcr Ihren Komfort und Ihr Wohlbefinden w\u00e4hrend Ihres Campingurlaubs unerl\u00e4sslich. <\/p>\n\n\n\n<p>Ein beruhigender, komfortabler und erholsamer Campingurlaub erwartet Sie auf unserem Campingplatz in der Vend\u00e9e!<\/p>\n\n\n\n<div style=\"height:var(--wp--preset--spacing--xxxxxl)\" aria-hidden=\"true\" class=\"wp-block-spacer\"><\/div>\n","protected":false},"excerpt":{"rendered":"<p>Mieten Sie einen Camping-Stellplatz in Br\u00e9tignolles-sur-Mer in der Vend\u00e9e Camping in der Vend\u00e9e F\u00fcr Liebhaber des traditionellen Campings k\u00f6nnen Sie einen ger\u00e4umigen und gr\u00fcnen Stellplatz auf unserem Campingplatz mieten. Campingplatz in Br\u00e9tignolles-sur-Mer.. Ihr Aufenthalt auf einem Stellplatz in Bretignolles-sur-Mer Genie\u00dfen Sie die Ruhe und die Natur, indem Sie einen der Stellpl\u00e4tze auf unserem Campingplatz in [&hellip;]<\/p>\n","protected":false},"featured_media":0,"parent":0,"menu_order":0,"comment_status":"closed","ping_status":"closed","template":"page-full-width","meta":{"_acf_changed":false,"_seopress_robots_primary_cat":"","_seopress_titles_title":"Campingstellplatz in Bretignolles-sur-Mer f\u00fcr Zelte und Wohnwagen","_seopress_titles_desc":"Buchen Sie Ihren Stellplatz f\u00fcr Zelt, Wohnwagen oder Wohnmobil in Bretignolles-sur-Mer f\u00fcr Ihren Urlaub in der Vend\u00e9e. Erleben Sie das Abenteuer!","_seopress_robots_index":"","footnotes":""},"class_list":["post-1811","page","type-page","status-publish","hentry"],"acf":[],"_links":{"self":[{"href":"https:\/\/campingcabestan.com\/de\/wp-json\/wp\/v2\/pages\/1811","targetHints":{"allow":["GET"]}}],"collection":[{"href":"https:\/\/campingcabestan.com\/de\/wp-json\/wp\/v2\/pages"}],"about":[{"href":"https:\/\/campingcabestan.com\/de\/wp-json\/wp\/v2\/types\/page"}],"author":[{"embeddable":true,"href":"https:\/\/campingcabestan.com\/de\/wp-json\/wp\/v2\/users\/1"}],"replies":[{"embeddable":true,"href":"https:\/\/campingcabestan.com\/de\/wp-json\/wp\/v2\/comments?post=1811"}],"version-history":[{"count":2,"href":"https:\/\/campingcabestan.com\/de\/wp-json\/wp\/v2\/pages\/1811\/revisions"}],"predecessor-version":[{"id":2231,"href":"https:\/\/campingcabestan.com\/de\/wp-json\/wp\/v2\/pages\/1811\/revisions\/2231"}],"wp:attachment":[{"href":"https:\/\/campingcabestan.com\/de\/wp-json\/wp\/v2\/media?parent=1811"}],"curies":[{"name":"wp","href":"https:\/\/api.w.org\/{rel}","templated":true}]}}